{"id":47206,"date":"2025-12-06T05:29:43","date_gmt":"2025-12-06T05:29:43","guid":{"rendered":"https:\/\/b2b.depodanmusteriye.com\/urun\/boncuklu-bile-detayli-kazak-vizon-beden-standart\/"},"modified":"2025-12-06T05:29:43","modified_gmt":"2025-12-06T05:29:43","slug":"boncuklu-bile-detayli-kazak-vizon-beden-standart","status":"publish","type":"product","link":"https:\/\/depodanmusteriye.com\/urunler\/urun\/boncuklu-bile-detayli-kazak-vizon-beden-standart\/","title":{"rendered":"Boncuklu Bile Detayl\u0131 Kazak Vizon (Beden: Standart)"},"content":{"rendered":"<h4>\n<p> Boncuklu bile detayl\u0131 kazak vizon (Beden: STANDART) <\/p>\n<div>\n<p>\u015e\u0131kl\u0131\u011f\u0131 ve rahatl\u0131\u011f\u0131 bir arada sunan Boncuklu Bile Detayl\u0131 Kazak Bej, son moda tasar\u0131m\u0131yla g\u00f6z kama\u015ft\u0131r\u0131yor.<\/p>\n<p>\u0130nce, yumu\u015fak dokulu kuma\u015f\u0131 sayesinde g\u00fcn boyu \u00fczerinizde rahatl\u0131kla ta\u015f\u0131yabilirsiniz.<\/p>\n<p>Boncuk detaylar\u0131yla hareketlendirilen kol u\u00e7lar\u0131, klasik kazak tasar\u0131m\u0131na modern bir dokunu\u015f kat\u0131yor.<\/p>\n<p>Bej rengi, her kombinle m\u00fckemmel uyum sa\u011flayarak \u015f\u0131kl\u0131\u011f\u0131n\u0131z\u0131 tamaml\u0131yor.<\/p>\n<p>Yaka k\u0131sm\u0131ndaki detayl\u0131 i\u015f\u00e7ilik, zarif ve \u015f\u0131k bir g\u00f6r\u00fcn\u00fcm sunuyor.<\/p>\n<p>Birbirinden farkl\u0131 stillerde kullanabilece\u011finiz bu kazakla \u015f\u0131kl\u0131\u011f\u0131 yakalamak art\u0131k \u00e7ok kolay!<\/p>\n<\/div>\n<p><b>\u00dcretici Markas\u0131 : ZENGEZUR MALL<\/b><\/p>\n<p><b>\u00dcretici Kodu : ZNGZRMLL090078677645469<\/b><\/p>\n<p><b>1 ADET F\u0130YATIDIR<\/b><\/p>\n<p><b><\/p>\n<p>            Sa\u011fl\u0131k ve hijyen a\u00e7\u0131s\u0131ndan iadeye uygun olmayan \u00fcr\u00fcnlerdir. <\/b><\/p>\n<\/h4>\n<p><\/p>\n","protected":false},"excerpt":{"rendered":"<p>Boncuklu Bile Detayl\u0131 Kazak Vizon (Beden: Standart)<\/p>\n","protected":false},"featured_media":47202,"comment_status":"open","ping_status":"closed","template":"","meta":[],"product_brand":[],"product_cat":[378,427],"product_tag":[8286,3745,7629,8287,7289],"class_list":{"0":"post-47206","1":"product","2":"type-product","3":"status-publish","4":"has-post-thumbnail","6":"product_cat-giyim","7":"product_cat-kazak","8":"product_tag-bile","9":"product_tag-boncuklu","10":"product_tag-detayli","11":"product_tag-kazak","12":"product_tag-vizon","14":"first","15":"instock","16":"taxable","17":"shipping-taxable","18":"purchasable","19":"product-type-simple"},"_links":{"self":[{"href":"https:\/\/depodanmusteriye.com\/urunler\/wp-json\/wp\/v2\/product\/47206","targetHints":{"allow":["GET"]}}],"collection":[{"href":"https:\/\/depodanmusteriye.com\/urunler\/wp-json\/wp\/v2\/product"}],"about":[{"href":"https:\/\/depodanmusteriye.com\/urunler\/wp-json\/wp\/v2\/types\/product"}],"replies":[{"embeddable":true,"href":"https:\/\/depodanmusteriye.com\/urunler\/wp-json\/wp\/v2\/comments?post=47206"}],"version-history":[{"count":0,"href":"https:\/\/depodanmusteriye.com\/urunler\/wp-json\/wp\/v2\/product\/47206\/revisions"}],"wp:featuredmedia":[{"embeddable":true,"href":"https:\/\/depodanmusteriye.com\/urunler\/wp-json\/wp\/v2\/media\/47202"}],"wp:attachment":[{"href":"https:\/\/depodanmusteriye.com\/urunler\/wp-json\/wp\/v2\/media?parent=47206"}],"wp:term":[{"taxonomy":"product_brand","embeddable":true,"href":"https:\/\/depodanmusteriye.com\/urunler\/wp-json\/wp\/v2\/product_brand?post=47206"},{"taxonomy":"product_cat","embeddable":true,"href":"https:\/\/depodanmusteriye.com\/urunler\/wp-json\/wp\/v2\/product_cat?post=47206"},{"taxonomy":"product_tag","embeddable":true,"href":"https:\/\/depodanmusteriye.com\/urunler\/wp-json\/wp\/v2\/product_tag?post=47206"}],"curies":[{"name":"wp","href":"https:\/\/api.w.org\/{rel}","templated":true}]}}