{"id":46863,"date":"2025-12-06T05:15:42","date_gmt":"2025-12-06T05:15:42","guid":{"rendered":"https:\/\/b2b.depodanmusteriye.com\/urun\/brodeli-crop-gomlek-s1023-kahve-beden-m\/"},"modified":"2025-12-06T05:15:42","modified_gmt":"2025-12-06T05:15:42","slug":"brodeli-crop-gomlek-s1023-kahve-beden-m","status":"publish","type":"product","link":"https:\/\/depodanmusteriye.com\/urunler\/urun\/brodeli-crop-gomlek-s1023-kahve-beden-m\/","title":{"rendered":"Brodeli Crop G\u00f6mlek S1023 Kahve (Beden: M)"},"content":{"rendered":"<h4>\n<p> Brodeli crop g\u00f6mlek s1023 Kahve (Beden: M) <\/p>\n<p>Brodeli Crop G\u00f6mlek S1023, \u015f\u0131kl\u0131k ve rahatl\u0131\u011f\u0131 bir arada sunan bir kad\u0131n giyim \u00fcr\u00fcn\u00fcd\u00fcr. \u0130nce ask\u0131l\u0131 tasar\u0131m\u0131 ve crop kesimiyle yaz aylar\u0131nda tercih edebilece\u011finiz \u015f\u0131k bir par\u00e7ad\u0131r.<\/p>\n<p>\u00d6zellikleri:<\/p>\n<ul>\n<li>Yumu\u015fak ve hafif kuma\u015ftan \u00fcretilmi\u015ftir.<\/li>\n<li>Ask\u0131s\u0131z tasar\u0131m\u0131yla casual veya \u015f\u0131k kombinlerde kullan\u0131labilir.<\/li>\n<li>Crop kesimi ile y\u00fcksek bel pantolonlar veya eteklerle m\u00fckemmel bir uyum sa\u011flar.<\/li>\n<li>Uzun \u00f6m\u00fcrl\u00fc kullan\u0131m i\u00e7in kaliteli malzemelerden \u00fcretilmi\u015ftir.<\/li>\n<\/ul>\n<p>Brodeli Crop G\u00f6mlek S1023, gard\u0131robunuzdaki klasik par\u00e7alardan farkl\u0131 bir tarz arayan kad\u0131nlar i\u00e7in ideal bir se\u00e7imdir. Hemen sepetinize ekleyin ve tarz\u0131n\u0131z\u0131 yans\u0131t\u0131n!<\/p>\n<p><b>\u00dcretici Markas\u0131 : ZENGEZUR MALL<\/b><\/p>\n<p><b>\u00dcretici Kodu : ZNGZRMLL090042409845217<\/b><\/p>\n<p><b>1 ADET F\u0130YATIDIR<\/b><\/p>\n<p><b><\/p>\n<p>            Sa\u011fl\u0131k ve hijyen a\u00e7\u0131s\u0131ndan iadeye uygun olmayan \u00fcr\u00fcnlerdir. <\/b><\/p>\n<\/h4>\n<p><\/p>\n","protected":false},"excerpt":{"rendered":"<p>Brodeli Crop G\u00f6mlek S1023 Kahve (Beden: M)<\/p>\n","protected":false},"featured_media":46860,"comment_status":"open","ping_status":"closed","template":"","meta":[],"product_brand":[],"product_cat":[378,425],"product_tag":[8206,8075,8064,1633,8268],"class_list":{"0":"post-46863","1":"product","2":"type-product","3":"status-publish","4":"has-post-thumbnail","6":"product_cat-giyim","7":"product_cat-gomlek","8":"product_tag-brodeli","9":"product_tag-crop","10":"product_tag-gomlek","11":"product_tag-kahve","12":"product_tag-s1023","14":"first","15":"instock","16":"taxable","17":"shipping-taxable","18":"purchasable","19":"product-type-simple"},"_links":{"self":[{"href":"https:\/\/depodanmusteriye.com\/urunler\/wp-json\/wp\/v2\/product\/46863","targetHints":{"allow":["GET"]}}],"collection":[{"href":"https:\/\/depodanmusteriye.com\/urunler\/wp-json\/wp\/v2\/product"}],"about":[{"href":"https:\/\/depodanmusteriye.com\/urunler\/wp-json\/wp\/v2\/types\/product"}],"replies":[{"embeddable":true,"href":"https:\/\/depodanmusteriye.com\/urunler\/wp-json\/wp\/v2\/comments?post=46863"}],"version-history":[{"count":0,"href":"https:\/\/depodanmusteriye.com\/urunler\/wp-json\/wp\/v2\/product\/46863\/revisions"}],"wp:featuredmedia":[{"embeddable":true,"href":"https:\/\/depodanmusteriye.com\/urunler\/wp-json\/wp\/v2\/media\/46860"}],"wp:attachment":[{"href":"https:\/\/depodanmusteriye.com\/urunler\/wp-json\/wp\/v2\/media?parent=46863"}],"wp:term":[{"taxonomy":"product_brand","embeddable":true,"href":"https:\/\/depodanmusteriye.com\/urunler\/wp-json\/wp\/v2\/product_brand?post=46863"},{"taxonomy":"product_cat","embeddable":true,"href":"https:\/\/depodanmusteriye.com\/urunler\/wp-json\/wp\/v2\/product_cat?post=46863"},{"taxonomy":"product_tag","embeddable":true,"href":"https:\/\/depodanmusteriye.com\/urunler\/wp-json\/wp\/v2\/product_tag?post=46863"}],"curies":[{"name":"wp","href":"https:\/\/api.w.org\/{rel}","templated":true}]}}