{"id":46845,"date":"2025-12-06T05:14:51","date_gmt":"2025-12-06T05:14:51","guid":{"rendered":"https:\/\/b2b.depodanmusteriye.com\/urun\/poplin-crop-gomlek-bej-s3060-beden-36\/"},"modified":"2025-12-06T05:14:51","modified_gmt":"2025-12-06T05:14:51","slug":"poplin-crop-gomlek-bej-s3060-beden-36","status":"publish","type":"product","link":"https:\/\/depodanmusteriye.com\/urunler\/urun\/poplin-crop-gomlek-bej-s3060-beden-36\/","title":{"rendered":"Poplin Crop G\u00f6mlek Bej S3060 (Beden: 36)"},"content":{"rendered":"<h4>\n<p> Poplin crop g\u00f6mlek bej s3060 (Beden: 36) <\/p>\n<div>\n<p><strong>Poplin Crop G\u00f6mlek Bej S3060<\/strong>, \u015f\u0131kl\u0131k ve rahatl\u0131k arayan kad\u0131nlar i\u00e7in ideal bir se\u00e7enektir.<\/p>\n<p>\u00dcr\u00fcn \u00d6zellikleri:<\/p>\n<ul>\n<li>Yumu\u015fak ve hafif poplin kuma\u015ftan \u00fcretilmi\u015ftir.<\/li>\n<li>Uzun kollu ve crop kesim tasar\u0131m\u0131yla son derece \u015f\u0131k bir g\u00f6r\u00fcn\u00fcm sunar.<\/li>\n<li>Bej rengi, her tarza ve kombinasyona kolayca uyum sa\u011flar.<\/li>\n<li>\u0130nce ask\u0131 detaylar\u0131yla feminen bir hava yarat\u0131r.<\/li>\n<li>Gece veya g\u00fcnd\u00fcz kullan\u0131ma uygun \u00e7ok y\u00f6nl\u00fc bir par\u00e7ad\u0131r.<\/li>\n<\/ul>\n<p>Poplin Crop G\u00f6mlek Bej S3060, gard\u0131robunuzun vazge\u00e7ilmez par\u00e7alar\u0131ndan biri olmaya aday!<\/p>\n<\/div>\n<p><b>\u00dcretici Markas\u0131 : ZENGEZUR MALL<\/b><\/p>\n<p><b>\u00dcretici Kodu : ZNGZRMLL090038777545216<\/b><\/p>\n<p><b>1 ADET F\u0130YATIDIR<\/b><\/p>\n<p><b><\/p>\n<p>            Sa\u011fl\u0131k ve hijyen a\u00e7\u0131s\u0131ndan iadeye uygun olmayan \u00fcr\u00fcnlerdir. <\/b><\/p>\n<\/h4>\n<p><\/p>\n","protected":false},"excerpt":{"rendered":"<p>Poplin Crop G\u00f6mlek Bej S3060 (Beden: 36)<\/p>\n","protected":false},"featured_media":46841,"comment_status":"open","ping_status":"closed","template":"","meta":[],"product_brand":[],"product_cat":[378,425],"product_tag":[2647,8075,8064,8266,8267],"class_list":{"0":"post-46845","1":"product","2":"type-product","3":"status-publish","4":"has-post-thumbnail","6":"product_cat-giyim","7":"product_cat-gomlek","8":"product_tag-bej","9":"product_tag-crop","10":"product_tag-gomlek","11":"product_tag-poplin","12":"product_tag-s3060","14":"first","15":"instock","16":"taxable","17":"shipping-taxable","18":"purchasable","19":"product-type-simple"},"_links":{"self":[{"href":"https:\/\/depodanmusteriye.com\/urunler\/wp-json\/wp\/v2\/product\/46845","targetHints":{"allow":["GET"]}}],"collection":[{"href":"https:\/\/depodanmusteriye.com\/urunler\/wp-json\/wp\/v2\/product"}],"about":[{"href":"https:\/\/depodanmusteriye.com\/urunler\/wp-json\/wp\/v2\/types\/product"}],"replies":[{"embeddable":true,"href":"https:\/\/depodanmusteriye.com\/urunler\/wp-json\/wp\/v2\/comments?post=46845"}],"version-history":[{"count":0,"href":"https:\/\/depodanmusteriye.com\/urunler\/wp-json\/wp\/v2\/product\/46845\/revisions"}],"wp:featuredmedia":[{"embeddable":true,"href":"https:\/\/depodanmusteriye.com\/urunler\/wp-json\/wp\/v2\/media\/46841"}],"wp:attachment":[{"href":"https:\/\/depodanmusteriye.com\/urunler\/wp-json\/wp\/v2\/media?parent=46845"}],"wp:term":[{"taxonomy":"product_brand","embeddable":true,"href":"https:\/\/depodanmusteriye.com\/urunler\/wp-json\/wp\/v2\/product_brand?post=46845"},{"taxonomy":"product_cat","embeddable":true,"href":"https:\/\/depodanmusteriye.com\/urunler\/wp-json\/wp\/v2\/product_cat?post=46845"},{"taxonomy":"product_tag","embeddable":true,"href":"https:\/\/depodanmusteriye.com\/urunler\/wp-json\/wp\/v2\/product_tag?post=46845"}],"curies":[{"name":"wp","href":"https:\/\/api.w.org\/{rel}","templated":true}]}}