{"id":46840,"date":"2025-12-06T05:14:37","date_gmt":"2025-12-06T05:14:37","guid":{"rendered":"https:\/\/b2b.depodanmusteriye.com\/urun\/poplin-crop-gomlek-fusya-s3060-beden-40\/"},"modified":"2025-12-06T05:14:37","modified_gmt":"2025-12-06T05:14:37","slug":"poplin-crop-gomlek-fusya-s3060-beden-40","status":"publish","type":"product","link":"https:\/\/depodanmusteriye.com\/urunler\/urun\/poplin-crop-gomlek-fusya-s3060-beden-40\/","title":{"rendered":"Poplin Crop G\u00f6mlek Fu\u015fya S3060 (Beden: 40)"},"content":{"rendered":"<h4>\n<p> Poplin crop g\u00f6mlek fu\u015fya s3060 (Beden: 40) <\/p>\n<p>Poplin crop g\u00f6mlek fu\u015fya s3060, trendi takip eden kad\u0131nlar\u0131n gard\u0131roplar\u0131nda mutlaka bulunmas\u0131 gereken bir par\u00e7ad\u0131r.<\/p>\n<p>\u00d6zellikleri:<\/p>\n<ul>\n<li>Y\u00fcksek kaliteli poplin kuma\u015ftan \u00fcretilmi\u015ftir.<\/li>\n<li>Canl\u0131 ve \u015f\u0131k fu\u015fya rengine sahiptir.<\/li>\n<li>Crop kesim ile olduk\u00e7a \u015f\u0131k bir g\u00f6r\u00fcn\u00fcm sunar.<\/li>\n<li>Sportif ve \u015f\u0131k tarzlar\u0131 bir arada sunar.<\/li>\n<li>G\u00fcnl\u00fck kullan\u0131ma uygun ve rahat bir modeldir.<\/li>\n<\/ul>\n<p><b>\u00dcretici Markas\u0131 : ZENGEZUR MALL<\/b><\/p>\n<p><b>\u00dcretici Kodu : ZNGZRMLL090052211445215<\/b><\/p>\n<p><b>1 ADET F\u0130YATIDIR<\/b><\/p>\n<p><b><\/p>\n<p>            Sa\u011fl\u0131k ve hijyen a\u00e7\u0131s\u0131ndan iadeye uygun olmayan \u00fcr\u00fcnlerdir. <\/b><\/p>\n<\/h4>\n<p><\/p>\n","protected":false},"excerpt":{"rendered":"<p>Poplin Crop G\u00f6mlek Fu\u015fya S3060 (Beden: 40)<\/p>\n","protected":false},"featured_media":46836,"comment_status":"open","ping_status":"closed","template":"","meta":[],"product_brand":[],"product_cat":[378,425],"product_tag":[8075,4828,8064,8266,8267],"class_list":{"0":"post-46840","1":"product","2":"type-product","3":"status-publish","4":"has-post-thumbnail","6":"product_cat-giyim","7":"product_cat-gomlek","8":"product_tag-crop","9":"product_tag-fusya","10":"product_tag-gomlek","11":"product_tag-poplin","12":"product_tag-s3060","14":"first","15":"instock","16":"taxable","17":"shipping-taxable","18":"purchasable","19":"product-type-simple"},"_links":{"self":[{"href":"https:\/\/depodanmusteriye.com\/urunler\/wp-json\/wp\/v2\/product\/46840","targetHints":{"allow":["GET"]}}],"collection":[{"href":"https:\/\/depodanmusteriye.com\/urunler\/wp-json\/wp\/v2\/product"}],"about":[{"href":"https:\/\/depodanmusteriye.com\/urunler\/wp-json\/wp\/v2\/types\/product"}],"replies":[{"embeddable":true,"href":"https:\/\/depodanmusteriye.com\/urunler\/wp-json\/wp\/v2\/comments?post=46840"}],"version-history":[{"count":0,"href":"https:\/\/depodanmusteriye.com\/urunler\/wp-json\/wp\/v2\/product\/46840\/revisions"}],"wp:featuredmedia":[{"embeddable":true,"href":"https:\/\/depodanmusteriye.com\/urunler\/wp-json\/wp\/v2\/media\/46836"}],"wp:attachment":[{"href":"https:\/\/depodanmusteriye.com\/urunler\/wp-json\/wp\/v2\/media?parent=46840"}],"wp:term":[{"taxonomy":"product_brand","embeddable":true,"href":"https:\/\/depodanmusteriye.com\/urunler\/wp-json\/wp\/v2\/product_brand?post=46840"},{"taxonomy":"product_cat","embeddable":true,"href":"https:\/\/depodanmusteriye.com\/urunler\/wp-json\/wp\/v2\/product_cat?post=46840"},{"taxonomy":"product_tag","embeddable":true,"href":"https:\/\/depodanmusteriye.com\/urunler\/wp-json\/wp\/v2\/product_tag?post=46840"}],"curies":[{"name":"wp","href":"https:\/\/api.w.org\/{rel}","templated":true}]}}