{"id":45031,"date":"2025-12-06T03:54:34","date_gmt":"2025-12-06T03:54:34","guid":{"rendered":"https:\/\/b2b.depodanmusteriye.com\/urun\/cizgili-sortlu-takim-siyah-s3978-beden-m\/"},"modified":"2025-12-06T03:54:34","modified_gmt":"2025-12-06T03:54:34","slug":"cizgili-sortlu-takim-siyah-s3978-beden-m","status":"publish","type":"product","link":"https:\/\/depodanmusteriye.com\/urunler\/urun\/cizgili-sortlu-takim-siyah-s3978-beden-m\/","title":{"rendered":"\u00c7izgili \u015eortlu Tak\u0131m Siyah S3978 (Beden: M)"},"content":{"rendered":"<h4>\n<p> \u00c7izgili \u015fortlu tak\u0131m siyah s3978 (Beden: M) <\/p>\n<div>\n<p>\u015e\u0131kl\u0131\u011f\u0131 ve rahatl\u0131\u011f\u0131 ayn\u0131 anda sunan \u00e7izgili \u015fortlu tak\u0131m siyah s3978, gard\u0131robunuzu tamamlayacak bir par\u00e7a.<\/p>\n<p>\u00dcr\u00fcn \u00d6zellikleri:<\/p>\n<ul>\n<li>Yumu\u015fak ve esnek kuma\u015f\u0131 sayesinde g\u00fcn boyu konfor sa\u011flar.<\/li>\n<li>\u00c7izgili deseniyle \u015f\u0131k bir g\u00f6r\u00fcn\u00fcm sunar.<\/li>\n<li>Y\u00fcksek bel \u015fortu ile v\u00fccudu saran ve rahat bir kesime sahiptir.<\/li>\n<li>Uzun kollu ve kap\u00fc\u015fonlu \u00fcst\u00fc, spor ve \u015f\u0131k tarz\u0131 bir arada sunar.<\/li>\n<li>Kad\u0131n giyim kategorisinde yer alan bu tak\u0131m, her mevsim rahatl\u0131kla kullan\u0131labilir.<\/li>\n<\/ul>\n<\/div>\n<p><b>\u00dcretici Markas\u0131 : ZENGEZUR MALL<\/b><\/p>\n<p><b>\u00dcretici Kodu : ZNGZRMLL090067015045020<\/b><\/p>\n<p><b>1 ADET F\u0130YATIDIR<\/b><\/p>\n<p><b><\/p>\n<p>            Sa\u011fl\u0131k ve hijyen a\u00e7\u0131s\u0131ndan iadeye uygun olmayan \u00fcr\u00fcnlerdir. <\/b><\/p>\n<\/h4>\n<p><\/p>\n","protected":false},"excerpt":{"rendered":"<p>\u00c7izgili \u015eortlu Tak\u0131m Siyah S3978 (Beden: M)<\/p>\n","protected":false},"featured_media":45028,"comment_status":"open","ping_status":"closed","template":"","meta":[],"product_brand":[],"product_cat":[495,378],"product_tag":[3087,8212,1391,1740,1155],"class_list":{"0":"post-45031","1":"product","2":"type-product","3":"status-publish","4":"has-post-thumbnail","6":"product_cat-elbise","7":"product_cat-giyim","8":"product_tag-cizgili","9":"product_tag-s3978","10":"product_tag-siyah","11":"product_tag-sortlu","12":"product_tag-takim","14":"first","15":"instock","16":"taxable","17":"shipping-taxable","18":"purchasable","19":"product-type-simple"},"_links":{"self":[{"href":"https:\/\/depodanmusteriye.com\/urunler\/wp-json\/wp\/v2\/product\/45031","targetHints":{"allow":["GET"]}}],"collection":[{"href":"https:\/\/depodanmusteriye.com\/urunler\/wp-json\/wp\/v2\/product"}],"about":[{"href":"https:\/\/depodanmusteriye.com\/urunler\/wp-json\/wp\/v2\/types\/product"}],"replies":[{"embeddable":true,"href":"https:\/\/depodanmusteriye.com\/urunler\/wp-json\/wp\/v2\/comments?post=45031"}],"version-history":[{"count":0,"href":"https:\/\/depodanmusteriye.com\/urunler\/wp-json\/wp\/v2\/product\/45031\/revisions"}],"wp:featuredmedia":[{"embeddable":true,"href":"https:\/\/depodanmusteriye.com\/urunler\/wp-json\/wp\/v2\/media\/45028"}],"wp:attachment":[{"href":"https:\/\/depodanmusteriye.com\/urunler\/wp-json\/wp\/v2\/media?parent=45031"}],"wp:term":[{"taxonomy":"product_brand","embeddable":true,"href":"https:\/\/depodanmusteriye.com\/urunler\/wp-json\/wp\/v2\/product_brand?post=45031"},{"taxonomy":"product_cat","embeddable":true,"href":"https:\/\/depodanmusteriye.com\/urunler\/wp-json\/wp\/v2\/product_cat?post=45031"},{"taxonomy":"product_tag","embeddable":true,"href":"https:\/\/depodanmusteriye.com\/urunler\/wp-json\/wp\/v2\/product_tag?post=45031"}],"curies":[{"name":"wp","href":"https:\/\/api.w.org\/{rel}","templated":true}]}}