{"id":45019,"date":"2025-12-06T03:54:03","date_gmt":"2025-12-06T03:54:03","guid":{"rendered":"https:\/\/b2b.depodanmusteriye.com\/urun\/3-iplik-sardonlu-oversize-compact-ordek-baskili-sweat-siyah-beden-s\/"},"modified":"2025-12-06T03:54:03","modified_gmt":"2025-12-06T03:54:03","slug":"3-iplik-sardonlu-oversize-compact-ordek-baskili-sweat-siyah-beden-s","status":"publish","type":"product","link":"https:\/\/depodanmusteriye.com\/urunler\/urun\/3-iplik-sardonlu-oversize-compact-ordek-baskili-sweat-siyah-beden-s\/","title":{"rendered":"3 \u0130plik \u015eardonlu Oversize Compact \u00d6rdek Bask\u0131l\u0131 Sweat Siyah (Beden: S)"},"content":{"rendered":"<h4>\n<p> 3 iplik \u015fardonlu oversize compact \u00f6rdek bask\u0131l\u0131 sweat siyah (Beden: S) <\/p>\n<div>\n<p>3 iplik \u015fardonlu oversize compact \u00f6rdek bask\u0131l\u0131 sweat siyah, rahat ve \u015f\u0131k bir se\u00e7enektir.<\/p>\n<p>&#8211; Oversize kesimi sayesinde sala\u015f bir g\u00f6r\u00fcn\u00fcm sunar.<\/p>\n<p>&#8211; 3 iplik \u015fardonlu kuma\u015f\u0131yla y\u00fcksek kalite ve dayan\u0131kl\u0131l\u0131k sa\u011flar.<\/p>\n<p>&#8211; \u00d6rdek bask\u0131l\u0131 tasar\u0131m\u0131yla farkl\u0131l\u0131k yarat\u0131r.<\/p>\n<p>&#8211; Siyah rengi, kolay kombinlenebilirlik sunar.<\/p>\n<p>&#8211; Kad\u0131n giyim koleksiyonunuzun vazge\u00e7ilmezi olmaya aday bir sweatshirt.<\/p>\n<\/div>\n<p><b>\u00dcretici Markas\u0131 : ZENGEZUR MALL<\/b><\/p>\n<p><b>\u00dcretici Kodu : ZNGZRMLL090072151745017<\/b><\/p>\n<p><b>1 ADET F\u0130YATIDIR<\/b><\/p>\n<p><b><\/p>\n<p>            Sa\u011fl\u0131k ve hijyen a\u00e7\u0131s\u0131ndan iadeye uygun olmayan \u00fcr\u00fcnlerdir. <\/b><\/p>\n<\/h4>\n<p><\/p>\n","protected":false},"excerpt":{"rendered":"<p>3 \u0130plik \u015eardonlu Oversize Compact \u00d6rdek Bask\u0131l\u0131 Sweat Siyah (Beden: S)<\/p>\n","protected":false},"featured_media":45016,"comment_status":"open","ping_status":"closed","template":"","meta":[],"product_brand":[],"product_cat":[378,428],"product_tag":[1350,6608,8211,3874,3911,8070,8208,1391,8210],"class_list":{"0":"post-45019","1":"product","2":"type-product","3":"status-publish","4":"has-post-thumbnail","6":"product_cat-giyim","7":"product_cat-sweatshirt","8":"product_tag-1350","9":"product_tag-baskili","10":"product_tag-compact","11":"product_tag-iplik","12":"product_tag-ordek","13":"product_tag-oversize","14":"product_tag-sardonlu","15":"product_tag-siyah","16":"product_tag-sweat","18":"first","19":"instock","20":"taxable","21":"shipping-taxable","22":"purchasable","23":"product-type-simple"},"_links":{"self":[{"href":"https:\/\/depodanmusteriye.com\/urunler\/wp-json\/wp\/v2\/product\/45019","targetHints":{"allow":["GET"]}}],"collection":[{"href":"https:\/\/depodanmusteriye.com\/urunler\/wp-json\/wp\/v2\/product"}],"about":[{"href":"https:\/\/depodanmusteriye.com\/urunler\/wp-json\/wp\/v2\/types\/product"}],"replies":[{"embeddable":true,"href":"https:\/\/depodanmusteriye.com\/urunler\/wp-json\/wp\/v2\/comments?post=45019"}],"version-history":[{"count":0,"href":"https:\/\/depodanmusteriye.com\/urunler\/wp-json\/wp\/v2\/product\/45019\/revisions"}],"wp:featuredmedia":[{"embeddable":true,"href":"https:\/\/depodanmusteriye.com\/urunler\/wp-json\/wp\/v2\/media\/45016"}],"wp:attachment":[{"href":"https:\/\/depodanmusteriye.com\/urunler\/wp-json\/wp\/v2\/media?parent=45019"}],"wp:term":[{"taxonomy":"product_brand","embeddable":true,"href":"https:\/\/depodanmusteriye.com\/urunler\/wp-json\/wp\/v2\/product_brand?post=45019"},{"taxonomy":"product_cat","embeddable":true,"href":"https:\/\/depodanmusteriye.com\/urunler\/wp-json\/wp\/v2\/product_cat?post=45019"},{"taxonomy":"product_tag","embeddable":true,"href":"https:\/\/depodanmusteriye.com\/urunler\/wp-json\/wp\/v2\/product_tag?post=45019"}],"curies":[{"name":"wp","href":"https:\/\/api.w.org\/{rel}","templated":true}]}}