{"id":45007,"date":"2025-12-06T03:53:38","date_gmt":"2025-12-06T03:53:38","guid":{"rendered":"https:\/\/b2b.depodanmusteriye.com\/urun\/3-iplik-sardonlu-oversize-kafa-baskili-sweat-siyah-beden-m\/"},"modified":"2025-12-06T03:53:38","modified_gmt":"2025-12-06T03:53:38","slug":"3-iplik-sardonlu-oversize-kafa-baskili-sweat-siyah-beden-m","status":"publish","type":"product","link":"https:\/\/depodanmusteriye.com\/urunler\/urun\/3-iplik-sardonlu-oversize-kafa-baskili-sweat-siyah-beden-m\/","title":{"rendered":"3 \u0130plik \u015eardonlu Oversize Kafa Bask\u0131l\u0131 Sweat Siyah (Beden: M)"},"content":{"rendered":"<h4>\n<p> 3 iplik \u015fardonlu oversize kafa bask\u0131l\u0131 sweat siyah (Beden: M) <\/p>\n<div>\n<p>3 iplik \u015fardonlu oversize compact kafa bask\u0131l\u0131 sweat siyah, gard\u0131robunuzdaki en \u015f\u0131k ve rahat par\u00e7alardan biri olmaya aday. \u0130nce detaylar\u0131 ve \u00f6zel kuma\u015f\u0131yla \u00f6ne \u00e7\u0131kan bu sweatshirt, hem \u015f\u0131kl\u0131\u011f\u0131 hem de konforu bir arada sunuyor.<\/p>\n<p>\u00dcr\u00fcn \u00d6zellikleri:<\/p>\n<ul>\n<li>Oversize kesim tasar\u0131m\u0131 sayesinde rahat bir kullan\u0131m sunar.<\/li>\n<li>\u015eardonlu yap\u0131ya sahip 3 iplik kuma\u015f\u0131yla kaliteli ve dayan\u0131kl\u0131 bir \u00fcr\u00fcnd\u00fcr.<\/li>\n<li>Kafa bask\u0131l\u0131 deseniyle tarz\u0131n\u0131z\u0131 yans\u0131tman\u0131za olanak sa\u011flar.<\/li>\n<li>Siya renk se\u00e7ene\u011fi ile kombinlerinize kolayl\u0131kla uyum sa\u011flar.<\/li>\n<li>G\u00fcndelik \u015f\u0131kl\u0131\u011f\u0131 arayan kad\u0131nlar\u0131n vazge\u00e7ilmezi olmaya adayd\u0131r.<\/li>\n<\/ul>\n<p>\u015eimdi siz de stilinizi tamamlamak ve rahatl\u0131\u011f\u0131 yakalamak i\u00e7in bu trend par\u00e7ay\u0131 tercih edebilirsiniz.<\/p>\n<\/div>\n<p><b>\u00dcretici Markas\u0131 : ZENGEZUR MALL<\/b><\/p>\n<p><b>\u00dcretici Kodu : ZNGZRMLL090054410945016<\/b><\/p>\n<p><b>1 ADET F\u0130YATIDIR<\/b><\/p>\n<p><b><\/p>\n<p>            Sa\u011fl\u0131k ve hijyen a\u00e7\u0131s\u0131ndan iadeye uygun olmayan \u00fcr\u00fcnlerdir. <\/b><\/p>\n<\/h4>\n<p><\/p>\n","protected":false},"excerpt":{"rendered":"<p>3 \u0130plik \u015eardonlu Oversize Kafa Bask\u0131l\u0131 Sweat Siyah (Beden: M)<\/p>\n","protected":false},"featured_media":45000,"comment_status":"open","ping_status":"closed","template":"","meta":[],"product_brand":[],"product_cat":[378,428],"product_tag":[1350,6608,3874,3599,8070,8208,1391,8210],"class_list":{"0":"post-45007","1":"product","2":"type-product","3":"status-publish","4":"has-post-thumbnail","6":"product_cat-giyim","7":"product_cat-sweatshirt","8":"product_tag-1350","9":"product_tag-baskili","10":"product_tag-iplik","11":"product_tag-kafa","12":"product_tag-oversize","13":"product_tag-sardonlu","14":"product_tag-siyah","15":"product_tag-sweat","17":"first","18":"instock","19":"taxable","20":"shipping-taxable","21":"purchasable","22":"product-type-simple"},"_links":{"self":[{"href":"https:\/\/depodanmusteriye.com\/urunler\/wp-json\/wp\/v2\/product\/45007","targetHints":{"allow":["GET"]}}],"collection":[{"href":"https:\/\/depodanmusteriye.com\/urunler\/wp-json\/wp\/v2\/product"}],"about":[{"href":"https:\/\/depodanmusteriye.com\/urunler\/wp-json\/wp\/v2\/types\/product"}],"replies":[{"embeddable":true,"href":"https:\/\/depodanmusteriye.com\/urunler\/wp-json\/wp\/v2\/comments?post=45007"}],"version-history":[{"count":0,"href":"https:\/\/depodanmusteriye.com\/urunler\/wp-json\/wp\/v2\/product\/45007\/revisions"}],"wp:featuredmedia":[{"embeddable":true,"href":"https:\/\/depodanmusteriye.com\/urunler\/wp-json\/wp\/v2\/media\/45000"}],"wp:attachment":[{"href":"https:\/\/depodanmusteriye.com\/urunler\/wp-json\/wp\/v2\/media?parent=45007"}],"wp:term":[{"taxonomy":"product_brand","embeddable":true,"href":"https:\/\/depodanmusteriye.com\/urunler\/wp-json\/wp\/v2\/product_brand?post=45007"},{"taxonomy":"product_cat","embeddable":true,"href":"https:\/\/depodanmusteriye.com\/urunler\/wp-json\/wp\/v2\/product_cat?post=45007"},{"taxonomy":"product_tag","embeddable":true,"href":"https:\/\/depodanmusteriye.com\/urunler\/wp-json\/wp\/v2\/product_tag?post=45007"}],"curies":[{"name":"wp","href":"https:\/\/api.w.org\/{rel}","templated":true}]}}