{"id":44991,"date":"2025-12-06T03:53:04","date_gmt":"2025-12-06T03:53:04","guid":{"rendered":"https:\/\/b2b.depodanmusteriye.com\/urun\/3-iplik-sardonlu-oversize-kafa-baskili-sweat-beyaz-beden-l\/"},"modified":"2025-12-06T03:53:04","modified_gmt":"2025-12-06T03:53:04","slug":"3-iplik-sardonlu-oversize-kafa-baskili-sweat-beyaz-beden-l","status":"publish","type":"product","link":"https:\/\/depodanmusteriye.com\/urunler\/urun\/3-iplik-sardonlu-oversize-kafa-baskili-sweat-beyaz-beden-l\/","title":{"rendered":"3 \u0130plik \u015eardonlu Oversize Kafa Bask\u0131l\u0131 Sweat Beyaz (Beden: L)"},"content":{"rendered":"<h4>\n<p> 3 iplik \u015fardonlu oversize kafa bask\u0131l\u0131 sweat beyaz (Beden: L) <\/p>\n<p>Bu \u015f\u0131kl\u0131k ve rahatl\u0131\u011f\u0131 bir arada sunan 3 iplik \u015fardonlu oversize compact kafa bask\u0131l\u0131 sweat beyaz, gard\u0131robunuzun vazge\u00e7ilmezi olmaya aday! \u0130\u015fte bu harika sweatshirt&#8217;\u00fcn \u00f6zellikleri:<\/p>\n<ul>\n<li>Y\u00fcksek kaliteli 3 iplik \u015fardonlu kuma\u015ftan \u00fcretilmi\u015ftir.<\/li>\n<li>Oversize kesimi sayesinde \u015f\u0131k ve modern bir g\u00f6r\u00fcn\u00fcm sunar.<\/li>\n<li>\u00d6n taraf\u0131nda yer alan \u015f\u0131k kafa bask\u0131s\u0131 ile fark yarat\u0131r.<\/li>\n<li>\u0130nce detaylar\u0131yla dikkat \u00e7eken beyaz rengiyle kombinlerinize \u015f\u0131kl\u0131k katar.<\/li>\n<li>Rahat ve konforlu yap\u0131s\u0131yla g\u00fcnl\u00fck kullan\u0131ma uygun bir par\u00e7ad\u0131r.<\/li>\n<\/ul>\n<p>Bu beyaz oversize sweatshirt ile hem \u015f\u0131kl\u0131\u011f\u0131 hem de rahatl\u0131\u011f\u0131 bir arada yakalayabilirsiniz. KADIN G\u0130Y\u0130M &gt; SWEATSH\u0130RT kategorisindeki di\u011fer \u00fcr\u00fcnlerle de kombinleyebilece\u011finiz bu sweatshirt, tarz\u0131n\u0131za tarz katmaya haz\u0131r. Hemen sepetinize ekleyerek \u015f\u0131kl\u0131\u011f\u0131 kap\u0131n\u0131za getirin!<\/p>\n<p><b>\u00dcretici Markas\u0131 : ZENGEZUR MALL<\/b><\/p>\n<p><b>\u00dcretici Kodu : ZNGZRMLL090039565745015<\/b><\/p>\n<p><b>1 ADET F\u0130YATIDIR<\/b><\/p>\n<p><b><\/p>\n<p>            Sa\u011fl\u0131k ve hijyen a\u00e7\u0131s\u0131ndan iadeye uygun olmayan \u00fcr\u00fcnlerdir. <\/b><\/p>\n<\/h4>\n<p><\/p>\n","protected":false},"excerpt":{"rendered":"<p>3 \u0130plik \u015eardonlu Oversize Kafa Bask\u0131l\u0131 Sweat Beyaz (Beden: L)<\/p>\n","protected":false},"featured_media":44986,"comment_status":"open","ping_status":"closed","template":"","meta":[],"product_brand":[],"product_cat":[378,428],"product_tag":[1350,6608,1663,3874,3599,8070,8208,8210],"class_list":{"0":"post-44991","1":"product","2":"type-product","3":"status-publish","4":"has-post-thumbnail","6":"product_cat-giyim","7":"product_cat-sweatshirt","8":"product_tag-1350","9":"product_tag-baskili","10":"product_tag-beyaz","11":"product_tag-iplik","12":"product_tag-kafa","13":"product_tag-oversize","14":"product_tag-sardonlu","15":"product_tag-sweat","17":"first","18":"instock","19":"taxable","20":"shipping-taxable","21":"purchasable","22":"product-type-simple"},"_links":{"self":[{"href":"https:\/\/depodanmusteriye.com\/urunler\/wp-json\/wp\/v2\/product\/44991","targetHints":{"allow":["GET"]}}],"collection":[{"href":"https:\/\/depodanmusteriye.com\/urunler\/wp-json\/wp\/v2\/product"}],"about":[{"href":"https:\/\/depodanmusteriye.com\/urunler\/wp-json\/wp\/v2\/types\/product"}],"replies":[{"embeddable":true,"href":"https:\/\/depodanmusteriye.com\/urunler\/wp-json\/wp\/v2\/comments?post=44991"}],"version-history":[{"count":0,"href":"https:\/\/depodanmusteriye.com\/urunler\/wp-json\/wp\/v2\/product\/44991\/revisions"}],"wp:featuredmedia":[{"embeddable":true,"href":"https:\/\/depodanmusteriye.com\/urunler\/wp-json\/wp\/v2\/media\/44986"}],"wp:attachment":[{"href":"https:\/\/depodanmusteriye.com\/urunler\/wp-json\/wp\/v2\/media?parent=44991"}],"wp:term":[{"taxonomy":"product_brand","embeddable":true,"href":"https:\/\/depodanmusteriye.com\/urunler\/wp-json\/wp\/v2\/product_brand?post=44991"},{"taxonomy":"product_cat","embeddable":true,"href":"https:\/\/depodanmusteriye.com\/urunler\/wp-json\/wp\/v2\/product_cat?post=44991"},{"taxonomy":"product_tag","embeddable":true,"href":"https:\/\/depodanmusteriye.com\/urunler\/wp-json\/wp\/v2\/product_tag?post=44991"}],"curies":[{"name":"wp","href":"https:\/\/api.w.org\/{rel}","templated":true}]}}