{"id":44952,"date":"2025-12-06T03:51:26","date_gmt":"2025-12-06T03:51:26","guid":{"rendered":"https:\/\/b2b.depodanmusteriye.com\/urun\/3-iplik-sardonlu-oversize-true-baskili-sweat-beyaz-beden-s\/"},"modified":"2025-12-06T03:51:26","modified_gmt":"2025-12-06T03:51:26","slug":"3-iplik-sardonlu-oversize-true-baskili-sweat-beyaz-beden-s","status":"publish","type":"product","link":"https:\/\/depodanmusteriye.com\/urunler\/urun\/3-iplik-sardonlu-oversize-true-baskili-sweat-beyaz-beden-s\/","title":{"rendered":"3 \u0130plik \u015eardonlu Oversize True Bask\u0131l\u0131 Sweat Beyaz (Beden: S)"},"content":{"rendered":"<h4>\n<p> 3 iplik \u015fardonlu oversize true bask\u0131l\u0131 sweat Beyaz (Beden: S) <\/p>\n<p>Beyaz rengi ve \u015f\u0131k oversize kesimi ile dikkat \u00e7eken bu sweatshirt, g\u00fcnl\u00fck \u015f\u0131kl\u0131k arayan kad\u0131nlar\u0131n favorisi olmaya aday!<\/p>\n<p>\u00d6zel 3 iplik \u015fardonlu pamuk kuma\u015f\u0131 sayesinde son derece rahat bir deneyim sunar ve compakt true bask\u0131 tekni\u011fi ile \u00fcretilmi\u015ftir.<\/p>\n<p>Geni\u015f kal\u0131b\u0131 sayesinde her bedende rahatl\u0131kla kullan\u0131labilir ve \u015f\u0131kl\u0131k katarken hareket \u00f6zg\u00fcrl\u00fc\u011f\u00fc sunar.<\/p>\n<p>Tasar\u0131m\u0131yla casual ve \u015f\u0131k kombinlerin vazge\u00e7ilmezi olacak bu sweatshirt, dolab\u0131n\u0131z\u0131n ana par\u00e7alar\u0131ndan biri haline gelecek.<\/p>\n<p><b>\u00dcretici Markas\u0131 : ZENGEZUR MALL<\/b><\/p>\n<p><b>\u00dcretici Kodu : ZNGZRMLL090088297345013<\/b><\/p>\n<p><b>1 ADET F\u0130YATIDIR<\/b><\/p>\n<p><b><\/p>\n<p>            Sa\u011fl\u0131k ve hijyen a\u00e7\u0131s\u0131ndan iadeye uygun olmayan \u00fcr\u00fcnlerdir. <\/b><\/p>\n<\/h4>\n<p><\/p>\n","protected":false},"excerpt":{"rendered":"<p>3 \u0130plik \u015eardonlu Oversize True Bask\u0131l\u0131 Sweat Beyaz (Beden: S)<\/p>\n","protected":false},"featured_media":44947,"comment_status":"open","ping_status":"closed","template":"","meta":[],"product_brand":[],"product_cat":[378,428],"product_tag":[1350,6608,1663,3874,8070,8208,8210,6241],"class_list":{"0":"post-44952","1":"product","2":"type-product","3":"status-publish","4":"has-post-thumbnail","6":"product_cat-giyim","7":"product_cat-sweatshirt","8":"product_tag-1350","9":"product_tag-baskili","10":"product_tag-beyaz","11":"product_tag-iplik","12":"product_tag-oversize","13":"product_tag-sardonlu","14":"product_tag-sweat","15":"product_tag-true","17":"first","18":"instock","19":"taxable","20":"shipping-taxable","21":"purchasable","22":"product-type-simple"},"_links":{"self":[{"href":"https:\/\/depodanmusteriye.com\/urunler\/wp-json\/wp\/v2\/product\/44952","targetHints":{"allow":["GET"]}}],"collection":[{"href":"https:\/\/depodanmusteriye.com\/urunler\/wp-json\/wp\/v2\/product"}],"about":[{"href":"https:\/\/depodanmusteriye.com\/urunler\/wp-json\/wp\/v2\/types\/product"}],"replies":[{"embeddable":true,"href":"https:\/\/depodanmusteriye.com\/urunler\/wp-json\/wp\/v2\/comments?post=44952"}],"version-history":[{"count":0,"href":"https:\/\/depodanmusteriye.com\/urunler\/wp-json\/wp\/v2\/product\/44952\/revisions"}],"wp:featuredmedia":[{"embeddable":true,"href":"https:\/\/depodanmusteriye.com\/urunler\/wp-json\/wp\/v2\/media\/44947"}],"wp:attachment":[{"href":"https:\/\/depodanmusteriye.com\/urunler\/wp-json\/wp\/v2\/media?parent=44952"}],"wp:term":[{"taxonomy":"product_brand","embeddable":true,"href":"https:\/\/depodanmusteriye.com\/urunler\/wp-json\/wp\/v2\/product_brand?post=44952"},{"taxonomy":"product_cat","embeddable":true,"href":"https:\/\/depodanmusteriye.com\/urunler\/wp-json\/wp\/v2\/product_cat?post=44952"},{"taxonomy":"product_tag","embeddable":true,"href":"https:\/\/depodanmusteriye.com\/urunler\/wp-json\/wp\/v2\/product_tag?post=44952"}],"curies":[{"name":"wp","href":"https:\/\/api.w.org\/{rel}","templated":true}]}}