{"id":44913,"date":"2025-12-06T03:49:48","date_gmt":"2025-12-06T03:49:48","guid":{"rendered":"https:\/\/b2b.depodanmusteriye.com\/urun\/3-iplik-sardonlu-oversize-out-of-baskili-sweat-kahve-beden-m\/"},"modified":"2025-12-06T03:49:48","modified_gmt":"2025-12-06T03:49:48","slug":"3-iplik-sardonlu-oversize-out-of-baskili-sweat-kahve-beden-m","status":"publish","type":"product","link":"https:\/\/depodanmusteriye.com\/urunler\/urun\/3-iplik-sardonlu-oversize-out-of-baskili-sweat-kahve-beden-m\/","title":{"rendered":"3 \u0130plik \u015eardonlu Oversize Out Of Bask\u0131l\u0131 Sweat Kahve (Beden: M)"},"content":{"rendered":"<h4>\n<p> 3 iplik \u015fardonlu oversize out of bask\u0131l\u0131 sweat kahve (Beden: M) <\/p>\n<p>Bu yumu\u015fak ve konforlu 3 iplik \u015fardonlu oversize compact sweatshirt, gard\u0131robunuzun vazge\u00e7ilmezi olmaya aday! Kahverengi rengi ile \u015f\u0131kl\u0131\u011f\u0131 ve rahatl\u0131\u011f\u0131 bir arada sunan bu sweatshirt, hem g\u00fcnl\u00fck hayatta hem de gece d\u0131\u015far\u0131ya \u00e7\u0131karken \u015f\u0131kl\u0131\u011f\u0131n\u0131z\u0131 tamamlamak i\u00e7in ideal bir se\u00e7enektir.<\/p>\n<p>\u00d6zellikleri:<\/p>\n<ul>\n<li>3 iplik \u015fardonlu kuma\u015ftan \u00fcretilmi\u015ftir<\/li>\n<li>Oversize ve rahat kesime sahiptir<\/li>\n<li>Compact out of bask\u0131l\u0131 detaylar ile \u00f6ne \u00e7\u0131kar<\/li>\n<li>Kahverengi rengi ile modern ve \u015f\u0131k bir g\u00f6r\u00fcn\u00fcm sunar<\/li>\n<li>G\u00fcnl\u00fck kullan\u0131ma uygun ve kolay kombinlenebilir bir par\u00e7ad\u0131r<\/li>\n<\/ul>\n<p><b>\u00dcretici Markas\u0131 : ZENGEZUR MALL<\/b><\/p>\n<p><b>\u00dcretici Kodu : ZNGZRMLL090054454345010<\/b><\/p>\n<p><b>1 ADET F\u0130YATIDIR<\/b><\/p>\n<p><b><\/p>\n<p>            Sa\u011fl\u0131k ve hijyen a\u00e7\u0131s\u0131ndan iadeye uygun olmayan \u00fcr\u00fcnlerdir. <\/b><\/p>\n<\/h4>\n<p><\/p>\n","protected":false},"excerpt":{"rendered":"<p>3 \u0130plik \u015eardonlu Oversize Out Of Bask\u0131l\u0131 Sweat Kahve (Beden: M)<\/p>\n","protected":false},"featured_media":44908,"comment_status":"open","ping_status":"closed","template":"","meta":[],"product_brand":[],"product_cat":[378,428],"product_tag":[1350,6608,3874,1633,8209,5778,8070,8208,8210],"class_list":{"0":"post-44913","1":"product","2":"type-product","3":"status-publish","4":"has-post-thumbnail","6":"product_cat-giyim","7":"product_cat-sweatshirt","8":"product_tag-1350","9":"product_tag-baskili","10":"product_tag-iplik","11":"product_tag-kahve","12":"product_tag-of","13":"product_tag-out","14":"product_tag-oversize","15":"product_tag-sardonlu","16":"product_tag-sweat","18":"first","19":"instock","20":"taxable","21":"shipping-taxable","22":"purchasable","23":"product-type-simple"},"_links":{"self":[{"href":"https:\/\/depodanmusteriye.com\/urunler\/wp-json\/wp\/v2\/product\/44913","targetHints":{"allow":["GET"]}}],"collection":[{"href":"https:\/\/depodanmusteriye.com\/urunler\/wp-json\/wp\/v2\/product"}],"about":[{"href":"https:\/\/depodanmusteriye.com\/urunler\/wp-json\/wp\/v2\/types\/product"}],"replies":[{"embeddable":true,"href":"https:\/\/depodanmusteriye.com\/urunler\/wp-json\/wp\/v2\/comments?post=44913"}],"version-history":[{"count":0,"href":"https:\/\/depodanmusteriye.com\/urunler\/wp-json\/wp\/v2\/product\/44913\/revisions"}],"wp:featuredmedia":[{"embeddable":true,"href":"https:\/\/depodanmusteriye.com\/urunler\/wp-json\/wp\/v2\/media\/44908"}],"wp:attachment":[{"href":"https:\/\/depodanmusteriye.com\/urunler\/wp-json\/wp\/v2\/media?parent=44913"}],"wp:term":[{"taxonomy":"product_brand","embeddable":true,"href":"https:\/\/depodanmusteriye.com\/urunler\/wp-json\/wp\/v2\/product_brand?post=44913"},{"taxonomy":"product_cat","embeddable":true,"href":"https:\/\/depodanmusteriye.com\/urunler\/wp-json\/wp\/v2\/product_cat?post=44913"},{"taxonomy":"product_tag","embeddable":true,"href":"https:\/\/depodanmusteriye.com\/urunler\/wp-json\/wp\/v2\/product_tag?post=44913"}],"curies":[{"name":"wp","href":"https:\/\/api.w.org\/{rel}","templated":true}]}}