{"id":44219,"date":"2025-12-06T03:20:16","date_gmt":"2025-12-06T03:20:16","guid":{"rendered":"https:\/\/b2b.depodanmusteriye.com\/urun\/cepli-salas-gomlek-t1010-yesil-beden-xl\/"},"modified":"2025-12-06T03:20:16","modified_gmt":"2025-12-06T03:20:16","slug":"cepli-salas-gomlek-t1010-yesil-beden-xl","status":"publish","type":"product","link":"https:\/\/depodanmusteriye.com\/urunler\/urun\/cepli-salas-gomlek-t1010-yesil-beden-xl\/","title":{"rendered":"Cepli Sala\u015f G\u00f6mlek T1010 Ye\u015fil (Beden: Xl)"},"content":{"rendered":"<h4>\n<p> Cepli sala\u015f g\u00f6mlek t1010 Ye\u015fil (Beden: XL) <\/p>\n<div>\n<p>CEPL\u0130 SALA\u015e G\u00d6MLEK T1010, tarz\u0131n\u0131z\u0131 yans\u0131tan \u00f6zg\u00fcn bir par\u00e7ad\u0131r.<\/p>\n<p>\u00dcr\u00fcn \u00d6zellikleri:<\/p>\n<ul>\n<li>Kad\u0131n giyim kategorisinde yer almaktad\u0131r.<\/li>\n<li>Rahat ve sala\u015f kesimi ile g\u00fcn boyu konfor sa\u011flar.<\/li>\n<li>\u00d6n k\u0131sm\u0131nda yer alan cebi ile pratik kullan\u0131m sunar.<\/li>\n<li>Kaliteli kuma\u015f\u0131 sayesinde uzun \u00f6m\u00fcrl\u00fcd\u00fcr.<\/li>\n<li>Farkl\u0131 renk se\u00e7enekleri ile tarz\u0131n\u0131za uygun se\u00e7im yapabilirsiniz.<\/li>\n<li>Her mevsimde rahatl\u0131kla kullanabilece\u011finiz \u015f\u0131k bir par\u00e7ad\u0131r.<\/li>\n<\/ul>\n<p>CEPL\u0130 SALA\u015e G\u00d6MLEK T1010 ile \u015f\u0131kl\u0131\u011f\u0131 ve konforu bir arada ya\u015fay\u0131n!<\/p>\n<\/div>\n<p><b>\u00dcretici Markas\u0131 : ZENGEZUR MALL<\/b><\/p>\n<p><b>\u00dcretici Kodu : ZNGZRMLL090081729644843<\/b><\/p>\n<p><b>1 ADET F\u0130YATIDIR<\/b><\/p>\n<p><b><\/p>\n<p>            Sa\u011fl\u0131k ve hijyen a\u00e7\u0131s\u0131ndan iadeye uygun olmayan \u00fcr\u00fcnlerdir. <\/b><\/p>\n<\/h4>\n<p><\/p>\n","protected":false},"excerpt":{"rendered":"<p>Cepli Sala\u015f G\u00f6mlek T1010 Ye\u015fil (Beden: Xl)<\/p>\n","protected":false},"featured_media":44214,"comment_status":"open","ping_status":"closed","template":"","meta":[],"product_brand":[],"product_cat":[378,425],"product_tag":[6760,8064,8182,8183,2410],"class_list":{"0":"post-44219","1":"product","2":"type-product","3":"status-publish","4":"has-post-thumbnail","6":"product_cat-giyim","7":"product_cat-gomlek","8":"product_tag-cepli","9":"product_tag-gomlek","10":"product_tag-salas","11":"product_tag-t1010","12":"product_tag-yesil","14":"first","15":"instock","16":"taxable","17":"shipping-taxable","18":"purchasable","19":"product-type-simple"},"_links":{"self":[{"href":"https:\/\/depodanmusteriye.com\/urunler\/wp-json\/wp\/v2\/product\/44219","targetHints":{"allow":["GET"]}}],"collection":[{"href":"https:\/\/depodanmusteriye.com\/urunler\/wp-json\/wp\/v2\/product"}],"about":[{"href":"https:\/\/depodanmusteriye.com\/urunler\/wp-json\/wp\/v2\/types\/product"}],"replies":[{"embeddable":true,"href":"https:\/\/depodanmusteriye.com\/urunler\/wp-json\/wp\/v2\/comments?post=44219"}],"version-history":[{"count":0,"href":"https:\/\/depodanmusteriye.com\/urunler\/wp-json\/wp\/v2\/product\/44219\/revisions"}],"wp:featuredmedia":[{"embeddable":true,"href":"https:\/\/depodanmusteriye.com\/urunler\/wp-json\/wp\/v2\/media\/44214"}],"wp:attachment":[{"href":"https:\/\/depodanmusteriye.com\/urunler\/wp-json\/wp\/v2\/media?parent=44219"}],"wp:term":[{"taxonomy":"product_brand","embeddable":true,"href":"https:\/\/depodanmusteriye.com\/urunler\/wp-json\/wp\/v2\/product_brand?post=44219"},{"taxonomy":"product_cat","embeddable":true,"href":"https:\/\/depodanmusteriye.com\/urunler\/wp-json\/wp\/v2\/product_cat?post=44219"},{"taxonomy":"product_tag","embeddable":true,"href":"https:\/\/depodanmusteriye.com\/urunler\/wp-json\/wp\/v2\/product_tag?post=44219"}],"curies":[{"name":"wp","href":"https:\/\/api.w.org\/{rel}","templated":true}]}}