{"id":44191,"date":"2025-12-06T03:19:25","date_gmt":"2025-12-06T03:19:25","guid":{"rendered":"https:\/\/b2b.depodanmusteriye.com\/urun\/cepli-salas-gomlek-t1010-vizon-beden-s\/"},"modified":"2025-12-06T03:19:25","modified_gmt":"2025-12-06T03:19:25","slug":"cepli-salas-gomlek-t1010-vizon-beden-s","status":"publish","type":"product","link":"https:\/\/depodanmusteriye.com\/urunler\/urun\/cepli-salas-gomlek-t1010-vizon-beden-s\/","title":{"rendered":"Cepli Sala\u015f G\u00f6mlek T1010 Vizon (Beden: S)"},"content":{"rendered":"<h4>\n<p> Cepli sala\u015f g\u00f6mlek t1010 Vizon (Beden: S) <\/p>\n<p>T1010 model cepli sala\u015f g\u00f6mlek, rahatl\u0131\u011f\u0131 ve \u015f\u0131kl\u0131\u011f\u0131 bir arada sunar.<\/p>\n<p><strong>\u00d6zellikler:<\/strong><\/p>\n<ul>\n<li>Yumu\u015fak ve hafif kuma\u015ftan \u00fcretilmi\u015ftir.<\/li>\n<li>Geni\u015f kesimi sayesinde her bedene uyum sa\u011flar.<\/li>\n<li>Cep detaylar\u0131yla farkl\u0131 bir tarz katmaktad\u0131r.<\/li>\n<li>Uzun kollu ve d\u00fcz renk tasar\u0131m\u0131yla kolayca kombinlenebilir.<\/li>\n<li>G\u00fcnl\u00fck kullan\u0131ma uygun \u015f\u0131k ve rahat bir se\u00e7enektir.<\/li>\n<\/ul>\n<p><b>\u00dcretici Markas\u0131 : ZENGEZUR MALL<\/b><\/p>\n<p><b>\u00dcretici Kodu : ZNGZRMLL090027145644842<\/b><\/p>\n<p><b>1 ADET F\u0130YATIDIR<\/b><\/p>\n<p><b><\/p>\n<p>            Sa\u011fl\u0131k ve hijyen a\u00e7\u0131s\u0131ndan iadeye uygun olmayan \u00fcr\u00fcnlerdir. <\/b><\/p>\n<\/h4>\n<p><\/p>\n","protected":false},"excerpt":{"rendered":"<p>Cepli Sala\u015f G\u00f6mlek T1010 Vizon (Beden: S)<\/p>\n","protected":false},"featured_media":44184,"comment_status":"open","ping_status":"closed","template":"","meta":[],"product_brand":[],"product_cat":[378,425],"product_tag":[6760,8064,8182,8183,7289],"class_list":{"0":"post-44191","1":"product","2":"type-product","3":"status-publish","4":"has-post-thumbnail","6":"product_cat-giyim","7":"product_cat-gomlek","8":"product_tag-cepli","9":"product_tag-gomlek","10":"product_tag-salas","11":"product_tag-t1010","12":"product_tag-vizon","14":"first","15":"instock","16":"taxable","17":"shipping-taxable","18":"purchasable","19":"product-type-simple"},"_links":{"self":[{"href":"https:\/\/depodanmusteriye.com\/urunler\/wp-json\/wp\/v2\/product\/44191","targetHints":{"allow":["GET"]}}],"collection":[{"href":"https:\/\/depodanmusteriye.com\/urunler\/wp-json\/wp\/v2\/product"}],"about":[{"href":"https:\/\/depodanmusteriye.com\/urunler\/wp-json\/wp\/v2\/types\/product"}],"replies":[{"embeddable":true,"href":"https:\/\/depodanmusteriye.com\/urunler\/wp-json\/wp\/v2\/comments?post=44191"}],"version-history":[{"count":0,"href":"https:\/\/depodanmusteriye.com\/urunler\/wp-json\/wp\/v2\/product\/44191\/revisions"}],"wp:featuredmedia":[{"embeddable":true,"href":"https:\/\/depodanmusteriye.com\/urunler\/wp-json\/wp\/v2\/media\/44184"}],"wp:attachment":[{"href":"https:\/\/depodanmusteriye.com\/urunler\/wp-json\/wp\/v2\/media?parent=44191"}],"wp:term":[{"taxonomy":"product_brand","embeddable":true,"href":"https:\/\/depodanmusteriye.com\/urunler\/wp-json\/wp\/v2\/product_brand?post=44191"},{"taxonomy":"product_cat","embeddable":true,"href":"https:\/\/depodanmusteriye.com\/urunler\/wp-json\/wp\/v2\/product_cat?post=44191"},{"taxonomy":"product_tag","embeddable":true,"href":"https:\/\/depodanmusteriye.com\/urunler\/wp-json\/wp\/v2\/product_tag?post=44191"}],"curies":[{"name":"wp","href":"https:\/\/api.w.org\/{rel}","templated":true}]}}