{"id":44183,"date":"2025-12-06T03:19:10","date_gmt":"2025-12-06T03:19:10","guid":{"rendered":"https:\/\/b2b.depodanmusteriye.com\/urun\/cepli-salas-gomlek-t1010-beyaz-beden-xl\/"},"modified":"2025-12-06T03:19:10","modified_gmt":"2025-12-06T03:19:10","slug":"cepli-salas-gomlek-t1010-beyaz-beden-xl","status":"publish","type":"product","link":"https:\/\/depodanmusteriye.com\/urunler\/urun\/cepli-salas-gomlek-t1010-beyaz-beden-xl\/","title":{"rendered":"Cepli Sala\u015f G\u00f6mlek T1010 Beyaz (Beden: Xl)"},"content":{"rendered":"<h4>\n<p> Cepli sala\u015f g\u00f6mlek t1010 Beyaz (Beden: XL) <\/p>\n<div>\n<p>T1010 Cepli Sala\u015f G\u00f6mlek, \u015f\u0131kl\u0131\u011f\u0131 ve rahatl\u0131\u011f\u0131 bir arada sunar.<\/p>\n<p>\u00dcr\u00fcn \u00d6zellikleri:<\/p>\n<ul>\n<li>Yumu\u015fak ve hafif kuma\u015ftan \u00fcretilmi\u015ftir.<\/li>\n<li>Yaka k\u0131sm\u0131nda \u015f\u0131k detaylar bulunmaktad\u0131r.<\/li>\n<li>Bel k\u0131sm\u0131nda ince bir kemerle v\u00fccuda oturacak \u015fekilde tasarlanm\u0131\u015ft\u0131r.<\/li>\n<li>\u00d6n k\u0131sm\u0131nda yer alan cepler, hem kullan\u0131\u015fl\u0131 hem de \u015f\u0131k bir g\u00f6r\u00fcn\u00fcm sunar.<\/li>\n<li>Omuz k\u0131sm\u0131nda farkl\u0131 renk se\u00e7enekleri bulunmaktad\u0131r.<\/li>\n<li>Her mevsim rahatl\u0131kla kullanabilece\u011finiz bir par\u00e7ad\u0131r.<\/li>\n<\/ul>\n<p>\u015e\u0131kl\u0131\u011f\u0131 seven kad\u0131nlar\u0131n gard\u0131robunda mutlaka bulunmas\u0131 gereken bir par\u00e7ad\u0131r. T1010 Cepli Sala\u015f G\u00f6mlek ile hem g\u00fcnl\u00fck hayatta hem de \u00f6zel g\u00fcnlerde \u015f\u0131k ve rahat bir g\u00f6r\u00fcn\u00fcme sahip olabilirsiniz.<\/p>\n<\/div>\n<p><b>\u00dcretici Markas\u0131 : ZENGEZUR MALL<\/b><\/p>\n<p><b>\u00dcretici Kodu : ZNGZRMLL090019643844841<\/b><\/p>\n<p><b>1 ADET F\u0130YATIDIR<\/b><\/p>\n<p><b><\/p>\n<p>            Sa\u011fl\u0131k ve hijyen a\u00e7\u0131s\u0131ndan iadeye uygun olmayan \u00fcr\u00fcnlerdir. <\/b><\/p>\n<\/h4>\n<p><\/p>\n","protected":false},"excerpt":{"rendered":"<p>Cepli Sala\u015f G\u00f6mlek T1010 Beyaz (Beden: Xl)<\/p>\n","protected":false},"featured_media":44178,"comment_status":"open","ping_status":"closed","template":"","meta":[],"product_brand":[],"product_cat":[378,425],"product_tag":[1663,6760,8064,8182,8183],"class_list":{"0":"post-44183","1":"product","2":"type-product","3":"status-publish","4":"has-post-thumbnail","6":"product_cat-giyim","7":"product_cat-gomlek","8":"product_tag-beyaz","9":"product_tag-cepli","10":"product_tag-gomlek","11":"product_tag-salas","12":"product_tag-t1010","14":"first","15":"instock","16":"taxable","17":"shipping-taxable","18":"purchasable","19":"product-type-simple"},"_links":{"self":[{"href":"https:\/\/depodanmusteriye.com\/urunler\/wp-json\/wp\/v2\/product\/44183","targetHints":{"allow":["GET"]}}],"collection":[{"href":"https:\/\/depodanmusteriye.com\/urunler\/wp-json\/wp\/v2\/product"}],"about":[{"href":"https:\/\/depodanmusteriye.com\/urunler\/wp-json\/wp\/v2\/types\/product"}],"replies":[{"embeddable":true,"href":"https:\/\/depodanmusteriye.com\/urunler\/wp-json\/wp\/v2\/comments?post=44183"}],"version-history":[{"count":0,"href":"https:\/\/depodanmusteriye.com\/urunler\/wp-json\/wp\/v2\/product\/44183\/revisions"}],"wp:featuredmedia":[{"embeddable":true,"href":"https:\/\/depodanmusteriye.com\/urunler\/wp-json\/wp\/v2\/media\/44178"}],"wp:attachment":[{"href":"https:\/\/depodanmusteriye.com\/urunler\/wp-json\/wp\/v2\/media?parent=44183"}],"wp:term":[{"taxonomy":"product_brand","embeddable":true,"href":"https:\/\/depodanmusteriye.com\/urunler\/wp-json\/wp\/v2\/product_brand?post=44183"},{"taxonomy":"product_cat","embeddable":true,"href":"https:\/\/depodanmusteriye.com\/urunler\/wp-json\/wp\/v2\/product_cat?post=44183"},{"taxonomy":"product_tag","embeddable":true,"href":"https:\/\/depodanmusteriye.com\/urunler\/wp-json\/wp\/v2\/product_tag?post=44183"}],"curies":[{"name":"wp","href":"https:\/\/api.w.org\/{rel}","templated":true}]}}