{"id":43414,"date":"2025-12-06T02:46:48","date_gmt":"2025-12-06T02:46:48","guid":{"rendered":"https:\/\/b2b.depodanmusteriye.com\/urun\/jisse-lila-cilt-canta-beden-standart\/"},"modified":"2025-12-06T02:46:48","modified_gmt":"2025-12-06T02:46:48","slug":"jisse-lila-cilt-canta-beden-standart","status":"publish","type":"product","link":"https:\/\/depodanmusteriye.com\/urunler\/urun\/jisse-lila-cilt-canta-beden-standart\/","title":{"rendered":"Jisse Lila Cilt \u00c7anta (Beden: Standart)"},"content":{"rendered":"<h4>\n<p> Jisse lila cilt \u00e7anta (Beden: STANDART) <\/p>\n<div>\n<p>Jisse lila cilt \u00e7antas\u0131, \u015f\u0131kl\u0131\u011f\u0131 ve fonksiyonelli\u011fi bir arada sunan bir aksesuard\u0131r.<\/p>\n<p>\u00d6zel tasar\u0131m\u0131 sayesinde her t\u00fcrl\u00fc kombinle uyum sa\u011flayabilir.<\/p>\n<p>Sa\u011flam deri malzeme ve diki\u015flerle uzun \u00f6m\u00fcrl\u00fc kullan\u0131m sa\u011flar.<\/p>\n<p>Geni\u015f i\u00e7 hacmi ile g\u00fcnl\u00fck ihtiya\u00e7lar\u0131n\u0131z\u0131 kolayl\u0131kla ta\u015f\u0131yabilirsiniz.<\/p>\n<p>Yan cepleri ve fermuarl\u0131 b\u00f6lmeleriyle e\u015fyalar\u0131n\u0131z\u0131 d\u00fczenli bir \u015fekilde saklayabilirsiniz.<\/p>\n<p>\u00c7\u0131kar\u0131labilir ask\u0131s\u0131 sayesinde omuzdan ya da elde rahat\u00e7a ta\u015f\u0131nabilir.<\/p>\n<p>\u015e\u0131k detaylar\u0131 ve lila rengi ile her ya\u015f ve tarza hitap eder.<\/p>\n<\/div>\n<p><b>\u00dcretici Markas\u0131 : ZENGEZUR MALL<\/b><\/p>\n<p><b>\u00dcretici Kodu : ZNGZRMLL090021999144682<\/b><\/p>\n<p><b>1 ADET F\u0130YATIDIR<\/b><\/p>\n<p><b><\/p>\n<p>            Sa\u011fl\u0131k ve hijyen a\u00e7\u0131s\u0131ndan iadeye uygun olmayan \u00fcr\u00fcnlerdir. <\/b><\/p>\n<\/h4>\n<p><\/p>\n","protected":false},"excerpt":{"rendered":"<p>Jisse Lila Cilt \u00c7anta (Beden: Standart)<\/p>\n","protected":false},"featured_media":43410,"comment_status":"open","ping_status":"closed","template":"","meta":[],"product_brand":[],"product_cat":[400,378],"product_tag":[3525,4155,8146,2784],"class_list":{"0":"post-43414","1":"product","2":"type-product","3":"status-publish","4":"has-post-thumbnail","6":"product_cat-abiye-canta","7":"product_cat-giyim","8":"product_tag-canta","9":"product_tag-cilt","10":"product_tag-jisse","11":"product_tag-lila","13":"first","14":"instock","15":"taxable","16":"shipping-taxable","17":"purchasable","18":"product-type-simple"},"_links":{"self":[{"href":"https:\/\/depodanmusteriye.com\/urunler\/wp-json\/wp\/v2\/product\/43414","targetHints":{"allow":["GET"]}}],"collection":[{"href":"https:\/\/depodanmusteriye.com\/urunler\/wp-json\/wp\/v2\/product"}],"about":[{"href":"https:\/\/depodanmusteriye.com\/urunler\/wp-json\/wp\/v2\/types\/product"}],"replies":[{"embeddable":true,"href":"https:\/\/depodanmusteriye.com\/urunler\/wp-json\/wp\/v2\/comments?post=43414"}],"version-history":[{"count":0,"href":"https:\/\/depodanmusteriye.com\/urunler\/wp-json\/wp\/v2\/product\/43414\/revisions"}],"wp:featuredmedia":[{"embeddable":true,"href":"https:\/\/depodanmusteriye.com\/urunler\/wp-json\/wp\/v2\/media\/43410"}],"wp:attachment":[{"href":"https:\/\/depodanmusteriye.com\/urunler\/wp-json\/wp\/v2\/media?parent=43414"}],"wp:term":[{"taxonomy":"product_brand","embeddable":true,"href":"https:\/\/depodanmusteriye.com\/urunler\/wp-json\/wp\/v2\/product_brand?post=43414"},{"taxonomy":"product_cat","embeddable":true,"href":"https:\/\/depodanmusteriye.com\/urunler\/wp-json\/wp\/v2\/product_cat?post=43414"},{"taxonomy":"product_tag","embeddable":true,"href":"https:\/\/depodanmusteriye.com\/urunler\/wp-json\/wp\/v2\/product_tag?post=43414"}],"curies":[{"name":"wp","href":"https:\/\/api.w.org\/{rel}","templated":true}]}}