{"id":43368,"date":"2025-12-06T02:41:58","date_gmt":"2025-12-06T02:41:58","guid":{"rendered":"https:\/\/b2b.depodanmusteriye.com\/urun\/klasik-kapakli-siyah-cilt-canta-beden-standart\/"},"modified":"2025-12-06T02:41:58","modified_gmt":"2025-12-06T02:41:58","slug":"klasik-kapakli-siyah-cilt-canta-beden-standart","status":"publish","type":"product","link":"https:\/\/depodanmusteriye.com\/urunler\/urun\/klasik-kapakli-siyah-cilt-canta-beden-standart\/","title":{"rendered":"Klasik Kapakl\u0131 Siyah Cilt \u00c7anta (Beden: Standart)"},"content":{"rendered":"<h4>\n<p> Klasik kapakl\u0131 siyah cilt \u00e7anta (Beden: STANDART) <\/p>\n<p>Bu \u015f\u0131k siyah cilt \u00e7anta, hem klasik hem de \u015f\u0131k bir g\u00f6r\u00fcn\u00fcm sunar. \u0130ster g\u00fcnl\u00fck kullan\u0131m i\u00e7in olsun, ister \u00f6zel bir davet i\u00e7in, bu \u00e7anta her durumda tarz\u0131n\u0131z\u0131 tamamlayacak bir aksesuard\u0131r.<\/p>\n<p>\u00dcr\u00fcn \u00d6zellikleri:<\/p>\n<ul>\n<li>Klasik ve \u015f\u0131k tasar\u0131m<\/li>\n<li>Siyah renk cilt malzeme<\/li>\n<li>Kapakl\u0131 ve fermuarl\u0131 ana b\u00f6lme<\/li>\n<li>\u0130\u00e7 k\u0131sm\u0131nda ferah ve d\u00fczenli bir tasar\u0131m<\/li>\n<li>\u00c7\u0131kar\u0131labilir omuz ask\u0131s\u0131<\/li>\n<li>\u00d6l\u00e7\u00fcler: (U x G x D) cm<\/li>\n<li>Kullan\u0131m alan\u0131na g\u00f6re ayarlanabilir ask\u0131 uzunlu\u011fu<\/li>\n<\/ul>\n<p><b>\u00dcretici Markas\u0131 : ZENGEZUR MALL<\/b><\/p>\n<p><b>\u00dcretici Kodu : ZNGZRMLL090069546744671<\/b><\/p>\n<p><b>1 ADET F\u0130YATIDIR<\/b><\/p>\n<p><b><\/p>\n<p>            Sa\u011fl\u0131k ve hijyen a\u00e7\u0131s\u0131ndan iadeye uygun olmayan \u00fcr\u00fcnlerdir. <\/b><\/p>\n<\/h4>\n<p><\/p>\n","protected":false},"excerpt":{"rendered":"<p>Klasik Kapakl\u0131 Siyah Cilt \u00c7anta (Beden: Standart)<\/p>\n","protected":false},"featured_media":43362,"comment_status":"open","ping_status":"closed","template":"","meta":[],"product_brand":[],"product_cat":[400,378],"product_tag":[3525,4155,1333,2029,1391],"class_list":{"0":"post-43368","1":"product","2":"type-product","3":"status-publish","4":"has-post-thumbnail","6":"product_cat-abiye-canta","7":"product_cat-giyim","8":"product_tag-canta","9":"product_tag-cilt","10":"product_tag-kapakli","11":"product_tag-klasik","12":"product_tag-siyah","14":"first","15":"instock","16":"taxable","17":"shipping-taxable","18":"purchasable","19":"product-type-simple"},"_links":{"self":[{"href":"https:\/\/depodanmusteriye.com\/urunler\/wp-json\/wp\/v2\/product\/43368","targetHints":{"allow":["GET"]}}],"collection":[{"href":"https:\/\/depodanmusteriye.com\/urunler\/wp-json\/wp\/v2\/product"}],"about":[{"href":"https:\/\/depodanmusteriye.com\/urunler\/wp-json\/wp\/v2\/types\/product"}],"replies":[{"embeddable":true,"href":"https:\/\/depodanmusteriye.com\/urunler\/wp-json\/wp\/v2\/comments?post=43368"}],"version-history":[{"count":0,"href":"https:\/\/depodanmusteriye.com\/urunler\/wp-json\/wp\/v2\/product\/43368\/revisions"}],"wp:featuredmedia":[{"embeddable":true,"href":"https:\/\/depodanmusteriye.com\/urunler\/wp-json\/wp\/v2\/media\/43362"}],"wp:attachment":[{"href":"https:\/\/depodanmusteriye.com\/urunler\/wp-json\/wp\/v2\/media?parent=43368"}],"wp:term":[{"taxonomy":"product_brand","embeddable":true,"href":"https:\/\/depodanmusteriye.com\/urunler\/wp-json\/wp\/v2\/product_brand?post=43368"},{"taxonomy":"product_cat","embeddable":true,"href":"https:\/\/depodanmusteriye.com\/urunler\/wp-json\/wp\/v2\/product_cat?post=43368"},{"taxonomy":"product_tag","embeddable":true,"href":"https:\/\/depodanmusteriye.com\/urunler\/wp-json\/wp\/v2\/product_tag?post=43368"}],"curies":[{"name":"wp","href":"https:\/\/api.w.org\/{rel}","templated":true}]}}