{"id":43125,"date":"2025-12-06T02:24:11","date_gmt":"2025-12-06T02:24:11","guid":{"rendered":"https:\/\/b2b.depodanmusteriye.com\/urun\/krem-cilt-jessi-canta-beden-standart\/"},"modified":"2025-12-06T02:24:11","modified_gmt":"2025-12-06T02:24:11","slug":"krem-cilt-jessi-canta-beden-standart","status":"publish","type":"product","link":"https:\/\/depodanmusteriye.com\/urunler\/urun\/krem-cilt-jessi-canta-beden-standart\/","title":{"rendered":"Krem Cilt Jessi \u00c7anta (Beden: Standart)"},"content":{"rendered":"<h4>\n<p> Krem cilt jessi \u00e7anta (Beden: STANDART) <\/p>\n<div>\n<p>Farkl\u0131 ve \u015f\u0131k g\u00f6r\u00fcn\u00fcm\u00fc ile dikkat \u00e7eken Kahve Cilt Jessi \u00c7anta, g\u00fcnl\u00fck kullan\u0131m i\u00e7in ideal bir se\u00e7enektir.<\/p>\n<p>\u00dcr\u00fcn \u00d6zellikleri:<\/p>\n<ul>\n<li>Y\u00fcksek kaliteli cilt malzemeden \u00fcretilmi\u015ftir.<\/li>\n<li>Deri detaylar\u0131 ile \u015f\u0131k bir g\u00f6r\u00fcn\u00fcme sahiptir.<\/li>\n<li>Geni\u015f i\u00e7 hacmi sayesinde e\u015fyalar\u0131n\u0131z\u0131 d\u00fczenli bir \u015fekilde ta\u015f\u0131yabilirsiniz.<\/li>\n<li>Omuz ask\u0131s\u0131 ayarlanabilir \u00f6zelliktedir, iste\u011finize g\u00f6re kullan\u0131m kolayl\u0131\u011f\u0131 sa\u011flar.<\/li>\n<li>\u0130\u00e7 k\u0131sm\u0131nda yer alan fermuarl\u0131 b\u00f6lmeler sayesinde e\u015fyalar\u0131n\u0131z\u0131 g\u00fcvenli bir \u015fekilde saklayabilirsiniz.<\/li>\n<li>G\u00fcnl\u00fck kullan\u0131ma uygun boyutlara sahiptir, her tarz k\u0131yafet ile rahatl\u0131kla kombinlenebilir.<\/li>\n<\/ul>\n<p>Kahve Cilt Jessi \u00c7anta ile \u015f\u0131kl\u0131\u011f\u0131 ve kullan\u0131\u015fl\u0131l\u0131\u011f\u0131 bir arada ya\u015fay\u0131n!<\/p>\n<\/div>\n<p><b>\u00dcretici Markas\u0131 : ZENGEZUR MALL<\/b><\/p>\n<p><b>\u00dcretici Kodu : ZNGZRMLL090065534844599<\/b><\/p>\n<p><b>1 ADET F\u0130YATIDIR<\/b><\/p>\n<p><b><\/p>\n<p>            Sa\u011fl\u0131k ve hijyen a\u00e7\u0131s\u0131ndan iadeye uygun olmayan \u00fcr\u00fcnlerdir. <\/b><\/p>\n<\/h4>\n<p><\/p>\n","protected":false},"excerpt":{"rendered":"<p>Krem Cilt Jessi \u00c7anta (Beden: Standart)<\/p>\n","protected":false},"featured_media":43120,"comment_status":"open","ping_status":"closed","template":"","meta":[],"product_brand":[],"product_cat":[400,378],"product_tag":[3525,4155,8122,7750],"class_list":{"0":"post-43125","1":"product","2":"type-product","3":"status-publish","4":"has-post-thumbnail","6":"product_cat-abiye-canta","7":"product_cat-giyim","8":"product_tag-canta","9":"product_tag-cilt","10":"product_tag-jessi","11":"product_tag-krem","13":"first","14":"instock","15":"taxable","16":"shipping-taxable","17":"purchasable","18":"product-type-simple"},"_links":{"self":[{"href":"https:\/\/depodanmusteriye.com\/urunler\/wp-json\/wp\/v2\/product\/43125","targetHints":{"allow":["GET"]}}],"collection":[{"href":"https:\/\/depodanmusteriye.com\/urunler\/wp-json\/wp\/v2\/product"}],"about":[{"href":"https:\/\/depodanmusteriye.com\/urunler\/wp-json\/wp\/v2\/types\/product"}],"replies":[{"embeddable":true,"href":"https:\/\/depodanmusteriye.com\/urunler\/wp-json\/wp\/v2\/comments?post=43125"}],"version-history":[{"count":0,"href":"https:\/\/depodanmusteriye.com\/urunler\/wp-json\/wp\/v2\/product\/43125\/revisions"}],"wp:featuredmedia":[{"embeddable":true,"href":"https:\/\/depodanmusteriye.com\/urunler\/wp-json\/wp\/v2\/media\/43120"}],"wp:attachment":[{"href":"https:\/\/depodanmusteriye.com\/urunler\/wp-json\/wp\/v2\/media?parent=43125"}],"wp:term":[{"taxonomy":"product_brand","embeddable":true,"href":"https:\/\/depodanmusteriye.com\/urunler\/wp-json\/wp\/v2\/product_brand?post=43125"},{"taxonomy":"product_cat","embeddable":true,"href":"https:\/\/depodanmusteriye.com\/urunler\/wp-json\/wp\/v2\/product_cat?post=43125"},{"taxonomy":"product_tag","embeddable":true,"href":"https:\/\/depodanmusteriye.com\/urunler\/wp-json\/wp\/v2\/product_tag?post=43125"}],"curies":[{"name":"wp","href":"https:\/\/api.w.org\/{rel}","templated":true}]}}