{"id":42802,"date":"2025-12-06T02:08:43","date_gmt":"2025-12-06T02:08:43","guid":{"rendered":"https:\/\/b2b.depodanmusteriye.com\/urun\/duz-atlet-084-antrasit-beden-standart\/"},"modified":"2025-12-06T02:08:43","modified_gmt":"2025-12-06T02:08:43","slug":"duz-atlet-084-antrasit-beden-standart","status":"publish","type":"product","link":"https:\/\/depodanmusteriye.com\/urunler\/urun\/duz-atlet-084-antrasit-beden-standart\/","title":{"rendered":"D\u00fcz Atlet 084 Antrasit (Beden: Standart)"},"content":{"rendered":"<h4>\n<p> D\u00fcz atlet 084 Antrasit (Beden: STANDART) <\/p>\n<p>D\u00fcz Atlet 084, \u015f\u0131kl\u0131\u011f\u0131 ve rahatl\u0131\u011f\u0131 bir arada sunan bir \u00fcr\u00fcnd\u00fcr. Kad\u0131n Giyim kategorisinde yer alan bu atlet, g\u00fcnl\u00fck kullan\u0131m i\u00e7in idealdir.<\/p>\n<p>\u00dcr\u00fcn \u00d6zellikleri:<\/p>\n<ul>\n<li>Pamuklu kuma\u015f\u0131yla cildinize maksimum konfor sa\u011flar.<\/li>\n<li>Esnek yap\u0131s\u0131 sayesinde her bedene rahatl\u0131kla uyum sa\u011flar.<\/li>\n<li>Yumu\u015fak dokusu ile g\u00fcn boyu v\u00fccudunuzu sarmalayarak rahat bir deneyim sunar.<\/li>\n<li>\u00c7e\u015fitli renk se\u00e7enekleri ile tarz\u0131n\u0131za uygun olan\u0131 se\u00e7ebilirsiniz.<\/li>\n<li>Kolayca bak\u0131m yap\u0131labilir, uzun \u00f6m\u00fcrl\u00fc bir kullan\u0131m sunar.<\/li>\n<\/ul>\n<p><b>\u00dcretici Markas\u0131 : ZENGEZUR MALL<\/b><\/p>\n<p><b>\u00dcretici Kodu : ZNGZRMLL599063739744527<\/b><\/p>\n<p><b>1 ADET F\u0130YATIDIR<\/b><\/p>\n<p><b><\/p>\n<p>            Sa\u011fl\u0131k ve hijyen a\u00e7\u0131s\u0131ndan iadeye uygun olmayan \u00fcr\u00fcnlerdir. <\/b><\/p>\n<\/h4>\n<p><\/p>\n","protected":false},"excerpt":{"rendered":"<p>D\u00fcz Atlet 084 Antrasit (Beden: Standart)<\/p>\n","protected":false},"featured_media":42799,"comment_status":"open","ping_status":"closed","template":"","meta":[],"product_brand":[],"product_cat":[429,378],"product_tag":[8113,4835,1724,2146],"class_list":{"0":"post-42802","1":"product","2":"type-product","3":"status-publish","4":"has-post-thumbnail","6":"product_cat-atlet","7":"product_cat-giyim","8":"product_tag-8113","9":"product_tag-antrasit","10":"product_tag-atlet","11":"product_tag-duz","13":"first","14":"instock","15":"taxable","16":"shipping-taxable","17":"purchasable","18":"product-type-simple"},"_links":{"self":[{"href":"https:\/\/depodanmusteriye.com\/urunler\/wp-json\/wp\/v2\/product\/42802","targetHints":{"allow":["GET"]}}],"collection":[{"href":"https:\/\/depodanmusteriye.com\/urunler\/wp-json\/wp\/v2\/product"}],"about":[{"href":"https:\/\/depodanmusteriye.com\/urunler\/wp-json\/wp\/v2\/types\/product"}],"replies":[{"embeddable":true,"href":"https:\/\/depodanmusteriye.com\/urunler\/wp-json\/wp\/v2\/comments?post=42802"}],"version-history":[{"count":0,"href":"https:\/\/depodanmusteriye.com\/urunler\/wp-json\/wp\/v2\/product\/42802\/revisions"}],"wp:featuredmedia":[{"embeddable":true,"href":"https:\/\/depodanmusteriye.com\/urunler\/wp-json\/wp\/v2\/media\/42799"}],"wp:attachment":[{"href":"https:\/\/depodanmusteriye.com\/urunler\/wp-json\/wp\/v2\/media?parent=42802"}],"wp:term":[{"taxonomy":"product_brand","embeddable":true,"href":"https:\/\/depodanmusteriye.com\/urunler\/wp-json\/wp\/v2\/product_brand?post=42802"},{"taxonomy":"product_cat","embeddable":true,"href":"https:\/\/depodanmusteriye.com\/urunler\/wp-json\/wp\/v2\/product_cat?post=42802"},{"taxonomy":"product_tag","embeddable":true,"href":"https:\/\/depodanmusteriye.com\/urunler\/wp-json\/wp\/v2\/product_tag?post=42802"}],"curies":[{"name":"wp","href":"https:\/\/api.w.org\/{rel}","templated":true}]}}