{"id":42791,"date":"2025-12-06T02:08:13","date_gmt":"2025-12-06T02:08:13","guid":{"rendered":"https:\/\/b2b.depodanmusteriye.com\/urun\/opucuk-baskili-bluz-beyaz-beden-standart\/"},"modified":"2025-12-06T02:08:13","modified_gmt":"2025-12-06T02:08:13","slug":"opucuk-baskili-bluz-beyaz-beden-standart","status":"publish","type":"product","link":"https:\/\/depodanmusteriye.com\/urunler\/urun\/opucuk-baskili-bluz-beyaz-beden-standart\/","title":{"rendered":"\u00d6p\u00fcc\u00fck Bask\u0131l\u0131 Bluz Beyaz (Beden: Standart)"},"content":{"rendered":"<h4>\n<p> \u00d6p\u00fcc\u00fck bask\u0131l\u0131 bluz Beyaz (Beden: STANDART) <\/p>\n<div>\n<p>Yeni sezonda \u015f\u0131kl\u0131\u011f\u0131 ve feminenli\u011fi bir arada sunan Opucuk bask\u0131l\u0131 bluz, gard\u0131robunuzun vazge\u00e7ilmezi olmaya aday!<\/p>\n<p>\u00d6zel tasar\u0131m \u00f6p\u00fcc\u00fck deseni bluzunuzla her ortamda kendinizi \u00f6zel ve \u015f\u0131k hissedeceksiniz.<\/p>\n<p>Yumu\u015fak ve kaliteli kuma\u015f\u0131 sayesinde g\u00fcn boyu konforu sa\u011flayacak olan bu bluzu, denim pantolonlar\u0131n\u0131z veya eteklerinizle rahatl\u0131kla kombinleyebilirsiniz.<\/p>\n<p>Ayr\u0131ca, v\u00fccudu saran kesimi sayesinde modern bir g\u00f6r\u00fcn\u00fcm elde edebilirsiniz.<\/p>\n<p>Ma\u011fazam\u0131zda farkl\u0131 beden se\u00e7enekleri bulunan Opucuk bask\u0131l\u0131 bluzu hemen sepetinize ekleyin ve tarz\u0131n\u0131za \u015f\u0131kl\u0131k kat\u0131n!<\/p>\n<\/div>\n<p><b>\u00dcretici Markas\u0131 : ZENGEZUR MALL<\/b><\/p>\n<p><b>\u00dcretici Kodu : ZNGZRMLL599040052644520<\/b><\/p>\n<p><b>1 ADET F\u0130YATIDIR<\/b><\/p>\n<p><b><\/p>\n<p>            Sa\u011fl\u0131k ve hijyen a\u00e7\u0131s\u0131ndan iadeye uygun olmayan \u00fcr\u00fcnlerdir. <\/b><\/p>\n<\/h4>\n<p><\/p>\n","protected":false},"excerpt":{"rendered":"<p>\u00d6p\u00fcc\u00fck Bask\u0131l\u0131 Bluz Beyaz (Beden: Standart)<\/p>\n","protected":false},"featured_media":42789,"comment_status":"open","ping_status":"closed","template":"","meta":[],"product_brand":[],"product_cat":[423,378],"product_tag":[6608,1663,8068,8112],"class_list":{"0":"post-42791","1":"product","2":"type-product","3":"status-publish","4":"has-post-thumbnail","6":"product_cat-bluz","7":"product_cat-giyim","8":"product_tag-baskili","9":"product_tag-beyaz","10":"product_tag-bluz","11":"product_tag-opucuk","13":"first","14":"instock","15":"taxable","16":"shipping-taxable","17":"purchasable","18":"product-type-simple"},"_links":{"self":[{"href":"https:\/\/depodanmusteriye.com\/urunler\/wp-json\/wp\/v2\/product\/42791","targetHints":{"allow":["GET"]}}],"collection":[{"href":"https:\/\/depodanmusteriye.com\/urunler\/wp-json\/wp\/v2\/product"}],"about":[{"href":"https:\/\/depodanmusteriye.com\/urunler\/wp-json\/wp\/v2\/types\/product"}],"replies":[{"embeddable":true,"href":"https:\/\/depodanmusteriye.com\/urunler\/wp-json\/wp\/v2\/comments?post=42791"}],"version-history":[{"count":0,"href":"https:\/\/depodanmusteriye.com\/urunler\/wp-json\/wp\/v2\/product\/42791\/revisions"}],"wp:featuredmedia":[{"embeddable":true,"href":"https:\/\/depodanmusteriye.com\/urunler\/wp-json\/wp\/v2\/media\/42789"}],"wp:attachment":[{"href":"https:\/\/depodanmusteriye.com\/urunler\/wp-json\/wp\/v2\/media?parent=42791"}],"wp:term":[{"taxonomy":"product_brand","embeddable":true,"href":"https:\/\/depodanmusteriye.com\/urunler\/wp-json\/wp\/v2\/product_brand?post=42791"},{"taxonomy":"product_cat","embeddable":true,"href":"https:\/\/depodanmusteriye.com\/urunler\/wp-json\/wp\/v2\/product_cat?post=42791"},{"taxonomy":"product_tag","embeddable":true,"href":"https:\/\/depodanmusteriye.com\/urunler\/wp-json\/wp\/v2\/product_tag?post=42791"}],"curies":[{"name":"wp","href":"https:\/\/api.w.org\/{rel}","templated":true}]}}