{"id":42039,"date":"2025-12-06T01:37:57","date_gmt":"2025-12-06T01:37:57","guid":{"rendered":"https:\/\/b2b.depodanmusteriye.com\/urun\/fitilli-kaskorse-yakasi-zincirli-atlet-siyah-beden-m\/"},"modified":"2025-12-06T01:37:57","modified_gmt":"2025-12-06T01:37:57","slug":"fitilli-kaskorse-yakasi-zincirli-atlet-siyah-beden-m","status":"publish","type":"product","link":"https:\/\/depodanmusteriye.com\/urunler\/urun\/fitilli-kaskorse-yakasi-zincirli-atlet-siyah-beden-m\/","title":{"rendered":"Fitilli Ka\u015fkorse Yakas\u0131 Zincirli Atlet Siyah (Beden: M)"},"content":{"rendered":"<h4>\n<p> fitilli ka\u015fkorse yakas\u0131 zincirli atlet siyah (Beden: M) <\/p>\n<p>Fitilli ka\u015fkorse detay\u0131yla tasarlanm\u0131\u015f \u015f\u0131k bir atlet arayan kad\u0131nlar i\u00e7in ideal bir se\u00e7im olan Fitilli Ka\u015fkorse Yakas\u0131 Zincirli Atlet, tarz\u0131n\u0131z\u0131 ve \u015f\u0131kl\u0131\u011f\u0131n\u0131z\u0131 \u00f6n plana \u00e7\u0131karacak.<\/p>\n<p>\u00dcr\u00fcn \u00d6zellikleri:<\/p>\n<ul>\n<li>Ka\u015fkorse detay\u0131yla feminen bir g\u00f6r\u00fcn\u00fcm sunar.<\/li>\n<li>Zincir detay\u0131yla modern ve \u015f\u0131k bir hava katar.<\/li>\n<li>Y\u00fcksek kaliteli ve dayan\u0131kl\u0131 fitilli kuma\u015f\u0131 sayesinde uzun s\u00fcre kullan\u0131m sa\u011flar.<\/li>\n<li>V\u00fccudu saran kesimiyle bedeni g\u00fczel bir \u015fekilde kusursuzca sarar.<\/li>\n<li>G\u00fcnl\u00fck kullan\u0131ma uygun, rahat ve \u015f\u0131k bir tasar\u0131ma sahiptir.<\/li>\n<\/ul>\n<p><b>\u00dcretici Markas\u0131 : ZENGEZUR MALL<\/b><\/p>\n<p><b>\u00dcretici Kodu : ZNGZRMLL169712221143773<\/b><\/p>\n<p><b>1 ADET F\u0130YATIDIR<\/b><\/p>\n<p><b><\/p>\n<p>            Sa\u011fl\u0131k ve hijyen a\u00e7\u0131s\u0131ndan iadeye uygun olmayan \u00fcr\u00fcnlerdir. <\/b><\/p>\n<\/h4>\n<p><\/p>\n","protected":false},"excerpt":{"rendered":"<p>Fitilli Ka\u015fkorse Yakas\u0131 Zincirli Atlet Siyah (Beden: M)<\/p>\n","protected":false},"featured_media":42033,"comment_status":"open","ping_status":"closed","template":"","meta":[],"product_brand":[],"product_cat":[429,378],"product_tag":[1724,8048,8067,1391,8069,3048],"class_list":{"0":"post-42039","1":"product","2":"type-product","3":"status-publish","4":"has-post-thumbnail","6":"product_cat-atlet","7":"product_cat-giyim","8":"product_tag-atlet","9":"product_tag-fitilli","10":"product_tag-kaskorse","11":"product_tag-siyah","12":"product_tag-yakasi","13":"product_tag-zincirli","15":"first","16":"instock","17":"taxable","18":"shipping-taxable","19":"purchasable","20":"product-type-simple"},"_links":{"self":[{"href":"https:\/\/depodanmusteriye.com\/urunler\/wp-json\/wp\/v2\/product\/42039","targetHints":{"allow":["GET"]}}],"collection":[{"href":"https:\/\/depodanmusteriye.com\/urunler\/wp-json\/wp\/v2\/product"}],"about":[{"href":"https:\/\/depodanmusteriye.com\/urunler\/wp-json\/wp\/v2\/types\/product"}],"replies":[{"embeddable":true,"href":"https:\/\/depodanmusteriye.com\/urunler\/wp-json\/wp\/v2\/comments?post=42039"}],"version-history":[{"count":0,"href":"https:\/\/depodanmusteriye.com\/urunler\/wp-json\/wp\/v2\/product\/42039\/revisions"}],"wp:featuredmedia":[{"embeddable":true,"href":"https:\/\/depodanmusteriye.com\/urunler\/wp-json\/wp\/v2\/media\/42033"}],"wp:attachment":[{"href":"https:\/\/depodanmusteriye.com\/urunler\/wp-json\/wp\/v2\/media?parent=42039"}],"wp:term":[{"taxonomy":"product_brand","embeddable":true,"href":"https:\/\/depodanmusteriye.com\/urunler\/wp-json\/wp\/v2\/product_brand?post=42039"},{"taxonomy":"product_cat","embeddable":true,"href":"https:\/\/depodanmusteriye.com\/urunler\/wp-json\/wp\/v2\/product_cat?post=42039"},{"taxonomy":"product_tag","embeddable":true,"href":"https:\/\/depodanmusteriye.com\/urunler\/wp-json\/wp\/v2\/product_tag?post=42039"}],"curies":[{"name":"wp","href":"https:\/\/api.w.org\/{rel}","templated":true}]}}