{"id":41964,"date":"2025-12-06T01:34:54","date_gmt":"2025-12-06T01:34:54","guid":{"rendered":"https:\/\/b2b.depodanmusteriye.com\/urun\/4-8-yas-tisort-gomlek-kombini-vizon-beden-6\/"},"modified":"2025-12-06T01:34:54","modified_gmt":"2025-12-06T01:34:54","slug":"4-8-yas-tisort-gomlek-kombini-vizon-beden-6","status":"publish","type":"product","link":"https:\/\/depodanmusteriye.com\/urunler\/urun\/4-8-yas-tisort-gomlek-kombini-vizon-beden-6\/","title":{"rendered":"4-8 Ya\u015f Ti\u015f\u00f6rt G\u00f6mlek Kombini Vizon (Beden: 6)"},"content":{"rendered":"<h4>\n<p> 4-8 ya\u015f ti\u015f\u00f6rt g\u00f6mlek kombini vizon (Beden: 6) <\/p>\n<div>\n<p>ZENGEZUR MALL  markas\u0131n\u0131n 9-13 ya\u015f aras\u0131 erkek \u00e7ocuklar i\u00e7in tasarlad\u0131\u011f\u0131 \u015f\u0131k ve rahat vizon g\u00f6mlek, k\u00fc\u00e7\u00fck beylerin gard\u0131roplar\u0131nda vazge\u00e7ilmez bir par\u00e7a olmaya aday. Hem g\u00fcnl\u00fck kullan\u0131ma uygun hem de \u00f6zel g\u00fcnlerde \u015f\u0131k kombinlerin tamamlay\u0131c\u0131s\u0131 olan bu g\u00f6mlek, kaliteli kuma\u015f\u0131yla da \u00f6n plana \u00e7\u0131k\u0131yor.<\/p>\n<p>\u00dcr\u00fcn \u00d6zellikleri:<\/p>\n<ul>\n<li>9-13 ya\u015f aral\u0131\u011f\u0131ndaki erkek \u00e7ocuklar i\u00e7in uygundur.<\/li>\n<li>Tasar\u0131m\u0131nda minimalist bir yakla\u015f\u0131m benimsenmi\u015ftir.<\/li>\n<li>Vizon rengi, \u015f\u0131kl\u0131k ve zarafeti bir arada sunar.<\/li>\n<li>Rahat kesimi sayesinde \u00e7ocu\u011funuzun g\u00fcn boyu konforlu olmas\u0131n\u0131 sa\u011flar.<\/li>\n<li>Kaliteli kuma\u015f\u0131 uzun \u00f6m\u00fcrl\u00fc kullan\u0131m sunar.<\/li>\n<\/ul>\n<p>\u00c7ocu\u011funuzun \u015f\u0131kl\u0131\u011f\u0131n\u0131 ve rahatl\u0131\u011f\u0131n\u0131 bir arada sunan ZENGEZUR MALL  vizon g\u00f6mlek, farkl\u0131 kombinlerle kolayl\u0131kla uyum sa\u011flayarak ona tarz bir g\u00f6r\u00fcn\u00fcm kazand\u0131racak.<\/p>\n<\/div>\n<p><b>\u00dcretici Markas\u0131 : ZENGEZUR MALL<\/b><\/p>\n<p><b>\u00dcretici Kodu : ZNGZRMLL169764481243761<\/b><\/p>\n<p><b>1 ADET F\u0130YATIDIR<\/b><\/p>\n<p><b><\/p>\n<p>            Sa\u011fl\u0131k ve hijyen a\u00e7\u0131s\u0131ndan iadeye uygun olmayan \u00fcr\u00fcnlerdir. <\/b><\/p>\n<\/h4>\n<p><\/p>\n","protected":false},"excerpt":{"rendered":"<p>4-8 Ya\u015f Ti\u015f\u00f6rt G\u00f6mlek Kombini Vizon (Beden: 6)<\/p>\n","protected":false},"featured_media":41963,"comment_status":"open","ping_status":"closed","template":"","meta":[],"product_brand":[],"product_cat":[378,425],"product_tag":[8066,8064,8065,8063,7289,1589],"class_list":{"0":"post-41964","1":"product","2":"type-product","3":"status-publish","4":"has-post-thumbnail","6":"product_cat-giyim","7":"product_cat-gomlek","8":"product_tag-4-8","9":"product_tag-gomlek","10":"product_tag-kombini","11":"product_tag-tisort","12":"product_tag-vizon","13":"product_tag-yas","15":"first","16":"instock","17":"taxable","18":"shipping-taxable","19":"purchasable","20":"product-type-simple"},"_links":{"self":[{"href":"https:\/\/depodanmusteriye.com\/urunler\/wp-json\/wp\/v2\/product\/41964","targetHints":{"allow":["GET"]}}],"collection":[{"href":"https:\/\/depodanmusteriye.com\/urunler\/wp-json\/wp\/v2\/product"}],"about":[{"href":"https:\/\/depodanmusteriye.com\/urunler\/wp-json\/wp\/v2\/types\/product"}],"replies":[{"embeddable":true,"href":"https:\/\/depodanmusteriye.com\/urunler\/wp-json\/wp\/v2\/comments?post=41964"}],"version-history":[{"count":0,"href":"https:\/\/depodanmusteriye.com\/urunler\/wp-json\/wp\/v2\/product\/41964\/revisions"}],"wp:featuredmedia":[{"embeddable":true,"href":"https:\/\/depodanmusteriye.com\/urunler\/wp-json\/wp\/v2\/media\/41963"}],"wp:attachment":[{"href":"https:\/\/depodanmusteriye.com\/urunler\/wp-json\/wp\/v2\/media?parent=41964"}],"wp:term":[{"taxonomy":"product_brand","embeddable":true,"href":"https:\/\/depodanmusteriye.com\/urunler\/wp-json\/wp\/v2\/product_brand?post=41964"},{"taxonomy":"product_cat","embeddable":true,"href":"https:\/\/depodanmusteriye.com\/urunler\/wp-json\/wp\/v2\/product_cat?post=41964"},{"taxonomy":"product_tag","embeddable":true,"href":"https:\/\/depodanmusteriye.com\/urunler\/wp-json\/wp\/v2\/product_tag?post=41964"}],"curies":[{"name":"wp","href":"https:\/\/api.w.org\/{rel}","templated":true}]}}