{"id":40384,"date":"2025-12-06T00:16:10","date_gmt":"2025-12-06T00:16:10","guid":{"rendered":"https:\/\/b2b.depodanmusteriye.com\/urun\/canca-kahverengi-rugan-babet-ayakkabi-numara-38\/"},"modified":"2025-12-06T00:16:10","modified_gmt":"2025-12-06T00:16:10","slug":"canca-kahverengi-rugan-babet-ayakkabi-numara-38","status":"publish","type":"product","link":"https:\/\/depodanmusteriye.com\/urunler\/urun\/canca-kahverengi-rugan-babet-ayakkabi-numara-38\/","title":{"rendered":"Canca Kahverengi Rugan Babet Ayakkab\u0131 (Numara: 38)"},"content":{"rendered":"<h4>\n<p> Canca Kahverengi Rugan Babet Ayakkab\u0131 (Numara: 38) <\/p>\n<p>Renk: Kahverengi<\/p>\n<p>Malzeme: Rugan<\/p>\n<p>Topuk Boyu : 1 cm<\/p>\n<p>Taban Materyali: PVC Taban<\/p>\n<p>\u0130\u00e7 Materyali: Pad&#8217;li \u0130\u00e7 Taban.<\/p>\n<p>Kal\u0131p: Standart Ayak \u00d6l\u00e7\u00fclerine G\u00f6re Tam Kal\u0131p<\/p>\n<p><b>\u00dcretici Markas\u0131 : ZENGEZUR MALL<\/b><\/p>\n<p><b>\u00dcretici Kodu : ZNGZRMLL903526534138545568<\/b><\/p>\n<p><b>1 ADET F\u0130YATIDIR<\/b><\/p>\n<p><b><\/p>\n<p>            Sa\u011fl\u0131k ve hijyen a\u00e7\u0131s\u0131ndan iadeye uygun olmayan \u00fcr\u00fcnlerdir. <\/b><\/p>\n<\/h4>\n<p><\/p>\n","protected":false},"excerpt":{"rendered":"<p>Canca Kahverengi Rugan Babet Ayakkab\u0131 (Numara: 38)<\/p>\n","protected":false},"featured_media":40380,"comment_status":"open","ping_status":"closed","template":"","meta":[],"product_brand":[],"product_cat":[393,378],"product_tag":[6894,7760,7958,1588,7736,7748],"class_list":{"0":"post-40384","1":"product","2":"type-product","3":"status-publish","4":"has-post-thumbnail","6":"product_cat-babet","7":"product_cat-giyim","8":"product_tag-ayakkabi","9":"product_tag-babet","10":"product_tag-canca","11":"product_tag-kahverengi","12":"product_tag-numara","13":"product_tag-rugan","15":"first","16":"instock","17":"taxable","18":"shipping-taxable","19":"purchasable","20":"product-type-simple"},"_links":{"self":[{"href":"https:\/\/depodanmusteriye.com\/urunler\/wp-json\/wp\/v2\/product\/40384","targetHints":{"allow":["GET"]}}],"collection":[{"href":"https:\/\/depodanmusteriye.com\/urunler\/wp-json\/wp\/v2\/product"}],"about":[{"href":"https:\/\/depodanmusteriye.com\/urunler\/wp-json\/wp\/v2\/types\/product"}],"replies":[{"embeddable":true,"href":"https:\/\/depodanmusteriye.com\/urunler\/wp-json\/wp\/v2\/comments?post=40384"}],"version-history":[{"count":0,"href":"https:\/\/depodanmusteriye.com\/urunler\/wp-json\/wp\/v2\/product\/40384\/revisions"}],"wp:featuredmedia":[{"embeddable":true,"href":"https:\/\/depodanmusteriye.com\/urunler\/wp-json\/wp\/v2\/media\/40380"}],"wp:attachment":[{"href":"https:\/\/depodanmusteriye.com\/urunler\/wp-json\/wp\/v2\/media?parent=40384"}],"wp:term":[{"taxonomy":"product_brand","embeddable":true,"href":"https:\/\/depodanmusteriye.com\/urunler\/wp-json\/wp\/v2\/product_brand?post=40384"},{"taxonomy":"product_cat","embeddable":true,"href":"https:\/\/depodanmusteriye.com\/urunler\/wp-json\/wp\/v2\/product_cat?post=40384"},{"taxonomy":"product_tag","embeddable":true,"href":"https:\/\/depodanmusteriye.com\/urunler\/wp-json\/wp\/v2\/product_tag?post=40384"}],"curies":[{"name":"wp","href":"https:\/\/api.w.org\/{rel}","templated":true}]}}