{"id":40105,"date":"2025-12-06T00:04:33","date_gmt":"2025-12-06T00:04:33","guid":{"rendered":"https:\/\/b2b.depodanmusteriye.com\/urun\/mamba-bej-cilt-dolgu-topuk-ayakkabi-numara-36\/"},"modified":"2025-12-06T00:04:33","modified_gmt":"2025-12-06T00:04:33","slug":"mamba-bej-cilt-dolgu-topuk-ayakkabi-numara-36","status":"publish","type":"product","link":"https:\/\/depodanmusteriye.com\/urunler\/urun\/mamba-bej-cilt-dolgu-topuk-ayakkabi-numara-36\/","title":{"rendered":"Mamba Bej Cilt Dolgu Topuk Ayakkab\u0131 (Numara: 36)"},"content":{"rendered":"<h4>\n<p> Mamba Bej Cilt Dolgu Topuk Ayakkab\u0131 (Numara: 36) <\/p>\n<p>Renk: Bej<\/p>\n<p>Malzeme: Cilt<\/p>\n<p>Topuk Boyu : 7 cm<\/p>\n<p>Taban Materyali: Poli Taban<\/p>\n<p>\u0130\u00e7 Materyali: Pad&#8217;li \u0130\u00e7 Taban.<\/p>\n<p>Kal\u0131p: Standart Ayak \u00d6l\u00e7\u00fclerine G\u00f6re Tam Kal\u0131p<\/p>\n<p><b>\u00dcretici Markas\u0131 : ZENGEZUR MALL<\/b><\/p>\n<p><b>\u00dcretici Kodu : ZNGZRMLL903526533436345518<\/b><\/p>\n<p><b>1 ADET F\u0130YATIDIR<\/b><\/p>\n<p><b><\/p>\n<p>            Sa\u011fl\u0131k ve hijyen a\u00e7\u0131s\u0131ndan iadeye uygun olmayan \u00fcr\u00fcnlerdir. <\/b><\/p>\n<\/h4>\n<p><\/p>\n","protected":false},"excerpt":{"rendered":"<p>Mamba Bej Cilt Dolgu Topuk Ayakkab\u0131 (Numara: 36)<\/p>\n","protected":false},"featured_media":40103,"comment_status":"open","ping_status":"closed","template":"","meta":[],"product_brand":[],"product_cat":[378,395],"product_tag":[6894,2647,4155,7776,7957,7736,7777],"class_list":{"0":"post-40105","1":"product","2":"type-product","3":"status-publish","4":"has-post-thumbnail","6":"product_cat-giyim","7":"product_cat-sandalet","8":"product_tag-ayakkabi","9":"product_tag-bej","10":"product_tag-cilt","11":"product_tag-dolgu","12":"product_tag-mamba","13":"product_tag-numara","14":"product_tag-topuk","16":"first","17":"instock","18":"taxable","19":"shipping-taxable","20":"purchasable","21":"product-type-simple"},"_links":{"self":[{"href":"https:\/\/depodanmusteriye.com\/urunler\/wp-json\/wp\/v2\/product\/40105","targetHints":{"allow":["GET"]}}],"collection":[{"href":"https:\/\/depodanmusteriye.com\/urunler\/wp-json\/wp\/v2\/product"}],"about":[{"href":"https:\/\/depodanmusteriye.com\/urunler\/wp-json\/wp\/v2\/types\/product"}],"replies":[{"embeddable":true,"href":"https:\/\/depodanmusteriye.com\/urunler\/wp-json\/wp\/v2\/comments?post=40105"}],"version-history":[{"count":0,"href":"https:\/\/depodanmusteriye.com\/urunler\/wp-json\/wp\/v2\/product\/40105\/revisions"}],"wp:featuredmedia":[{"embeddable":true,"href":"https:\/\/depodanmusteriye.com\/urunler\/wp-json\/wp\/v2\/media\/40103"}],"wp:attachment":[{"href":"https:\/\/depodanmusteriye.com\/urunler\/wp-json\/wp\/v2\/media?parent=40105"}],"wp:term":[{"taxonomy":"product_brand","embeddable":true,"href":"https:\/\/depodanmusteriye.com\/urunler\/wp-json\/wp\/v2\/product_brand?post=40105"},{"taxonomy":"product_cat","embeddable":true,"href":"https:\/\/depodanmusteriye.com\/urunler\/wp-json\/wp\/v2\/product_cat?post=40105"},{"taxonomy":"product_tag","embeddable":true,"href":"https:\/\/depodanmusteriye.com\/urunler\/wp-json\/wp\/v2\/product_tag?post=40105"}],"curies":[{"name":"wp","href":"https:\/\/api.w.org\/{rel}","templated":true}]}}