{"id":39856,"date":"2025-12-05T23:55:57","date_gmt":"2025-12-05T23:55:57","guid":{"rendered":"https:\/\/b2b.depodanmusteriye.com\/urun\/zian-siyah-topuklu-ayakkabi-numara-36\/"},"modified":"2025-12-05T23:55:57","modified_gmt":"2025-12-05T23:55:57","slug":"zian-siyah-topuklu-ayakkabi-numara-36","status":"publish","type":"product","link":"https:\/\/depodanmusteriye.com\/urunler\/urun\/zian-siyah-topuklu-ayakkabi-numara-36\/","title":{"rendered":"Z\u0131an Siyah Topuklu Ayakkab\u0131 (Numara: 36)"},"content":{"rendered":"<h4>\n<p> Z\u0131an Siyah Topuklu Ayakkab\u0131 (Numara: 36) <\/p>\n<p>Renk: Siyah<\/p>\n<p>Detay: Topuklu Ayakkab\u0131<\/p>\n<p>Malzeme: Cilt<\/p>\n<p>Topuk Boyu: 4 cm<\/p>\n<p>Taban Materyali: Jurdan Taban<\/p>\n<p>Kal\u0131p : Standart Ayak \u00d6l\u00e7\u00fclerine G\u00f6re Tam Kal\u0131p<\/p>\n<p><b>\u00dcretici Markas\u0131 : ZENGEZUR MALL<\/b><\/p>\n<p><b>\u00dcretici Kodu : ZNGZRMLL903526530836445490<\/b><\/p>\n<p><b>1 ADET F\u0130YATIDIR<\/b><\/p>\n<p><b><\/p>\n<p>            Sa\u011fl\u0131k ve hijyen a\u00e7\u0131s\u0131ndan iadeye uygun olmayan \u00fcr\u00fcnlerdir. <\/b><\/p>\n<\/h4>\n<p><\/p>\n","protected":false},"excerpt":{"rendered":"<p>Z\u0131an Siyah Topuklu Ayakkab\u0131 (Numara: 36)<\/p>\n","protected":false},"featured_media":39853,"comment_status":"open","ping_status":"closed","template":"","meta":[],"product_brand":[],"product_cat":[398,378],"product_tag":[6894,7736,1391,7738,7943],"class_list":{"0":"post-39856","1":"product","2":"type-product","3":"status-publish","4":"has-post-thumbnail","6":"product_cat-abiye-ayakkabi","7":"product_cat-giyim","8":"product_tag-ayakkabi","9":"product_tag-numara","10":"product_tag-siyah","11":"product_tag-topuklu","12":"product_tag-zian","14":"first","15":"instock","16":"taxable","17":"shipping-taxable","18":"purchasable","19":"product-type-simple"},"_links":{"self":[{"href":"https:\/\/depodanmusteriye.com\/urunler\/wp-json\/wp\/v2\/product\/39856","targetHints":{"allow":["GET"]}}],"collection":[{"href":"https:\/\/depodanmusteriye.com\/urunler\/wp-json\/wp\/v2\/product"}],"about":[{"href":"https:\/\/depodanmusteriye.com\/urunler\/wp-json\/wp\/v2\/types\/product"}],"replies":[{"embeddable":true,"href":"https:\/\/depodanmusteriye.com\/urunler\/wp-json\/wp\/v2\/comments?post=39856"}],"version-history":[{"count":0,"href":"https:\/\/depodanmusteriye.com\/urunler\/wp-json\/wp\/v2\/product\/39856\/revisions"}],"wp:featuredmedia":[{"embeddable":true,"href":"https:\/\/depodanmusteriye.com\/urunler\/wp-json\/wp\/v2\/media\/39853"}],"wp:attachment":[{"href":"https:\/\/depodanmusteriye.com\/urunler\/wp-json\/wp\/v2\/media?parent=39856"}],"wp:term":[{"taxonomy":"product_brand","embeddable":true,"href":"https:\/\/depodanmusteriye.com\/urunler\/wp-json\/wp\/v2\/product_brand?post=39856"},{"taxonomy":"product_cat","embeddable":true,"href":"https:\/\/depodanmusteriye.com\/urunler\/wp-json\/wp\/v2\/product_cat?post=39856"},{"taxonomy":"product_tag","embeddable":true,"href":"https:\/\/depodanmusteriye.com\/urunler\/wp-json\/wp\/v2\/product_tag?post=39856"}],"curies":[{"name":"wp","href":"https:\/\/api.w.org\/{rel}","templated":true}]}}