{"id":39852,"date":"2025-12-05T23:55:48","date_gmt":"2025-12-05T23:55:48","guid":{"rendered":"https:\/\/b2b.depodanmusteriye.com\/urun\/loera-vizon-nubuk-cift-tokali-terlik-numara-39\/"},"modified":"2025-12-05T23:55:48","modified_gmt":"2025-12-05T23:55:48","slug":"loera-vizon-nubuk-cift-tokali-terlik-numara-39","status":"publish","type":"product","link":"https:\/\/depodanmusteriye.com\/urunler\/urun\/loera-vizon-nubuk-cift-tokali-terlik-numara-39\/","title":{"rendered":"Loera Vizon Nubuk \u00c7ift Tokal\u0131 Terlik (Numara: 39)"},"content":{"rendered":"<h4>\n<p> Loera Vizon Nubuk \u00c7ift Tokal\u0131 Terlik (Numara: 39) <\/p>\n<p>Renk: Vizon<\/p>\n<p>Detay: Tokal\u0131 Terlik<\/p>\n<p>Malzeme: Nubuk<\/p>\n<p>Topuk Boyu: 1 cm<\/p>\n<p>Taban Materyali: Eva Taban<\/p>\n<p>Kal\u0131p : Standart Ayak \u00d6l\u00e7\u00fclerine G\u00f6re Tam Kal\u0131p<\/p>\n<p><b>\u00dcretici Markas\u0131 : ZENGEZUR MALL<\/b><\/p>\n<p><b>\u00dcretici Kodu : ZNGZRMLL903526528439245489<\/b><\/p>\n<p><b>1 ADET F\u0130YATIDIR<\/b><\/p>\n<p><b><\/p>\n<p>            Sa\u011fl\u0131k ve hijyen a\u00e7\u0131s\u0131ndan iadeye uygun olmayan \u00fcr\u00fcnlerdir. <\/b><\/p>\n<\/h4>\n<p><\/p>\n","protected":false},"excerpt":{"rendered":"<p>Loera Vizon Nubuk \u00c7ift Tokal\u0131 Terlik (Numara: 39)<\/p>\n","protected":false},"featured_media":39849,"comment_status":"open","ping_status":"closed","template":"","meta":[],"product_brand":[],"product_cat":[378,396],"product_tag":[5543,1747,7942,7755,7736,7744,7940,7289],"class_list":{"0":"post-39852","1":"product","2":"type-product","3":"status-publish","4":"has-post-thumbnail","6":"product_cat-giyim","7":"product_cat-terlik","8":"product_tag-5543","9":"product_tag-cift","10":"product_tag-loera","11":"product_tag-nubuk","12":"product_tag-numara","13":"product_tag-terlik","14":"product_tag-tokali","15":"product_tag-vizon","17":"first","18":"instock","19":"taxable","20":"shipping-taxable","21":"purchasable","22":"product-type-simple"},"_links":{"self":[{"href":"https:\/\/depodanmusteriye.com\/urunler\/wp-json\/wp\/v2\/product\/39852","targetHints":{"allow":["GET"]}}],"collection":[{"href":"https:\/\/depodanmusteriye.com\/urunler\/wp-json\/wp\/v2\/product"}],"about":[{"href":"https:\/\/depodanmusteriye.com\/urunler\/wp-json\/wp\/v2\/types\/product"}],"replies":[{"embeddable":true,"href":"https:\/\/depodanmusteriye.com\/urunler\/wp-json\/wp\/v2\/comments?post=39852"}],"version-history":[{"count":0,"href":"https:\/\/depodanmusteriye.com\/urunler\/wp-json\/wp\/v2\/product\/39852\/revisions"}],"wp:featuredmedia":[{"embeddable":true,"href":"https:\/\/depodanmusteriye.com\/urunler\/wp-json\/wp\/v2\/media\/39849"}],"wp:attachment":[{"href":"https:\/\/depodanmusteriye.com\/urunler\/wp-json\/wp\/v2\/media?parent=39852"}],"wp:term":[{"taxonomy":"product_brand","embeddable":true,"href":"https:\/\/depodanmusteriye.com\/urunler\/wp-json\/wp\/v2\/product_brand?post=39852"},{"taxonomy":"product_cat","embeddable":true,"href":"https:\/\/depodanmusteriye.com\/urunler\/wp-json\/wp\/v2\/product_cat?post=39852"},{"taxonomy":"product_tag","embeddable":true,"href":"https:\/\/depodanmusteriye.com\/urunler\/wp-json\/wp\/v2\/product_tag?post=39852"}],"curies":[{"name":"wp","href":"https:\/\/api.w.org\/{rel}","templated":true}]}}