{"id":39828,"date":"2025-12-05T23:54:49","date_gmt":"2025-12-05T23:54:49","guid":{"rendered":"https:\/\/b2b.depodanmusteriye.com\/urun\/toha-taba-cilt-tokali-terlik-numara-39\/"},"modified":"2025-12-05T23:54:49","modified_gmt":"2025-12-05T23:54:49","slug":"toha-taba-cilt-tokali-terlik-numara-39","status":"publish","type":"product","link":"https:\/\/depodanmusteriye.com\/urunler\/urun\/toha-taba-cilt-tokali-terlik-numara-39\/","title":{"rendered":"Toha Taba Cilt Tokal\u0131 Terlik (Numara: 39)"},"content":{"rendered":"<h4>\n<p> Toha Taba Cilt Tokal\u0131 Terlik (Numara: 39) <\/p>\n<p>Renk: Taba<\/p>\n<p>Detay: Tokal\u0131 Terlik<\/p>\n<p>Malzeme: Cilt<\/p>\n<p>Topuk Boyu: 1 cm<\/p>\n<p>Taban Materyali: Eva Taban<\/p>\n<p>Kal\u0131p : Standart Ayak \u00d6l\u00e7\u00fclerine G\u00f6re Tam Kal\u0131p<\/p>\n<p><b>\u00dcretici Markas\u0131 : ZENGEZUR MALL<\/b><\/p>\n<p><b>\u00dcretici Kodu : ZNGZRMLL903526522439845484<\/b><\/p>\n<p><b>1 ADET F\u0130YATIDIR<\/b><\/p>\n<p><b><\/p>\n<p>            Sa\u011fl\u0131k ve hijyen a\u00e7\u0131s\u0131ndan iadeye uygun olmayan \u00fcr\u00fcnlerdir. <\/b><\/p>\n<\/h4>\n<p><\/p>\n","protected":false},"excerpt":{"rendered":"<p>Toha Taba Cilt Tokal\u0131 Terlik (Numara: 39)<\/p>\n","protected":false},"featured_media":39825,"comment_status":"open","ping_status":"closed","template":"","meta":[],"product_brand":[],"product_cat":[378,396],"product_tag":[5543,4155,7736,3516,7744,7939,7940],"class_list":{"0":"post-39828","1":"product","2":"type-product","3":"status-publish","4":"has-post-thumbnail","6":"product_cat-giyim","7":"product_cat-terlik","8":"product_tag-5543","9":"product_tag-cilt","10":"product_tag-numara","11":"product_tag-taba","12":"product_tag-terlik","13":"product_tag-toha","14":"product_tag-tokali","16":"first","17":"instock","18":"taxable","19":"shipping-taxable","20":"purchasable","21":"product-type-simple"},"_links":{"self":[{"href":"https:\/\/depodanmusteriye.com\/urunler\/wp-json\/wp\/v2\/product\/39828","targetHints":{"allow":["GET"]}}],"collection":[{"href":"https:\/\/depodanmusteriye.com\/urunler\/wp-json\/wp\/v2\/product"}],"about":[{"href":"https:\/\/depodanmusteriye.com\/urunler\/wp-json\/wp\/v2\/types\/product"}],"replies":[{"embeddable":true,"href":"https:\/\/depodanmusteriye.com\/urunler\/wp-json\/wp\/v2\/comments?post=39828"}],"version-history":[{"count":0,"href":"https:\/\/depodanmusteriye.com\/urunler\/wp-json\/wp\/v2\/product\/39828\/revisions"}],"wp:featuredmedia":[{"embeddable":true,"href":"https:\/\/depodanmusteriye.com\/urunler\/wp-json\/wp\/v2\/media\/39825"}],"wp:attachment":[{"href":"https:\/\/depodanmusteriye.com\/urunler\/wp-json\/wp\/v2\/media?parent=39828"}],"wp:term":[{"taxonomy":"product_brand","embeddable":true,"href":"https:\/\/depodanmusteriye.com\/urunler\/wp-json\/wp\/v2\/product_brand?post=39828"},{"taxonomy":"product_cat","embeddable":true,"href":"https:\/\/depodanmusteriye.com\/urunler\/wp-json\/wp\/v2\/product_cat?post=39828"},{"taxonomy":"product_tag","embeddable":true,"href":"https:\/\/depodanmusteriye.com\/urunler\/wp-json\/wp\/v2\/product_tag?post=39828"}],"curies":[{"name":"wp","href":"https:\/\/api.w.org\/{rel}","templated":true}]}}