{"id":33097,"date":"2025-12-05T19:17:25","date_gmt":"2025-12-05T19:17:25","guid":{"rendered":"https:\/\/b2b.depodanmusteriye.com\/urun\/kb-110-kuback-siyah-triko-siyah-yuksek-taban-bagcikli-gunluk-erkek-ayakkabi-numara-43\/"},"modified":"2025-12-05T19:17:25","modified_gmt":"2025-12-05T19:17:25","slug":"kb-110-kuback-siyah-triko-siyah-yuksek-taban-bagcikli-gunluk-erkek-ayakkabi-numara-43","status":"publish","type":"product","link":"https:\/\/depodanmusteriye.com\/urunler\/urun\/kb-110-kuback-siyah-triko-siyah-yuksek-taban-bagcikli-gunluk-erkek-ayakkabi-numara-43\/","title":{"rendered":"Kb-110  Kuback Siyah Triko Siyah Y\u00fcksek Taban Ba\u011fc\u0131kl\u0131 G\u00fcnl\u00fck Erkek Ayakkab\u0131 (Numara: 43)"},"content":{"rendered":"<h4>\n<p> KB-110  Kuback Siyah Triko Siyah Y\u00fcksek Taban Ba\u011fc\u0131kl\u0131 G\u00fcnl\u00fck Erkek Ayakkab\u0131 (Numara: 43) <\/p>\n<p><span style=\"letter-spacing: 0.26px\"><b>Marka :\u00a0 Kuback Original<\/b><\/span><\/p>\n<p><span style=\"letter-spacing: 0.26px\"><b><br \/><\/b><\/span><\/p>\n<p><span style=\"letter-spacing: 0.26px\"><b>Kategori : Erkek Ayakkab\u0131<\/b><\/span><\/p>\n<p><span style=\"letter-spacing: 0.26px\"><b><br \/><\/b><\/span><\/p>\n<p><span style=\"letter-spacing: 0.26px\"><b>\u00dcr\u00fcn Malzeme : %100 Vegan<\/b><\/span><\/p>\n<p><span style=\"letter-spacing: 0.26px\"><b><br \/><\/b><\/span><\/p>\n<p><span style=\"letter-spacing: 0.26px\"><b>\u0130\u00e7 astar : %100 Pamuk<\/b><\/span><\/p>\n<p><span style=\"letter-spacing: 0.26px\"><b><br \/><\/b><\/span><\/p>\n<p><span style=\"letter-spacing: 0.26px\"><b>Topuk boyu :\u00a0 \u00a04 CM<\/b><\/span><\/p>\n<div style=\"text-align: justify\"><\/div>\n<p><b>\u00dcretici Markas\u0131 : ZENGEZUR MALL<\/b><\/p>\n<p><b>\u00dcretici Kodu : ZNGZRMLLkKBC23511097034312163<\/b><\/p>\n<p><b>1 ADET F\u0130YATIDIR<\/b><\/p>\n<p><b><\/p>\n<p>            Sa\u011fl\u0131k ve hijyen a\u00e7\u0131s\u0131ndan iadeye uygun olmayan \u00fcr\u00fcnlerdir. <\/b><\/p>\n<\/h4>\n<p><\/p>\n","protected":false},"excerpt":{"rendered":"<p>Kb-110  Kuback Siyah Triko Siyah Y\u00fcksek Taban Ba\u011fc\u0131kl\u0131 G\u00fcnl\u00fck Erkek Ayakkab\u0131 (Numara: 43)<\/p>\n","protected":false},"featured_media":33094,"comment_status":"open","ping_status":"closed","template":"","meta":[],"product_brand":[],"product_cat":[378,394],"product_tag":[6894,7735,2092,4261,7790,7782,7736,1391,1435,7743,2630],"class_list":{"0":"post-33097","1":"product","2":"type-product","3":"status-publish","4":"has-post-thumbnail","6":"product_cat-giyim","7":"product_cat-klasik-ayakkabi","8":"product_tag-ayakkabi","9":"product_tag-bagcikli","10":"product_tag-erkek","11":"product_tag-gunluk","12":"product_tag-kb-110","13":"product_tag-kuback","14":"product_tag-numara","15":"product_tag-siyah","16":"product_tag-taban","17":"product_tag-triko","18":"product_tag-yuksek","20":"first","21":"instock","22":"taxable","23":"shipping-taxable","24":"purchasable","25":"product-type-simple"},"_links":{"self":[{"href":"https:\/\/depodanmusteriye.com\/urunler\/wp-json\/wp\/v2\/product\/33097","targetHints":{"allow":["GET"]}}],"collection":[{"href":"https:\/\/depodanmusteriye.com\/urunler\/wp-json\/wp\/v2\/product"}],"about":[{"href":"https:\/\/depodanmusteriye.com\/urunler\/wp-json\/wp\/v2\/types\/product"}],"replies":[{"embeddable":true,"href":"https:\/\/depodanmusteriye.com\/urunler\/wp-json\/wp\/v2\/comments?post=33097"}],"version-history":[{"count":0,"href":"https:\/\/depodanmusteriye.com\/urunler\/wp-json\/wp\/v2\/product\/33097\/revisions"}],"wp:featuredmedia":[{"embeddable":true,"href":"https:\/\/depodanmusteriye.com\/urunler\/wp-json\/wp\/v2\/media\/33094"}],"wp:attachment":[{"href":"https:\/\/depodanmusteriye.com\/urunler\/wp-json\/wp\/v2\/media?parent=33097"}],"wp:term":[{"taxonomy":"product_brand","embeddable":true,"href":"https:\/\/depodanmusteriye.com\/urunler\/wp-json\/wp\/v2\/product_brand?post=33097"},{"taxonomy":"product_cat","embeddable":true,"href":"https:\/\/depodanmusteriye.com\/urunler\/wp-json\/wp\/v2\/product_cat?post=33097"},{"taxonomy":"product_tag","embeddable":true,"href":"https:\/\/depodanmusteriye.com\/urunler\/wp-json\/wp\/v2\/product_tag?post=33097"}],"curies":[{"name":"wp","href":"https:\/\/api.w.org\/{rel}","templated":true}]}}