{"id":32140,"date":"2025-12-05T18:39:03","date_gmt":"2025-12-05T18:39:03","guid":{"rendered":"https:\/\/b2b.depodanmusteriye.com\/urun\/biya-bej-cilt-topuklu-bot-numara-40\/"},"modified":"2025-12-05T18:39:03","modified_gmt":"2025-12-05T18:39:03","slug":"biya-bej-cilt-topuklu-bot-numara-40","status":"publish","type":"product","link":"https:\/\/depodanmusteriye.com\/urunler\/urun\/biya-bej-cilt-topuklu-bot-numara-40\/","title":{"rendered":"Biya Bej Cilt Topuklu Bot (Numara: 40)"},"content":{"rendered":"<h4>\n<p> Biya Bej Cilt Topuklu Bot (Numara: 40) <\/p>\n<p>Renk: Bej<\/p>\n<p>Detay: Topuklu Yandan Fermuarl\u0131<\/p>\n<p>Malzeme: Cilt<\/p>\n<p>Topuk Boyu: 7 cm.<\/p>\n<p>Taban Materyali: Tipu Taban<\/p>\n<p>\u0130\u00e7 Materyali: Pad&#8217;li \u0130\u00e7 Astar<\/p>\n<p><b>\u00dcretici Markas\u0131 : ZENGEZUR MALL<\/b><\/p>\n<p><b>\u00dcretici Kodu : ZNGZRMLL90352442654041102<\/b><\/p>\n<p><b>1 ADET F\u0130YATIDIR<\/b><\/p>\n<p><b><\/p>\n<p>            Sa\u011fl\u0131k ve hijyen a\u00e7\u0131s\u0131ndan iadeye uygun olmayan \u00fcr\u00fcnlerdir. <\/b><\/p>\n<\/h4>\n<p><\/p>\n","protected":false},"excerpt":{"rendered":"<p>Biya Bej Cilt Topuklu Bot (Numara: 40)<\/p>\n","protected":false},"featured_media":32132,"comment_status":"open","ping_status":"closed","template":"","meta":[],"product_brand":[],"product_cat":[391,378],"product_tag":[2647,7740,6224,4155,7736,7738],"class_list":{"0":"post-32140","1":"product","2":"type-product","3":"status-publish","4":"has-post-thumbnail","6":"product_cat-bot-and-bootie","7":"product_cat-giyim","8":"product_tag-bej","9":"product_tag-biya","10":"product_tag-bot","11":"product_tag-cilt","12":"product_tag-numara","13":"product_tag-topuklu","15":"first","16":"instock","17":"taxable","18":"shipping-taxable","19":"purchasable","20":"product-type-simple"},"_links":{"self":[{"href":"https:\/\/depodanmusteriye.com\/urunler\/wp-json\/wp\/v2\/product\/32140","targetHints":{"allow":["GET"]}}],"collection":[{"href":"https:\/\/depodanmusteriye.com\/urunler\/wp-json\/wp\/v2\/product"}],"about":[{"href":"https:\/\/depodanmusteriye.com\/urunler\/wp-json\/wp\/v2\/types\/product"}],"replies":[{"embeddable":true,"href":"https:\/\/depodanmusteriye.com\/urunler\/wp-json\/wp\/v2\/comments?post=32140"}],"version-history":[{"count":0,"href":"https:\/\/depodanmusteriye.com\/urunler\/wp-json\/wp\/v2\/product\/32140\/revisions"}],"wp:featuredmedia":[{"embeddable":true,"href":"https:\/\/depodanmusteriye.com\/urunler\/wp-json\/wp\/v2\/media\/32132"}],"wp:attachment":[{"href":"https:\/\/depodanmusteriye.com\/urunler\/wp-json\/wp\/v2\/media?parent=32140"}],"wp:term":[{"taxonomy":"product_brand","embeddable":true,"href":"https:\/\/depodanmusteriye.com\/urunler\/wp-json\/wp\/v2\/product_brand?post=32140"},{"taxonomy":"product_cat","embeddable":true,"href":"https:\/\/depodanmusteriye.com\/urunler\/wp-json\/wp\/v2\/product_cat?post=32140"},{"taxonomy":"product_tag","embeddable":true,"href":"https:\/\/depodanmusteriye.com\/urunler\/wp-json\/wp\/v2\/product_tag?post=32140"}],"curies":[{"name":"wp","href":"https:\/\/api.w.org\/{rel}","templated":true}]}}