{"id":31876,"date":"2025-12-05T18:29:34","date_gmt":"2025-12-05T18:29:34","guid":{"rendered":"https:\/\/b2b.depodanmusteriye.com\/urun\/kadin-beyaz-fantezi-gecelik-kisa-tul-boyundan-baglamali-gogus-dekolteli-2163\/"},"modified":"2025-12-05T18:29:34","modified_gmt":"2025-12-05T18:29:34","slug":"kadin-beyaz-fantezi-gecelik-kisa-tul-boyundan-baglamali-gogus-dekolteli-2163","status":"publish","type":"product","link":"https:\/\/depodanmusteriye.com\/urunler\/urun\/kadin-beyaz-fantezi-gecelik-kisa-tul-boyundan-baglamali-gogus-dekolteli-2163\/","title":{"rendered":"Kad\u0131n Beyaz Fantezi Gecelik K\u0131sa T\u00fcl Boyundan ba\u011flamal\u0131 G\u00f6\u011f\u00fcs Dekolteli 2163"},"content":{"rendered":"<h4>\n<p>Kad\u0131n Beyaz Fantezi Gecelik K\u0131sa T\u00fcl Boyundan ba\u011flamal\u0131 G\u00f6\u011f\u00fcs Dekolteli 2163<\/p>\n<p><b>1 adet fiyat\u0131d\u0131r<\/b> <\/p>\n<p><p><b>\u00dcretici Markas\u0131 :  R RUSEL\u0130N<\/b><\/p>\n<p><b>\u00dcretici Kodu : 175820380410<\/b><\/p>\n<p><b>1 ADET F\u0130YATIDIR<\/b><\/p>\n<p><b><\/p>\n<p>            Sa\u011fl\u0131k ve hijyen a\u00e7\u0131s\u0131ndan iadeye uygun olmayan \u00fcr\u00fcnlerdir. <\/b><\/p>\n<\/h4>\n<p><\/p>\n","protected":false},"excerpt":{"rendered":"<p>Kad\u0131n Beyaz Fantezi Gecelik K\u0131sa T\u00fcl Boyundan ba\u011flamal\u0131 G\u00f6\u011f\u00fcs Dekolteli 2163<\/p>\n","protected":false},"featured_media":31873,"comment_status":"open","ping_status":"closed","template":"","meta":[],"product_brand":[],"product_cat":[775,378],"product_tag":[7696,2049,1663,7679,7626,3053,3039,2915,1719,1341,3059],"class_list":{"0":"post-31876","1":"product","2":"type-product","3":"status-publish","4":"has-post-thumbnail","6":"product_cat-fantezi-gecelik","7":"product_cat-giyim","8":"product_tag-7696","9":"product_tag-baglamali","10":"product_tag-beyaz","11":"product_tag-boyundan","12":"product_tag-dekolteli","13":"product_tag-fantezi","14":"product_tag-gecelik","15":"product_tag-gogus","16":"product_tag-kadin","17":"product_tag-kisa","18":"product_tag-tul","20":"first","21":"instock","22":"taxable","23":"shipping-taxable","24":"purchasable","25":"product-type-simple"},"_links":{"self":[{"href":"https:\/\/depodanmusteriye.com\/urunler\/wp-json\/wp\/v2\/product\/31876","targetHints":{"allow":["GET"]}}],"collection":[{"href":"https:\/\/depodanmusteriye.com\/urunler\/wp-json\/wp\/v2\/product"}],"about":[{"href":"https:\/\/depodanmusteriye.com\/urunler\/wp-json\/wp\/v2\/types\/product"}],"replies":[{"embeddable":true,"href":"https:\/\/depodanmusteriye.com\/urunler\/wp-json\/wp\/v2\/comments?post=31876"}],"version-history":[{"count":0,"href":"https:\/\/depodanmusteriye.com\/urunler\/wp-json\/wp\/v2\/product\/31876\/revisions"}],"wp:featuredmedia":[{"embeddable":true,"href":"https:\/\/depodanmusteriye.com\/urunler\/wp-json\/wp\/v2\/media\/31873"}],"wp:attachment":[{"href":"https:\/\/depodanmusteriye.com\/urunler\/wp-json\/wp\/v2\/media?parent=31876"}],"wp:term":[{"taxonomy":"product_brand","embeddable":true,"href":"https:\/\/depodanmusteriye.com\/urunler\/wp-json\/wp\/v2\/product_brand?post=31876"},{"taxonomy":"product_cat","embeddable":true,"href":"https:\/\/depodanmusteriye.com\/urunler\/wp-json\/wp\/v2\/product_cat?post=31876"},{"taxonomy":"product_tag","embeddable":true,"href":"https:\/\/depodanmusteriye.com\/urunler\/wp-json\/wp\/v2\/product_tag?post=31876"}],"curies":[{"name":"wp","href":"https:\/\/api.w.org\/{rel}","templated":true}]}}