{"id":31713,"date":"2025-12-05T18:24:14","date_gmt":"2025-12-05T18:24:14","guid":{"rendered":"https:\/\/b2b.depodanmusteriye.com\/urun\/kadin-siyah-zincir-detayli-sexy-gecelik-takim-2152-2\/"},"modified":"2025-12-05T18:24:14","modified_gmt":"2025-12-05T18:24:14","slug":"kadin-siyah-zincir-detayli-sexy-gecelik-takim-2152-2","status":"publish","type":"product","link":"https:\/\/depodanmusteriye.com\/urunler\/urun\/kadin-siyah-zincir-detayli-sexy-gecelik-takim-2152-2\/","title":{"rendered":"Kad\u0131n Siyah Zincir Detayl\u0131 Sexy Gecelik Tak\u0131m 2152"},"content":{"rendered":"<h4>\n<p>Kad\u0131n Siyah Zincir Detayl\u0131 Sexy Gecelik Tak\u0131m 2152<\/p>\n<p> Siyah zincir detayl\u0131 bu sexy gecelik tak\u0131m\u0131, cesur ve modern bir stil yarat\u0131r. \u00d6zel gecelerde iddial\u0131 bir se\u00e7imdir. <\/p>\n<p><b>1 adet fiyat\u0131d\u0131r<\/b> <\/p>\n<p><p><b>\u00dcretici Markas\u0131 :  R RUSEL\u0130N<\/b><\/p>\n<p><b>\u00dcretici Kodu : 8690000001606<\/b><\/p>\n<p><b>1 ADET F\u0130YATIDIR<\/b><\/p>\n<p><b><\/p>\n<p>            Sa\u011fl\u0131k ve hijyen a\u00e7\u0131s\u0131ndan iadeye uygun olmayan \u00fcr\u00fcnlerdir. <\/b><\/p>\n<\/h4>\n<p><\/p>\n","protected":false},"excerpt":{"rendered":"<p>Kad\u0131n Siyah Zincir Detayl\u0131 Sexy Gecelik Tak\u0131m 2152<\/p>\n","protected":false},"featured_media":31711,"comment_status":"open","ping_status":"closed","template":"","meta":[],"product_brand":[],"product_cat":[768,378],"product_tag":[7663,7629,3039,1719,2179,1391,1155,2577],"class_list":{"0":"post-31713","1":"product","2":"type-product","3":"status-publish","4":"has-post-thumbnail","6":"product_cat-fantezi-kostum","7":"product_cat-giyim","8":"product_tag-7663","9":"product_tag-detayli","10":"product_tag-gecelik","11":"product_tag-kadin","12":"product_tag-sexy","13":"product_tag-siyah","14":"product_tag-takim","15":"product_tag-zincir","17":"first","18":"instock","19":"taxable","20":"shipping-taxable","21":"purchasable","22":"product-type-simple"},"_links":{"self":[{"href":"https:\/\/depodanmusteriye.com\/urunler\/wp-json\/wp\/v2\/product\/31713","targetHints":{"allow":["GET"]}}],"collection":[{"href":"https:\/\/depodanmusteriye.com\/urunler\/wp-json\/wp\/v2\/product"}],"about":[{"href":"https:\/\/depodanmusteriye.com\/urunler\/wp-json\/wp\/v2\/types\/product"}],"replies":[{"embeddable":true,"href":"https:\/\/depodanmusteriye.com\/urunler\/wp-json\/wp\/v2\/comments?post=31713"}],"version-history":[{"count":0,"href":"https:\/\/depodanmusteriye.com\/urunler\/wp-json\/wp\/v2\/product\/31713\/revisions"}],"wp:featuredmedia":[{"embeddable":true,"href":"https:\/\/depodanmusteriye.com\/urunler\/wp-json\/wp\/v2\/media\/31711"}],"wp:attachment":[{"href":"https:\/\/depodanmusteriye.com\/urunler\/wp-json\/wp\/v2\/media?parent=31713"}],"wp:term":[{"taxonomy":"product_brand","embeddable":true,"href":"https:\/\/depodanmusteriye.com\/urunler\/wp-json\/wp\/v2\/product_brand?post=31713"},{"taxonomy":"product_cat","embeddable":true,"href":"https:\/\/depodanmusteriye.com\/urunler\/wp-json\/wp\/v2\/product_cat?post=31713"},{"taxonomy":"product_tag","embeddable":true,"href":"https:\/\/depodanmusteriye.com\/urunler\/wp-json\/wp\/v2\/product_tag?post=31713"}],"curies":[{"name":"wp","href":"https:\/\/api.w.org\/{rel}","templated":true}]}}