{"id":31601,"date":"2025-12-05T18:19:41","date_gmt":"2025-12-05T18:19:41","guid":{"rendered":"https:\/\/b2b.depodanmusteriye.com\/urun\/kadin-kirmizi-fiyonklu-etekli-seksi-hizmetci-kostumu-2125\/"},"modified":"2025-12-05T18:19:41","modified_gmt":"2025-12-05T18:19:41","slug":"kadin-kirmizi-fiyonklu-etekli-seksi-hizmetci-kostumu-2125","status":"publish","type":"product","link":"https:\/\/depodanmusteriye.com\/urunler\/urun\/kadin-kirmizi-fiyonklu-etekli-seksi-hizmetci-kostumu-2125\/","title":{"rendered":"Kad\u0131n K\u0131rm\u0131z\u0131 Fiyonklu Etekli Seksi Hizmet\u00e7i Kost\u00fcm\u00fc 2125"},"content":{"rendered":"<h4>\n<p>Kad\u0131n K\u0131rm\u0131z\u0131 Fiyonklu Etekli Seksi Hizmet\u00e7i Kost\u00fcm\u00fc 2125<\/p>\n<p> K\u0131rm\u0131z\u0131 fiyonklu ve etekli tasar\u0131m\u0131yla tatl\u0131 bir hizmet\u00e7i konsepti sunar. \u00d6zel anlar i\u00e7in hem sevimli hem de \u00e7ekici bir se\u00e7imdir. <\/p>\n<p><b>1 adet fiyat\u0131d\u0131r<\/b> <\/p>\n<p><p><b>\u00dcretici Markas\u0131 :  R RUSEL\u0130N<\/b><\/p>\n<p><b>\u00dcretici Kodu : 8690000001057<\/b><\/p>\n<p><b>1 ADET F\u0130YATIDIR<\/b><\/p>\n<p><b><\/p>\n<p>            Sa\u011fl\u0131k ve hijyen a\u00e7\u0131s\u0131ndan iadeye uygun olmayan \u00fcr\u00fcnlerdir. <\/b><\/p>\n<\/h4>\n<p><\/p>\n","protected":false},"excerpt":{"rendered":"<p>Kad\u0131n K\u0131rm\u0131z\u0131 Fiyonklu Etekli Seksi Hizmet\u00e7i Kost\u00fcm\u00fc 2125<\/p>\n","protected":false},"featured_media":31599,"comment_status":"open","ping_status":"closed","template":"","meta":[],"product_brand":[],"product_cat":[768,378],"product_tag":[7642,7612,2406,7421,1719,2323,7417,7607],"class_list":{"0":"post-31601","1":"product","2":"type-product","3":"status-publish","4":"has-post-thumbnail","6":"product_cat-fantezi-kostum","7":"product_cat-giyim","8":"product_tag-7642","9":"product_tag-etekli","10":"product_tag-fiyonklu","11":"product_tag-hizmetci","12":"product_tag-kadin","13":"product_tag-kirmizi","14":"product_tag-kostumu","15":"product_tag-seksi","17":"first","18":"instock","19":"taxable","20":"shipping-taxable","21":"purchasable","22":"product-type-simple"},"_links":{"self":[{"href":"https:\/\/depodanmusteriye.com\/urunler\/wp-json\/wp\/v2\/product\/31601","targetHints":{"allow":["GET"]}}],"collection":[{"href":"https:\/\/depodanmusteriye.com\/urunler\/wp-json\/wp\/v2\/product"}],"about":[{"href":"https:\/\/depodanmusteriye.com\/urunler\/wp-json\/wp\/v2\/types\/product"}],"replies":[{"embeddable":true,"href":"https:\/\/depodanmusteriye.com\/urunler\/wp-json\/wp\/v2\/comments?post=31601"}],"version-history":[{"count":0,"href":"https:\/\/depodanmusteriye.com\/urunler\/wp-json\/wp\/v2\/product\/31601\/revisions"}],"wp:featuredmedia":[{"embeddable":true,"href":"https:\/\/depodanmusteriye.com\/urunler\/wp-json\/wp\/v2\/media\/31599"}],"wp:attachment":[{"href":"https:\/\/depodanmusteriye.com\/urunler\/wp-json\/wp\/v2\/media?parent=31601"}],"wp:term":[{"taxonomy":"product_brand","embeddable":true,"href":"https:\/\/depodanmusteriye.com\/urunler\/wp-json\/wp\/v2\/product_brand?post=31601"},{"taxonomy":"product_cat","embeddable":true,"href":"https:\/\/depodanmusteriye.com\/urunler\/wp-json\/wp\/v2\/product_cat?post=31601"},{"taxonomy":"product_tag","embeddable":true,"href":"https:\/\/depodanmusteriye.com\/urunler\/wp-json\/wp\/v2\/product_tag?post=31601"}],"curies":[{"name":"wp","href":"https:\/\/api.w.org\/{rel}","templated":true}]}}