{"id":31472,"date":"2025-12-05T18:01:32","date_gmt":"2025-12-05T18:01:32","guid":{"rendered":"https:\/\/b2b.depodanmusteriye.com\/urun\/dantel-transparan-kirmizi-badysuit-4lu-takim-2026-2\/"},"modified":"2025-12-05T18:01:32","modified_gmt":"2025-12-05T18:01:32","slug":"dantel-transparan-kirmizi-badysuit-4lu-takim-2026-2","status":"publish","type":"product","link":"https:\/\/depodanmusteriye.com\/urunler\/urun\/dantel-transparan-kirmizi-badysuit-4lu-takim-2026-2\/","title":{"rendered":"Dantel Transparan K\u0131rm\u0131z\u0131 Badysuit 4&#8217;l\u00fc Tak\u0131m 2026"},"content":{"rendered":"<h4>\n<p>Dantel Transparan K\u0131rm\u0131z\u0131 Badysuit 4&#8217;l\u00fc Tak\u0131m 2026<\/p>\n<p> K\u0131rm\u0131z\u0131 rengin \u00e7ekicili\u011fini yans\u0131tan bu dantel transparan bodysuit 4&#8217;l\u00fc tak\u0131m, \u015f\u0131k ve iddial\u0131 bir g\u00f6r\u00fcn\u00fcm yarat\u0131r. Esnek ve hafif yap\u0131s\u0131 sayesinde konforlu kullan\u0131m sa\u011flar. <\/p>\n<p><b>1 adet fiyat\u0131d\u0131r<\/b> <\/p>\n<p><p><b>\u00dcretici Markas\u0131 :  R RUSEL\u0130N<\/b><\/p>\n<p><b>\u00dcretici Kodu : 8690000000326<\/b><\/p>\n<p><b>1 ADET F\u0130YATIDIR<\/b><\/p>\n<p><b><\/p>\n<p>            Sa\u011fl\u0131k ve hijyen a\u00e7\u0131s\u0131ndan iadeye uygun olmayan \u00fcr\u00fcnlerdir. <\/b><\/p>\n<\/h4>\n<p><\/p>\n","protected":false},"excerpt":{"rendered":"<p>Dantel Transparan K\u0131rm\u0131z\u0131 Badysuit 4&#8217;l\u00fc Tak\u0131m 2026<\/p>\n","protected":false},"featured_media":31467,"comment_status":"open","ping_status":"closed","template":"","meta":[],"product_brand":[],"product_cat":[770,378],"product_tag":[7617,7615,3049,2323,1155,7614],"class_list":{"0":"post-31472","1":"product","2":"type-product","3":"status-publish","4":"has-post-thumbnail","6":"product_cat-fantezi-babydoll","7":"product_cat-giyim","8":"product_tag-7617","9":"product_tag-badysuit","10":"product_tag-dantel","11":"product_tag-kirmizi","12":"product_tag-takim","13":"product_tag-transparan","15":"first","16":"instock","17":"taxable","18":"shipping-taxable","19":"purchasable","20":"product-type-simple"},"_links":{"self":[{"href":"https:\/\/depodanmusteriye.com\/urunler\/wp-json\/wp\/v2\/product\/31472","targetHints":{"allow":["GET"]}}],"collection":[{"href":"https:\/\/depodanmusteriye.com\/urunler\/wp-json\/wp\/v2\/product"}],"about":[{"href":"https:\/\/depodanmusteriye.com\/urunler\/wp-json\/wp\/v2\/types\/product"}],"replies":[{"embeddable":true,"href":"https:\/\/depodanmusteriye.com\/urunler\/wp-json\/wp\/v2\/comments?post=31472"}],"version-history":[{"count":0,"href":"https:\/\/depodanmusteriye.com\/urunler\/wp-json\/wp\/v2\/product\/31472\/revisions"}],"wp:featuredmedia":[{"embeddable":true,"href":"https:\/\/depodanmusteriye.com\/urunler\/wp-json\/wp\/v2\/media\/31467"}],"wp:attachment":[{"href":"https:\/\/depodanmusteriye.com\/urunler\/wp-json\/wp\/v2\/media?parent=31472"}],"wp:term":[{"taxonomy":"product_brand","embeddable":true,"href":"https:\/\/depodanmusteriye.com\/urunler\/wp-json\/wp\/v2\/product_brand?post=31472"},{"taxonomy":"product_cat","embeddable":true,"href":"https:\/\/depodanmusteriye.com\/urunler\/wp-json\/wp\/v2\/product_cat?post=31472"},{"taxonomy":"product_tag","embeddable":true,"href":"https:\/\/depodanmusteriye.com\/urunler\/wp-json\/wp\/v2\/product_tag?post=31472"}],"curies":[{"name":"wp","href":"https:\/\/api.w.org\/{rel}","templated":true}]}}