{"id":31460,"date":"2025-12-05T18:01:01","date_gmt":"2025-12-05T18:01:01","guid":{"rendered":"https:\/\/b2b.depodanmusteriye.com\/urun\/dantel-transparan-fusya-badysuit-4lu-takim-2025-2\/"},"modified":"2025-12-05T18:01:01","modified_gmt":"2025-12-05T18:01:01","slug":"dantel-transparan-fusya-badysuit-4lu-takim-2025-2","status":"publish","type":"product","link":"https:\/\/depodanmusteriye.com\/urunler\/urun\/dantel-transparan-fusya-badysuit-4lu-takim-2025-2\/","title":{"rendered":"Dantel Transparan Fu\u015fya Badysuit 4&#8217;l\u00fc Tak\u0131m 2025"},"content":{"rendered":"<h4>\n<p>Dantel Transparan Fu\u015fya Badysuit 4&#8217;l\u00fc Tak\u0131m 2025<\/p>\n<p> Fu\u015fya rengin enerjisini yans\u0131tan dantel transparan bodysuit 4&#8217;l\u00fc tak\u0131m, canl\u0131 tonu ve zarif detaylar\u0131yla \u00f6ne \u00e7\u0131kar. Hafif kuma\u015f\u0131 ve uyumlu par\u00e7alar\u0131yla \u015f\u0131kl\u0131k ve rahatl\u0131\u011f\u0131 bir arada sunar. <\/p>\n<p><b>1 adet fiyat\u0131d\u0131r<\/b> <\/p>\n<p><p><b>\u00dcretici Markas\u0131 :  R RUSEL\u0130N<\/b><\/p>\n<p><b>\u00dcretici Kodu : 8690000000289<\/b><\/p>\n<p><b>1 ADET F\u0130YATIDIR<\/b><\/p>\n<p><b><\/p>\n<p>            Sa\u011fl\u0131k ve hijyen a\u00e7\u0131s\u0131ndan iadeye uygun olmayan \u00fcr\u00fcnlerdir. <\/b><\/p>\n<\/h4>\n<p><\/p>\n","protected":false},"excerpt":{"rendered":"<p>Dantel Transparan Fu\u015fya Badysuit 4&#8217;l\u00fc Tak\u0131m 2025<\/p>\n","protected":false},"featured_media":31456,"comment_status":"open","ping_status":"closed","template":"","meta":[],"product_brand":[],"product_cat":[770,378],"product_tag":[7616,7615,3049,4828,1155,7614],"class_list":{"0":"post-31460","1":"product","2":"type-product","3":"status-publish","4":"has-post-thumbnail","6":"product_cat-fantezi-babydoll","7":"product_cat-giyim","8":"product_tag-7616","9":"product_tag-badysuit","10":"product_tag-dantel","11":"product_tag-fusya","12":"product_tag-takim","13":"product_tag-transparan","15":"first","16":"instock","17":"taxable","18":"shipping-taxable","19":"purchasable","20":"product-type-simple"},"_links":{"self":[{"href":"https:\/\/depodanmusteriye.com\/urunler\/wp-json\/wp\/v2\/product\/31460","targetHints":{"allow":["GET"]}}],"collection":[{"href":"https:\/\/depodanmusteriye.com\/urunler\/wp-json\/wp\/v2\/product"}],"about":[{"href":"https:\/\/depodanmusteriye.com\/urunler\/wp-json\/wp\/v2\/types\/product"}],"replies":[{"embeddable":true,"href":"https:\/\/depodanmusteriye.com\/urunler\/wp-json\/wp\/v2\/comments?post=31460"}],"version-history":[{"count":0,"href":"https:\/\/depodanmusteriye.com\/urunler\/wp-json\/wp\/v2\/product\/31460\/revisions"}],"wp:featuredmedia":[{"embeddable":true,"href":"https:\/\/depodanmusteriye.com\/urunler\/wp-json\/wp\/v2\/media\/31456"}],"wp:attachment":[{"href":"https:\/\/depodanmusteriye.com\/urunler\/wp-json\/wp\/v2\/media?parent=31460"}],"wp:term":[{"taxonomy":"product_brand","embeddable":true,"href":"https:\/\/depodanmusteriye.com\/urunler\/wp-json\/wp\/v2\/product_brand?post=31460"},{"taxonomy":"product_cat","embeddable":true,"href":"https:\/\/depodanmusteriye.com\/urunler\/wp-json\/wp\/v2\/product_cat?post=31460"},{"taxonomy":"product_tag","embeddable":true,"href":"https:\/\/depodanmusteriye.com\/urunler\/wp-json\/wp\/v2\/product_tag?post=31460"}],"curies":[{"name":"wp","href":"https:\/\/api.w.org\/{rel}","templated":true}]}}