{"id":31110,"date":"2025-12-05T17:51:58","date_gmt":"2025-12-05T17:51:58","guid":{"rendered":"https:\/\/b2b.depodanmusteriye.com\/urun\/fusya-ipek-saten-sabahlik-14007-beden-xl\/"},"modified":"2025-12-05T17:51:58","modified_gmt":"2025-12-05T17:51:58","slug":"fusya-ipek-saten-sabahlik-14007-beden-xl","status":"publish","type":"product","link":"https:\/\/depodanmusteriye.com\/urunler\/urun\/fusya-ipek-saten-sabahlik-14007-beden-xl\/","title":{"rendered":"Fu\u015fya \u0130pek Saten Sabahl\u0131k &#8211; 14007 &#8211; Beden XL"},"content":{"rendered":"<h4><\/p>\n<h4> <b>1 ADET F\u0130YATIDIR<\/b> <\/h4>\n<p>Sistina 14007 \u0130pek Saten Fu\u015fya Sabahl\u0131k<br \/>\n\u00dcst\u00fcn Kalitede Kuma\u015flardan \u00fcretilmi\u015ftir.<br \/>\n\u00d6zel Paketinde G\u00f6nderilmektedir.<\/p>\n<p>Kuma\u015f t\u00fcr\u00fc : %100 Saten<br \/>\n\u00dcr\u00fcn i\u00e7eri\u011fi : Sabahl\u0131k<\/p>\n<p>S &#8211; (36)<br \/>\nM &#8211; (38)<br \/>\nL &#8211; (40)<br \/>\nXL &#8211; (42)<br \/>\nBedenlere olmaktad\u0131r.<\/p>\n<p style='font-size: 24px'>\u0130\u00c7 G\u0130Y\u0130M \u00dcR\u00dcNLER\u0130NDE , H\u0130JYEN DOLAYISIYLA \u0130ADE VE DE\u011e\u0130\u015e\u0130M YOKTUR<\/p>\n<p><p><b>\u00dcretici Markas\u0131 : S\u0130ST\u0130NA<\/b><\/p>\n<p><b>\u00dcretici Kodu : 14007SABAHFUSYAXL<\/b><\/p>\n<p><b>1 ADET F\u0130YATIDIR<\/b><\/p>\n<p><b><\/p>\n<p>            Sa\u011fl\u0131k ve hijyen a\u00e7\u0131s\u0131ndan iadeye uygun olmayan \u00fcr\u00fcnlerdir. <\/b><\/p>\n<\/h4>\n<p><\/p>\n","protected":false},"excerpt":{"rendered":"<p>Fu\u015fya \u0130pek Saten Sabahl\u0131k &#8211; 14007 &#8211; Beden XL<\/p>\n","protected":false},"featured_media":31109,"comment_status":"open","ping_status":"closed","template":"","meta":[],"product_brand":[],"product_cat":[378,691],"product_tag":[7580,1718,4828,1744,1745,1738,4724],"class_list":{"0":"post-31110","1":"product","2":"type-product","3":"status-publish","4":"has-post-thumbnail","6":"product_cat-giyim","7":"product_cat-sabahlik","8":"product_tag-7580","9":"product_tag-beden","10":"product_tag-fusya","11":"product_tag-ipek","12":"product_tag-sabahlik","13":"product_tag-saten","14":"product_tag-xl","16":"first","17":"instock","18":"taxable","19":"shipping-taxable","20":"purchasable","21":"product-type-simple"},"_links":{"self":[{"href":"https:\/\/depodanmusteriye.com\/urunler\/wp-json\/wp\/v2\/product\/31110","targetHints":{"allow":["GET"]}}],"collection":[{"href":"https:\/\/depodanmusteriye.com\/urunler\/wp-json\/wp\/v2\/product"}],"about":[{"href":"https:\/\/depodanmusteriye.com\/urunler\/wp-json\/wp\/v2\/types\/product"}],"replies":[{"embeddable":true,"href":"https:\/\/depodanmusteriye.com\/urunler\/wp-json\/wp\/v2\/comments?post=31110"}],"version-history":[{"count":0,"href":"https:\/\/depodanmusteriye.com\/urunler\/wp-json\/wp\/v2\/product\/31110\/revisions"}],"wp:featuredmedia":[{"embeddable":true,"href":"https:\/\/depodanmusteriye.com\/urunler\/wp-json\/wp\/v2\/media\/31109"}],"wp:attachment":[{"href":"https:\/\/depodanmusteriye.com\/urunler\/wp-json\/wp\/v2\/media?parent=31110"}],"wp:term":[{"taxonomy":"product_brand","embeddable":true,"href":"https:\/\/depodanmusteriye.com\/urunler\/wp-json\/wp\/v2\/product_brand?post=31110"},{"taxonomy":"product_cat","embeddable":true,"href":"https:\/\/depodanmusteriye.com\/urunler\/wp-json\/wp\/v2\/product_cat?post=31110"},{"taxonomy":"product_tag","embeddable":true,"href":"https:\/\/depodanmusteriye.com\/urunler\/wp-json\/wp\/v2\/product_tag?post=31110"}],"curies":[{"name":"wp","href":"https:\/\/api.w.org\/{rel}","templated":true}]}}