{"id":30911,"date":"2025-12-05T17:47:41","date_gmt":"2025-12-05T17:47:41","guid":{"rendered":"https:\/\/b2b.depodanmusteriye.com\/urun\/beyaz-saten-babydoll-sortlu-takim-257-beden-xl\/"},"modified":"2025-12-05T17:47:41","modified_gmt":"2025-12-05T17:47:41","slug":"beyaz-saten-babydoll-sortlu-takim-257-beden-xl","status":"publish","type":"product","link":"https:\/\/depodanmusteriye.com\/urunler\/urun\/beyaz-saten-babydoll-sortlu-takim-257-beden-xl\/","title":{"rendered":"Beyaz Saten Babydoll \u015eortlu Tak\u0131m &#8211; 257 &#8211; Beden XL"},"content":{"rendered":"<h4><\/p>\n<h4> <b>1 ADET F\u0130YATIDIR<\/b> <\/h4>\n<p style='font-size: 24px'>\u0130\u00c7 G\u0130Y\u0130M \u00dcR\u00dcNLER\u0130NDE , H\u0130JYEN DOLAYISIYLA \u0130ADE VE DE\u011e\u0130\u015e\u0130M YOKTUR<\/p>\n<p><p><b>\u00dcretici Markas\u0131 : S\u0130ST\u0130NA<\/b><\/p>\n<p><b>\u00dcretici Kodu : 257BABYDOLTAKIMXL<\/b><\/p>\n<p><b>1 ADET F\u0130YATIDIR<\/b><\/p>\n<p><b><\/p>\n<p>            Sa\u011fl\u0131k ve hijyen a\u00e7\u0131s\u0131ndan iadeye uygun olmayan \u00fcr\u00fcnlerdir. <\/b><\/p>\n<\/h4>\n<p><\/p>\n","protected":false},"excerpt":{"rendered":"<p>Beyaz Saten Babydoll \u015eortlu Tak\u0131m &#8211; 257 &#8211; Beden XL<\/p>\n","protected":false},"featured_media":30906,"comment_status":"open","ping_status":"closed","template":"","meta":[],"product_brand":[],"product_cat":[770,378],"product_tag":[7567,1739,1718,1663,1738,1740,1155,4724],"class_list":{"0":"post-30911","1":"product","2":"type-product","3":"status-publish","4":"has-post-thumbnail","6":"product_cat-fantezi-babydoll","7":"product_cat-giyim","8":"product_tag-7567","9":"product_tag-babydoll","10":"product_tag-beden","11":"product_tag-beyaz","12":"product_tag-saten","13":"product_tag-sortlu","14":"product_tag-takim","15":"product_tag-xl","17":"first","18":"instock","19":"taxable","20":"shipping-taxable","21":"purchasable","22":"product-type-simple"},"_links":{"self":[{"href":"https:\/\/depodanmusteriye.com\/urunler\/wp-json\/wp\/v2\/product\/30911","targetHints":{"allow":["GET"]}}],"collection":[{"href":"https:\/\/depodanmusteriye.com\/urunler\/wp-json\/wp\/v2\/product"}],"about":[{"href":"https:\/\/depodanmusteriye.com\/urunler\/wp-json\/wp\/v2\/types\/product"}],"replies":[{"embeddable":true,"href":"https:\/\/depodanmusteriye.com\/urunler\/wp-json\/wp\/v2\/comments?post=30911"}],"version-history":[{"count":0,"href":"https:\/\/depodanmusteriye.com\/urunler\/wp-json\/wp\/v2\/product\/30911\/revisions"}],"wp:featuredmedia":[{"embeddable":true,"href":"https:\/\/depodanmusteriye.com\/urunler\/wp-json\/wp\/v2\/media\/30906"}],"wp:attachment":[{"href":"https:\/\/depodanmusteriye.com\/urunler\/wp-json\/wp\/v2\/media?parent=30911"}],"wp:term":[{"taxonomy":"product_brand","embeddable":true,"href":"https:\/\/depodanmusteriye.com\/urunler\/wp-json\/wp\/v2\/product_brand?post=30911"},{"taxonomy":"product_cat","embeddable":true,"href":"https:\/\/depodanmusteriye.com\/urunler\/wp-json\/wp\/v2\/product_cat?post=30911"},{"taxonomy":"product_tag","embeddable":true,"href":"https:\/\/depodanmusteriye.com\/urunler\/wp-json\/wp\/v2\/product_tag?post=30911"}],"curies":[{"name":"wp","href":"https:\/\/api.w.org\/{rel}","templated":true}]}}