{"id":29615,"date":"2025-12-05T17:18:02","date_gmt":"2025-12-05T17:18:02","guid":{"rendered":"https:\/\/b2b.depodanmusteriye.com\/urun\/siyah-dikissiz-kadin-pedli-sutyen-korse-704-beden-m\/"},"modified":"2025-12-05T17:18:02","modified_gmt":"2025-12-05T17:18:02","slug":"siyah-dikissiz-kadin-pedli-sutyen-korse-704-beden-m","status":"publish","type":"product","link":"https:\/\/depodanmusteriye.com\/urunler\/urun\/siyah-dikissiz-kadin-pedli-sutyen-korse-704-beden-m\/","title":{"rendered":"Siyah Diki\u015fsiz Kad\u0131n Pedli S\u00fctyen Korse &#8211; 704 &#8211; Beden M"},"content":{"rendered":"<h4><\/p>\n<h4> <b>1 ADET F\u0130YATIDIR<\/b> <\/h4>\n<p>Sistina 704 Diki\u015fsiz Pedli S\u00fctyen<br \/>\n\u00dcst\u00fcn Kalitede Kuma\u015flardan \u00fcretilmi\u015ftir.<br \/>\n\u00d6zel Paketinde G\u00f6nderilmektedir.<\/p>\n<p>Kuma\u015f t\u00fcr\u00fc : %100 Polyamid<br \/>\n\u00dcr\u00fcn i\u00e7eri\u011fi : S\u00fctyen<\/p>\n<p>S &#8211; (36)<br \/>\nM &#8211; (38)<br \/>\nL &#8211; (40)<br \/>\nXL &#8211; (42)<\/p>\n<p style='font-size: 24px'>\u0130\u00c7 G\u0130Y\u0130M \u00dcR\u00dcNLER\u0130NDE , H\u0130JYEN DOLAYISIYLA \u0130ADE VE DE\u011e\u0130\u015e\u0130M YOKTUR<\/p>\n<p><p><b>\u00dcretici Markas\u0131 : S\u0130ST\u0130NA<\/b><\/p>\n<p><b>\u00dcretici Kodu : 704SKORSEM<\/b><\/p>\n<p><b>1 ADET F\u0130YATIDIR<\/b><\/p>\n<p><b><\/p>\n<p>            Sa\u011fl\u0131k ve hijyen a\u00e7\u0131s\u0131ndan iadeye uygun olmayan \u00fcr\u00fcnlerdir. <\/b><\/p>\n<\/h4>\n<p><\/p>\n","protected":false},"excerpt":{"rendered":"<p>Siyah Diki\u015fsiz Kad\u0131n Pedli S\u00fctyen Korse &#8211; 704 &#8211; Beden M<\/p>\n","protected":false},"featured_media":29613,"comment_status":"open","ping_status":"closed","template":"","meta":[],"product_brand":[],"product_cat":[378,417],"product_tag":[7413,1718,3042,1719,3043,1500,4520,1391,1931],"class_list":{"0":"post-29615","1":"product","2":"type-product","3":"status-publish","4":"has-post-thumbnail","6":"product_cat-giyim","7":"product_cat-korse","8":"product_tag-7413","9":"product_tag-beden","10":"product_tag-dikissiz","11":"product_tag-kadin","12":"product_tag-korse","13":"product_tag-m","14":"product_tag-pedli","15":"product_tag-siyah","16":"product_tag-sutyen","18":"first","19":"instock","20":"taxable","21":"shipping-taxable","22":"purchasable","23":"product-type-simple"},"_links":{"self":[{"href":"https:\/\/depodanmusteriye.com\/urunler\/wp-json\/wp\/v2\/product\/29615","targetHints":{"allow":["GET"]}}],"collection":[{"href":"https:\/\/depodanmusteriye.com\/urunler\/wp-json\/wp\/v2\/product"}],"about":[{"href":"https:\/\/depodanmusteriye.com\/urunler\/wp-json\/wp\/v2\/types\/product"}],"replies":[{"embeddable":true,"href":"https:\/\/depodanmusteriye.com\/urunler\/wp-json\/wp\/v2\/comments?post=29615"}],"version-history":[{"count":0,"href":"https:\/\/depodanmusteriye.com\/urunler\/wp-json\/wp\/v2\/product\/29615\/revisions"}],"wp:featuredmedia":[{"embeddable":true,"href":"https:\/\/depodanmusteriye.com\/urunler\/wp-json\/wp\/v2\/media\/29613"}],"wp:attachment":[{"href":"https:\/\/depodanmusteriye.com\/urunler\/wp-json\/wp\/v2\/media?parent=29615"}],"wp:term":[{"taxonomy":"product_brand","embeddable":true,"href":"https:\/\/depodanmusteriye.com\/urunler\/wp-json\/wp\/v2\/product_brand?post=29615"},{"taxonomy":"product_cat","embeddable":true,"href":"https:\/\/depodanmusteriye.com\/urunler\/wp-json\/wp\/v2\/product_cat?post=29615"},{"taxonomy":"product_tag","embeddable":true,"href":"https:\/\/depodanmusteriye.com\/urunler\/wp-json\/wp\/v2\/product_tag?post=29615"}],"curies":[{"name":"wp","href":"https:\/\/api.w.org\/{rel}","templated":true}]}}