{"id":29502,"date":"2025-12-05T17:15:15","date_gmt":"2025-12-05T17:15:15","guid":{"rendered":"https:\/\/b2b.depodanmusteriye.com\/urun\/siyah-erkek-termal-sauna-atlet-744-beden-xl\/"},"modified":"2025-12-05T17:15:15","modified_gmt":"2025-12-05T17:15:15","slug":"siyah-erkek-termal-sauna-atlet-744-beden-xl","status":"publish","type":"product","link":"https:\/\/depodanmusteriye.com\/urunler\/urun\/siyah-erkek-termal-sauna-atlet-744-beden-xl\/","title":{"rendered":"Siyah Erkek Termal Sauna Atlet &#8211; 744 &#8211; Beden XL"},"content":{"rendered":"<h4><\/p>\n<h4> <b>1 ADET F\u0130YATIDIR<\/b> <\/h4>\n<p>Sistina 744 Termal Sauna Erkek Atlet<br \/>\n\u00dcst\u00fcn Kalitede Kuma\u015flardan \u00fcretilmi\u015ftir.<br \/>\n\u00d6zel Paketinde G\u00f6nderilmektedir.<\/p>\n<p>Kuma\u015f t\u00fcr\u00fc : %100 Polyamid<br \/>\n\u00dcr\u00fcn i\u00e7eri\u011fi : Atlet<\/p>\n<p style='font-size: 24px'>\u0130\u00c7 G\u0130Y\u0130M \u00dcR\u00dcNLER\u0130NDE , H\u0130JYEN DOLAYISIYLA \u0130ADE VE DE\u011e\u0130\u015e\u0130M YOKTUR<\/p>\n<p><p><b>\u00dcretici Markas\u0131 : S\u0130ST\u0130NA<\/b><\/p>\n<p><b>\u00dcretici Kodu : 744TERMALSAUNAXL<\/b><\/p>\n<p><b>1 ADET F\u0130YATIDIR<\/b><\/p>\n<p><b><\/p>\n<p>            Sa\u011fl\u0131k ve hijyen a\u00e7\u0131s\u0131ndan iadeye uygun olmayan \u00fcr\u00fcnlerdir. <\/b><\/p>\n<\/h4>\n<p><\/p>\n","protected":false},"excerpt":{"rendered":"<p>Siyah Erkek Termal Sauna Atlet &#8211; 744 &#8211; Beden XL<\/p>\n","protected":false},"featured_media":29501,"comment_status":"open","ping_status":"closed","template":"","meta":[],"product_brand":[],"product_cat":[378,778],"product_tag":[7405,1724,1718,2092,1723,1391,1722,4724],"class_list":{"0":"post-29502","1":"product","2":"type-product","3":"status-publish","4":"has-post-thumbnail","6":"product_cat-giyim","7":"product_cat-spor-termal-giyim-and-iclik","8":"product_tag-7405","9":"product_tag-atlet","10":"product_tag-beden","11":"product_tag-erkek","12":"product_tag-sauna","13":"product_tag-siyah","14":"product_tag-termal","15":"product_tag-xl","17":"first","18":"instock","19":"taxable","20":"shipping-taxable","21":"purchasable","22":"product-type-simple"},"_links":{"self":[{"href":"https:\/\/depodanmusteriye.com\/urunler\/wp-json\/wp\/v2\/product\/29502","targetHints":{"allow":["GET"]}}],"collection":[{"href":"https:\/\/depodanmusteriye.com\/urunler\/wp-json\/wp\/v2\/product"}],"about":[{"href":"https:\/\/depodanmusteriye.com\/urunler\/wp-json\/wp\/v2\/types\/product"}],"replies":[{"embeddable":true,"href":"https:\/\/depodanmusteriye.com\/urunler\/wp-json\/wp\/v2\/comments?post=29502"}],"version-history":[{"count":0,"href":"https:\/\/depodanmusteriye.com\/urunler\/wp-json\/wp\/v2\/product\/29502\/revisions"}],"wp:featuredmedia":[{"embeddable":true,"href":"https:\/\/depodanmusteriye.com\/urunler\/wp-json\/wp\/v2\/media\/29501"}],"wp:attachment":[{"href":"https:\/\/depodanmusteriye.com\/urunler\/wp-json\/wp\/v2\/media?parent=29502"}],"wp:term":[{"taxonomy":"product_brand","embeddable":true,"href":"https:\/\/depodanmusteriye.com\/urunler\/wp-json\/wp\/v2\/product_brand?post=29502"},{"taxonomy":"product_cat","embeddable":true,"href":"https:\/\/depodanmusteriye.com\/urunler\/wp-json\/wp\/v2\/product_cat?post=29502"},{"taxonomy":"product_tag","embeddable":true,"href":"https:\/\/depodanmusteriye.com\/urunler\/wp-json\/wp\/v2\/product_tag?post=29502"}],"curies":[{"name":"wp","href":"https:\/\/api.w.org\/{rel}","templated":true}]}}