{"id":29389,"date":"2025-12-05T17:12:38","date_gmt":"2025-12-05T17:12:38","guid":{"rendered":"https:\/\/b2b.depodanmusteriye.com\/urun\/siyah-kadin-termal-sauna-tayt-742-beden-s\/"},"modified":"2025-12-05T17:12:38","modified_gmt":"2025-12-05T17:12:38","slug":"siyah-kadin-termal-sauna-tayt-742-beden-s","status":"publish","type":"product","link":"https:\/\/depodanmusteriye.com\/urunler\/urun\/siyah-kadin-termal-sauna-tayt-742-beden-s\/","title":{"rendered":"Siyah Kad\u0131n Termal Sauna Tayt &#8211; 742 &#8211; Beden S"},"content":{"rendered":"<h4><\/p>\n<h4> <b>1 ADET F\u0130YATIDIR<\/b> <\/h4>\n<p>Sistina 742 Termal Sauna Tayt \u00dcst\u00fcn Kalitede Kuma\u015flardan \u00fcretilmi\u015ftir.<br \/>\n\u00d6zel Paketinde G\u00f6nderilmektedir.<\/p>\n<p>Kuma\u015f t\u00fcr\u00fc : %100 Polyamid<br \/>\n\u00dcr\u00fcn i\u00e7eri\u011fi : Korse Tayt<\/p>\n<p>S &#8211; (36)<br \/>\nM &#8211; (38)<br \/>\nL &#8211; (40)<br \/>\nXL &#8211; (42)<br \/>\nXXL &#8211; (44)<br \/>\n3XL &#8211; (46)<br \/>\nBedenlere olmaktad\u0131r.<\/p>\n<p style='font-size: 24px'>\u0130\u00c7 G\u0130Y\u0130M \u00dcR\u00dcNLER\u0130NDE , H\u0130JYEN DOLAYISIYLA \u0130ADE VE DE\u011e\u0130\u015e\u0130M YOKTUR<\/p>\n<p><p><b>\u00dcretici Markas\u0131 : S\u0130ST\u0130NA<\/b><\/p>\n<p><b>\u00dcretici Kodu : 742TERMALSAUNAS<\/b><\/p>\n<p><b>1 ADET F\u0130YATIDIR<\/b><\/p>\n<p><b><\/p>\n<p>            Sa\u011fl\u0131k ve hijyen a\u00e7\u0131s\u0131ndan iadeye uygun olmayan \u00fcr\u00fcnlerdir. <\/b><\/p>\n<\/h4>\n<p><\/p>\n","protected":false},"excerpt":{"rendered":"<p>Siyah Kad\u0131n Termal Sauna Tayt &#8211; 742 &#8211; Beden S<\/p>\n","protected":false},"featured_media":29388,"comment_status":"open","ping_status":"closed","template":"","meta":[],"product_brand":[],"product_cat":[378,778],"product_tag":[7387,1718,1719,1583,1723,1391,1725,1722],"class_list":{"0":"post-29389","1":"product","2":"type-product","3":"status-publish","4":"has-post-thumbnail","6":"product_cat-giyim","7":"product_cat-spor-termal-giyim-and-iclik","8":"product_tag-7387","9":"product_tag-beden","10":"product_tag-kadin","11":"product_tag-s","12":"product_tag-sauna","13":"product_tag-siyah","14":"product_tag-tayt","15":"product_tag-termal","17":"first","18":"instock","19":"taxable","20":"shipping-taxable","21":"purchasable","22":"product-type-simple"},"_links":{"self":[{"href":"https:\/\/depodanmusteriye.com\/urunler\/wp-json\/wp\/v2\/product\/29389","targetHints":{"allow":["GET"]}}],"collection":[{"href":"https:\/\/depodanmusteriye.com\/urunler\/wp-json\/wp\/v2\/product"}],"about":[{"href":"https:\/\/depodanmusteriye.com\/urunler\/wp-json\/wp\/v2\/types\/product"}],"replies":[{"embeddable":true,"href":"https:\/\/depodanmusteriye.com\/urunler\/wp-json\/wp\/v2\/comments?post=29389"}],"version-history":[{"count":0,"href":"https:\/\/depodanmusteriye.com\/urunler\/wp-json\/wp\/v2\/product\/29389\/revisions"}],"wp:featuredmedia":[{"embeddable":true,"href":"https:\/\/depodanmusteriye.com\/urunler\/wp-json\/wp\/v2\/media\/29388"}],"wp:attachment":[{"href":"https:\/\/depodanmusteriye.com\/urunler\/wp-json\/wp\/v2\/media?parent=29389"}],"wp:term":[{"taxonomy":"product_brand","embeddable":true,"href":"https:\/\/depodanmusteriye.com\/urunler\/wp-json\/wp\/v2\/product_brand?post=29389"},{"taxonomy":"product_cat","embeddable":true,"href":"https:\/\/depodanmusteriye.com\/urunler\/wp-json\/wp\/v2\/product_cat?post=29389"},{"taxonomy":"product_tag","embeddable":true,"href":"https:\/\/depodanmusteriye.com\/urunler\/wp-json\/wp\/v2\/product_tag?post=29389"}],"curies":[{"name":"wp","href":"https:\/\/api.w.org\/{rel}","templated":true}]}}