{"id":28752,"date":"2025-12-05T13:10:45","date_gmt":"2025-12-05T13:10:45","guid":{"rendered":"https:\/\/b2b.depodanmusteriye.com\/urun\/eurogold-cat-sivi-kedi-od-karisik-6-cesit-180x15gr\/"},"modified":"2025-12-05T13:10:45","modified_gmt":"2025-12-05T13:10:45","slug":"eurogold-cat-sivi-kedi-od-karisik-6-cesit-180x15gr","status":"publish","type":"product","link":"https:\/\/depodanmusteriye.com\/urunler\/urun\/eurogold-cat-sivi-kedi-od-karisik-6-cesit-180x15gr\/","title":{"rendered":"EuroGold Cat S\u0131v\u0131 Kedi \u00d6d. Kar\u0131\u015f\u0131k 6 \u00c7e\u015fit 180x15Gr"},"content":{"rendered":"<h4>EuroGold Cat S\u0131v\u0131 Kedi \u00d6d. Kar\u0131\u015f\u0131k 6 \u00c7e\u015fit 180x15Gr <\/p>\n<p><b>2 adet fiyat\u0131d\u0131r<\/b> <\/p>\n<p><p><b>\u00dcretici Markas\u0131 : EUROCAT<\/b><\/p>\n<p><b>\u00dcretici Kodu : 444LS180MIX<\/b><\/p>\n<p><b>2 ADET F\u0130YATIDIR<\/b><\/p>\n<\/h4>\n<p><\/p>\n","protected":false},"excerpt":{"rendered":"<p>EuroGold Cat S\u0131v\u0131 Kedi \u00d6d. Kar\u0131\u015f\u0131k 6 \u00c7e\u015fit 180x15Gr<\/p>\n","protected":false},"featured_media":28751,"comment_status":"open","ping_status":"closed","template":"","meta":[],"product_brand":[],"product_cat":[502,370],"product_tag":[7351,1224,1703,6421,3245,1555,1550,7350,2881],"class_list":{"0":"post-28752","1":"product","2":"type-product","3":"status-publish","4":"has-post-thumbnail","6":"product_cat-kedi-odulu","7":"product_cat-pet-shop","8":"product_tag-180x15gr","9":"product_tag-1224","10":"product_tag-cat","11":"product_tag-cesit","12":"product_tag-eurogold","13":"product_tag-karisik","14":"product_tag-kedi","15":"product_tag-od","16":"product_tag-sivi","18":"first","19":"instock","20":"taxable","21":"shipping-taxable","22":"purchasable","23":"product-type-simple"},"_links":{"self":[{"href":"https:\/\/depodanmusteriye.com\/urunler\/wp-json\/wp\/v2\/product\/28752","targetHints":{"allow":["GET"]}}],"collection":[{"href":"https:\/\/depodanmusteriye.com\/urunler\/wp-json\/wp\/v2\/product"}],"about":[{"href":"https:\/\/depodanmusteriye.com\/urunler\/wp-json\/wp\/v2\/types\/product"}],"replies":[{"embeddable":true,"href":"https:\/\/depodanmusteriye.com\/urunler\/wp-json\/wp\/v2\/comments?post=28752"}],"version-history":[{"count":0,"href":"https:\/\/depodanmusteriye.com\/urunler\/wp-json\/wp\/v2\/product\/28752\/revisions"}],"wp:featuredmedia":[{"embeddable":true,"href":"https:\/\/depodanmusteriye.com\/urunler\/wp-json\/wp\/v2\/media\/28751"}],"wp:attachment":[{"href":"https:\/\/depodanmusteriye.com\/urunler\/wp-json\/wp\/v2\/media?parent=28752"}],"wp:term":[{"taxonomy":"product_brand","embeddable":true,"href":"https:\/\/depodanmusteriye.com\/urunler\/wp-json\/wp\/v2\/product_brand?post=28752"},{"taxonomy":"product_cat","embeddable":true,"href":"https:\/\/depodanmusteriye.com\/urunler\/wp-json\/wp\/v2\/product_cat?post=28752"},{"taxonomy":"product_tag","embeddable":true,"href":"https:\/\/depodanmusteriye.com\/urunler\/wp-json\/wp\/v2\/product_tag?post=28752"}],"curies":[{"name":"wp","href":"https:\/\/api.w.org\/{rel}","templated":true}]}}