{"id":28750,"date":"2025-12-05T13:10:40","date_gmt":"2025-12-05T13:10:40","guid":{"rendered":"https:\/\/b2b.depodanmusteriye.com\/urun\/biovet-orta-irk-kopek-deri-damlasi-4-lu\/"},"modified":"2025-12-05T13:10:40","modified_gmt":"2025-12-05T13:10:40","slug":"biovet-orta-irk-kopek-deri-damlasi-4-lu","status":"publish","type":"product","link":"https:\/\/depodanmusteriye.com\/urunler\/urun\/biovet-orta-irk-kopek-deri-damlasi-4-lu\/","title":{"rendered":"Biovet Orta Irk K\u00f6pek Deri Damlas\u0131 4 L\u00fc"},"content":{"rendered":"<h4><P>-nbsp;<P><\/p>\n<p><b>\u00dcretici Markas\u0131 : BIOLINE<\/b><\/p>\n<p><b>\u00dcretici Kodu : 6810591<\/b><\/p>\n<p><b>1 ADET F\u0130YATIDIR<\/b><\/p>\n<\/h4>\n<p><\/p>\n","protected":false},"excerpt":{"rendered":"<p>Biovet Orta Irk K\u00f6pek Deri Damlas\u0131 4 L\u00fc<\/p>\n","protected":false},"featured_media":28749,"comment_status":"open","ping_status":"closed","template":"","meta":[],"product_brand":[],"product_cat":[553,370],"product_tag":[1058,6036,3004,1517,3408,1491,3061,2733],"class_list":{"0":"post-28750","1":"product","2":"type-product","3":"status-publish","4":"has-post-thumbnail","6":"product_cat-kopek-aksesuari","7":"product_cat-pet-shop","8":"product_tag-1058","9":"product_tag-biovet","10":"product_tag-damlasi","11":"product_tag-deri","12":"product_tag-irk","13":"product_tag-kopek","14":"product_tag-lu","15":"product_tag-orta","17":"first","18":"instock","19":"taxable","20":"shipping-taxable","21":"purchasable","22":"product-type-simple"},"_links":{"self":[{"href":"https:\/\/depodanmusteriye.com\/urunler\/wp-json\/wp\/v2\/product\/28750","targetHints":{"allow":["GET"]}}],"collection":[{"href":"https:\/\/depodanmusteriye.com\/urunler\/wp-json\/wp\/v2\/product"}],"about":[{"href":"https:\/\/depodanmusteriye.com\/urunler\/wp-json\/wp\/v2\/types\/product"}],"replies":[{"embeddable":true,"href":"https:\/\/depodanmusteriye.com\/urunler\/wp-json\/wp\/v2\/comments?post=28750"}],"version-history":[{"count":0,"href":"https:\/\/depodanmusteriye.com\/urunler\/wp-json\/wp\/v2\/product\/28750\/revisions"}],"wp:featuredmedia":[{"embeddable":true,"href":"https:\/\/depodanmusteriye.com\/urunler\/wp-json\/wp\/v2\/media\/28749"}],"wp:attachment":[{"href":"https:\/\/depodanmusteriye.com\/urunler\/wp-json\/wp\/v2\/media?parent=28750"}],"wp:term":[{"taxonomy":"product_brand","embeddable":true,"href":"https:\/\/depodanmusteriye.com\/urunler\/wp-json\/wp\/v2\/product_brand?post=28750"},{"taxonomy":"product_cat","embeddable":true,"href":"https:\/\/depodanmusteriye.com\/urunler\/wp-json\/wp\/v2\/product_cat?post=28750"},{"taxonomy":"product_tag","embeddable":true,"href":"https:\/\/depodanmusteriye.com\/urunler\/wp-json\/wp\/v2\/product_tag?post=28750"}],"curies":[{"name":"wp","href":"https:\/\/api.w.org\/{rel}","templated":true}]}}