{"id":25071,"date":"2025-12-05T11:31:35","date_gmt":"2025-12-05T11:31:35","guid":{"rendered":"https:\/\/b2b.depodanmusteriye.com\/urun\/crocus-karidesli-krema-kedi-odulu-4x15gr\/"},"modified":"2025-12-05T11:31:35","modified_gmt":"2025-12-05T11:31:35","slug":"crocus-karidesli-krema-kedi-odulu-4x15gr","status":"publish","type":"product","link":"https:\/\/depodanmusteriye.com\/urunler\/urun\/crocus-karidesli-krema-kedi-odulu-4x15gr\/","title":{"rendered":"Crocus Karidesli Krema Kedi \u00d6d\u00fcl\u00fc 4x15gr"},"content":{"rendered":"<h4>\n<div><span style=\"font-size:13px\">\u00dcr\u00fcn: CROCUS KAR\u0130DESL\u0130 KREMA KED\u0130 \u00d6D\u00dcL\u00dc<\/span><\/div>\n<div><span style=\"font-size:13px\">\u00dcr\u00fcn\u00fcm\u00fcz, evcil hayvanlar i\u00e7in do\u011fal premium at\u0131\u015ft\u0131rmal\u0131klard\u0131r. A\u015fa\u011f\u0131daki bile\u015fime sahiptir:&nbsp;<\/span><\/div>\n<div><span style=\"font-size:13px\">\u0130\u00e7indekiler:<\/span><\/div>\n<div><span style=\"font-size:13px\">Tavuk eti %38, karides eti %38, tapioka ni\u015fastas\u0131, tavuk ya\u011f\u0131, taurin, guar sak\u0131z\u0131, tuz, potasyum sorbat, E vitamini takviyesi, ye\u015fil \u00e7ay ekstresi, su<\/span><\/div>\n<div>&nbsp;<\/div>\n<div><span style=\"font-size:13px\">Analiz de\u011ferleri:<\/span><\/div>\n<div><span style=\"font-size:13px\">Ham Protein: En az %9.2<\/span><\/div>\n<div><span style=\"font-size:13px\">Ham Ya\u011f: En az %1.5<\/span><\/div>\n<div><span style=\"font-size:13px\">Ham K\u00fcl: En fazla %2.5<\/span><\/div>\n<div><span style=\"font-size:13px\">Ham Lif: En fazla %2<\/span><\/div>\n<div><span style=\"font-size:13px\">Nem: En fazla %83<\/span><\/div>\n<p><b>20 adet fiyat\u0131d\u0131r<\/b> <\/p>\n<p><p><b>\u00dcretici Markas\u0131 : CROCUS<\/b><\/p>\n<p><b>\u00dcretici Kodu : 8681085430771<\/b><\/p>\n<p><b>20 ADET F\u0130YATIDIR<\/b><\/p>\n<\/h4>\n<p><\/p>\n","protected":false},"excerpt":{"rendered":"<p>Crocus Karidesli Krema Kedi \u00d6d\u00fcl\u00fc 4x15gr<\/p>\n","protected":false},"featured_media":25070,"comment_status":"open","ping_status":"closed","template":"","meta":[],"product_brand":[],"product_cat":[502,370],"product_tag":[6419,1577,6361,1550,6228,1756],"class_list":{"0":"post-25071","1":"product","2":"type-product","3":"status-publish","4":"has-post-thumbnail","6":"product_cat-kedi-odulu","7":"product_cat-pet-shop","8":"product_tag-4x15gr","9":"product_tag-crocus","10":"product_tag-karidesli","11":"product_tag-kedi","12":"product_tag-krema","13":"product_tag-odulu","15":"first","16":"instock","17":"taxable","18":"shipping-taxable","19":"purchasable","20":"product-type-simple"},"_links":{"self":[{"href":"https:\/\/depodanmusteriye.com\/urunler\/wp-json\/wp\/v2\/product\/25071","targetHints":{"allow":["GET"]}}],"collection":[{"href":"https:\/\/depodanmusteriye.com\/urunler\/wp-json\/wp\/v2\/product"}],"about":[{"href":"https:\/\/depodanmusteriye.com\/urunler\/wp-json\/wp\/v2\/types\/product"}],"replies":[{"embeddable":true,"href":"https:\/\/depodanmusteriye.com\/urunler\/wp-json\/wp\/v2\/comments?post=25071"}],"version-history":[{"count":0,"href":"https:\/\/depodanmusteriye.com\/urunler\/wp-json\/wp\/v2\/product\/25071\/revisions"}],"wp:featuredmedia":[{"embeddable":true,"href":"https:\/\/depodanmusteriye.com\/urunler\/wp-json\/wp\/v2\/media\/25070"}],"wp:attachment":[{"href":"https:\/\/depodanmusteriye.com\/urunler\/wp-json\/wp\/v2\/media?parent=25071"}],"wp:term":[{"taxonomy":"product_brand","embeddable":true,"href":"https:\/\/depodanmusteriye.com\/urunler\/wp-json\/wp\/v2\/product_brand?post=25071"},{"taxonomy":"product_cat","embeddable":true,"href":"https:\/\/depodanmusteriye.com\/urunler\/wp-json\/wp\/v2\/product_cat?post=25071"},{"taxonomy":"product_tag","embeddable":true,"href":"https:\/\/depodanmusteriye.com\/urunler\/wp-json\/wp\/v2\/product_tag?post=25071"}],"curies":[{"name":"wp","href":"https:\/\/api.w.org\/{rel}","templated":true}]}}