{"id":24685,"date":"2025-12-05T11:17:20","date_gmt":"2025-12-05T11:17:20","guid":{"rendered":"https:\/\/b2b.depodanmusteriye.com\/urun\/bestpet-85-gr-x-24-adet-kisirlastirilmis-kediler-icin-tahilsiz-jole-icinde-somon-parca-etli-yas-mama\/"},"modified":"2025-12-05T11:17:20","modified_gmt":"2025-12-05T11:17:20","slug":"bestpet-85-gr-x-24-adet-kisirlastirilmis-kediler-icin-tahilsiz-jole-icinde-somon-parca-etli-yas-mama","status":"publish","type":"product","link":"https:\/\/depodanmusteriye.com\/urunler\/urun\/bestpet-85-gr-x-24-adet-kisirlastirilmis-kediler-icin-tahilsiz-jole-icinde-somon-parca-etli-yas-mama\/","title":{"rendered":"Bestpet 85 gr X 24 ADET K\u0131s\u0131rla\u015ft\u0131r\u0131lm\u0131\u015f Kediler \u0130\u00e7in Tah\u0131ls\u0131z, J\u00f6le \u0130\u00e7inde Somon Par\u00e7a Etli Ya\u015f Mama"},"content":{"rendered":"<h4>Bestpet 85 gr X 24 ADET K\u0131s\u0131rla\u015ft\u0131r\u0131lm\u0131\u015f Kediler \u0130\u00e7in Tah\u0131ls\u0131z, J\u00f6le \u0130\u00e7inde Somon Par\u00e7a Etli Ya\u015f Mama <\/p>\n<p><b>\u00dcretici Markas\u0131 : Bestpet<\/b><\/p>\n<p><b>\u00dcretici Kodu : P0037DPM<\/b><\/p>\n<p><b>1 ADET F\u0130YATIDIR<\/b><\/p>\n<\/h4>\n<p><\/p>\n","protected":false},"excerpt":{"rendered":"<p>Bestpet 85 gr X 24 ADET K\u0131s\u0131rla\u015ft\u0131r\u0131lm\u0131\u015f Kediler \u0130\u00e7in Tah\u0131ls\u0131z, J\u00f6le \u0130\u00e7inde Somon Par\u00e7a Etli Ya\u015f Mama <\/p>\n","protected":false},"featured_media":24684,"comment_status":"open","ping_status":"closed","template":"","meta":[],"product_brand":[],"product_cat":[508,370],"product_tag":[1464,6319,1301,6439,1794,1563,1853,4709,5042,5327,6459,1759,2376,1578,6363,1595,1589],"class_list":{"0":"post-24685","1":"product","2":"type-product","3":"status-publish","4":"has-post-thumbnail","6":"product_cat-kedi-konserve-mamasi","7":"product_cat-pet-shop","8":"product_tag-1464","9":"product_tag-6319","10":"product_tag-adet","11":"product_tag-bestpet","12":"product_tag-etli","13":"product_tag-gr","14":"product_tag-icin","15":"product_tag-icinde","16":"product_tag-jole","17":"product_tag-kediler","18":"product_tag-kisirlastirilmis","19":"product_tag-mama","20":"product_tag-parca","21":"product_tag-somon","22":"product_tag-tahilsiz","23":"product_tag-x","24":"product_tag-yas","26":"first","27":"instock","28":"taxable","29":"shipping-taxable","30":"purchasable","31":"product-type-simple"},"_links":{"self":[{"href":"https:\/\/depodanmusteriye.com\/urunler\/wp-json\/wp\/v2\/product\/24685","targetHints":{"allow":["GET"]}}],"collection":[{"href":"https:\/\/depodanmusteriye.com\/urunler\/wp-json\/wp\/v2\/product"}],"about":[{"href":"https:\/\/depodanmusteriye.com\/urunler\/wp-json\/wp\/v2\/types\/product"}],"replies":[{"embeddable":true,"href":"https:\/\/depodanmusteriye.com\/urunler\/wp-json\/wp\/v2\/comments?post=24685"}],"version-history":[{"count":0,"href":"https:\/\/depodanmusteriye.com\/urunler\/wp-json\/wp\/v2\/product\/24685\/revisions"}],"wp:featuredmedia":[{"embeddable":true,"href":"https:\/\/depodanmusteriye.com\/urunler\/wp-json\/wp\/v2\/media\/24684"}],"wp:attachment":[{"href":"https:\/\/depodanmusteriye.com\/urunler\/wp-json\/wp\/v2\/media?parent=24685"}],"wp:term":[{"taxonomy":"product_brand","embeddable":true,"href":"https:\/\/depodanmusteriye.com\/urunler\/wp-json\/wp\/v2\/product_brand?post=24685"},{"taxonomy":"product_cat","embeddable":true,"href":"https:\/\/depodanmusteriye.com\/urunler\/wp-json\/wp\/v2\/product_cat?post=24685"},{"taxonomy":"product_tag","embeddable":true,"href":"https:\/\/depodanmusteriye.com\/urunler\/wp-json\/wp\/v2\/product_tag?post=24685"}],"curies":[{"name":"wp","href":"https:\/\/api.w.org\/{rel}","templated":true}]}}