{"id":24589,"date":"2025-12-05T11:14:00","date_gmt":"2025-12-05T11:14:00","guid":{"rendered":"https:\/\/b2b.depodanmusteriye.com\/urun\/brit-care-100-gr-x-6-adet-hindistan-cevizli-ve-yabanmersinli-tahilsiz-kitir-yavru-kedi-odulu\/"},"modified":"2025-12-05T11:14:00","modified_gmt":"2025-12-05T11:14:00","slug":"brit-care-100-gr-x-6-adet-hindistan-cevizli-ve-yabanmersinli-tahilsiz-kitir-yavru-kedi-odulu","status":"publish","type":"product","link":"https:\/\/depodanmusteriye.com\/urunler\/urun\/brit-care-100-gr-x-6-adet-hindistan-cevizli-ve-yabanmersinli-tahilsiz-kitir-yavru-kedi-odulu\/","title":{"rendered":"Brit Care 100 gr X 6 ADET Hindistan Cevizli Ve Yabanmersinli, Tah\u0131ls\u0131z, K\u0131t\u0131r Yavru Kedi \u00d6d\u00fcl\u00fc"},"content":{"rendered":"<h4>Brit Care Hindistan Cevizli Ve Yabanmersinli, Tah\u0131ls\u0131z, K\u0131t\u0131r Yavru Kedi \u00d6d\u00fcl\u00fc 100 gr<\/p>\n<p><strong> X 6 ADET <\/strong><\/p>\n<p><b>\u00dcretici Markas\u0131 : Brit Care<\/b><\/p>\n<p><b>\u00dcretici Kodu : B11268DPM<\/b><\/p>\n<p><b>1 ADET F\u0130YATIDIR<\/b><\/p>\n<\/h4>\n<p><\/p>\n","protected":false},"excerpt":{"rendered":"<p>Brit Care 100 gr X 6 ADET Hindistan Cevizli Ve Yabanmersinli, Tah\u0131ls\u0131z, K\u0131t\u0131r Yavru Kedi \u00d6d\u00fcl\u00fc <\/p>\n","protected":false},"featured_media":24588,"comment_status":"open","ping_status":"closed","template":"","meta":[],"product_brand":[],"product_cat":[502,370],"product_tag":[1775,1224,1301,3406,3407,6545,1563,6544,1550,6465,1756,6363,2104,1595,6546,1790],"class_list":{"0":"post-24589","1":"product","2":"type-product","3":"status-publish","4":"has-post-thumbnail","6":"product_cat-kedi-odulu","7":"product_cat-pet-shop","8":"product_tag-1775","9":"product_tag-1224","10":"product_tag-adet","11":"product_tag-brit","12":"product_tag-care","13":"product_tag-cevizli","14":"product_tag-gr","15":"product_tag-hindistan","16":"product_tag-kedi","17":"product_tag-kitir","18":"product_tag-odulu","19":"product_tag-tahilsiz","20":"product_tag-ve","21":"product_tag-x","22":"product_tag-yabanmersinli","23":"product_tag-yavru","25":"first","26":"instock","27":"taxable","28":"shipping-taxable","29":"purchasable","30":"product-type-simple"},"_links":{"self":[{"href":"https:\/\/depodanmusteriye.com\/urunler\/wp-json\/wp\/v2\/product\/24589","targetHints":{"allow":["GET"]}}],"collection":[{"href":"https:\/\/depodanmusteriye.com\/urunler\/wp-json\/wp\/v2\/product"}],"about":[{"href":"https:\/\/depodanmusteriye.com\/urunler\/wp-json\/wp\/v2\/types\/product"}],"replies":[{"embeddable":true,"href":"https:\/\/depodanmusteriye.com\/urunler\/wp-json\/wp\/v2\/comments?post=24589"}],"version-history":[{"count":0,"href":"https:\/\/depodanmusteriye.com\/urunler\/wp-json\/wp\/v2\/product\/24589\/revisions"}],"wp:featuredmedia":[{"embeddable":true,"href":"https:\/\/depodanmusteriye.com\/urunler\/wp-json\/wp\/v2\/media\/24588"}],"wp:attachment":[{"href":"https:\/\/depodanmusteriye.com\/urunler\/wp-json\/wp\/v2\/media?parent=24589"}],"wp:term":[{"taxonomy":"product_brand","embeddable":true,"href":"https:\/\/depodanmusteriye.com\/urunler\/wp-json\/wp\/v2\/product_brand?post=24589"},{"taxonomy":"product_cat","embeddable":true,"href":"https:\/\/depodanmusteriye.com\/urunler\/wp-json\/wp\/v2\/product_cat?post=24589"},{"taxonomy":"product_tag","embeddable":true,"href":"https:\/\/depodanmusteriye.com\/urunler\/wp-json\/wp\/v2\/product_tag?post=24589"}],"curies":[{"name":"wp","href":"https:\/\/api.w.org\/{rel}","templated":true}]}}