{"id":24585,"date":"2025-12-05T11:13:53","date_gmt":"2025-12-05T11:13:53","guid":{"rendered":"https:\/\/b2b.depodanmusteriye.com\/urun\/bestpet-400-gr-x-12-adet-yetiskin-kediler-icin-tuy-yumagi-kontrolu-saglayan-tavuk-eti-parcali-ve-soslu-mama\/"},"modified":"2025-12-05T11:13:53","modified_gmt":"2025-12-05T11:13:53","slug":"bestpet-400-gr-x-12-adet-yetiskin-kediler-icin-tuy-yumagi-kontrolu-saglayan-tavuk-eti-parcali-ve-soslu-mama","status":"publish","type":"product","link":"https:\/\/depodanmusteriye.com\/urunler\/urun\/bestpet-400-gr-x-12-adet-yetiskin-kediler-icin-tuy-yumagi-kontrolu-saglayan-tavuk-eti-parcali-ve-soslu-mama\/","title":{"rendered":"Bestpet 400 gr X 12 ADET  Yeti\u015fkin Kediler \u0130\u00e7in T\u00fcy Yuma\u011f\u0131 Kontrol\u00fc Sa\u011flayan Tavuk Eti Par\u00e7al\u0131 ve Soslu Mama"},"content":{"rendered":"<h4>Bestpet Yeti\u015fkin Kediler \u0130\u00e7in T\u00fcy Yuma\u011f\u0131 Kontrol\u00fc Sa\u011flayan Tavuk Eti Par\u00e7al\u0131 ve Soslu Mama 400 gr<\/p>\n<p><strong> X 12 ADET  <\/strong><\/p>\n<p><b>\u00dcretici Markas\u0131 : Bestpet<\/b><\/p>\n<p><b>\u00dcretici Kodu : P0048DPM<\/b><\/p>\n<p><b>1 ADET F\u0130YATIDIR<\/b><\/p>\n<\/h4>\n<p><\/p>\n","protected":false},"excerpt":{"rendered":"<p>Bestpet 400 gr X 12 ADET  Yeti\u015fkin Kediler \u0130\u00e7in T\u00fcy Yuma\u011f\u0131 Kontrol\u00fc Sa\u011flayan Tavuk Eti Par\u00e7al\u0131 ve Soslu Mama <\/p>\n","protected":false},"featured_media":24584,"comment_status":"open","ping_status":"closed","template":"","meta":[],"product_brand":[],"product_cat":[508,370],"product_tag":[2097,4428,1301,6439,3097,1563,1853,5327,6461,1759,6543,4258,6460,1605,2380,2104,1595,2434,6520],"class_list":{"0":"post-24585","1":"product","2":"type-product","3":"status-publish","4":"has-post-thumbnail","6":"product_cat-kedi-konserve-mamasi","7":"product_cat-pet-shop","8":"product_tag-2097","9":"product_tag-4428","10":"product_tag-adet","11":"product_tag-bestpet","12":"product_tag-eti","13":"product_tag-gr","14":"product_tag-icin","15":"product_tag-kediler","16":"product_tag-kontrolu","17":"product_tag-mama","18":"product_tag-parcali","19":"product_tag-saglayan","20":"product_tag-soslu","21":"product_tag-tavuk","22":"product_tag-tuy","23":"product_tag-ve","24":"product_tag-x","25":"product_tag-yetiskin","26":"product_tag-yumagi","28":"first","29":"instock","30":"taxable","31":"shipping-taxable","32":"purchasable","33":"product-type-simple"},"_links":{"self":[{"href":"https:\/\/depodanmusteriye.com\/urunler\/wp-json\/wp\/v2\/product\/24585","targetHints":{"allow":["GET"]}}],"collection":[{"href":"https:\/\/depodanmusteriye.com\/urunler\/wp-json\/wp\/v2\/product"}],"about":[{"href":"https:\/\/depodanmusteriye.com\/urunler\/wp-json\/wp\/v2\/types\/product"}],"replies":[{"embeddable":true,"href":"https:\/\/depodanmusteriye.com\/urunler\/wp-json\/wp\/v2\/comments?post=24585"}],"version-history":[{"count":0,"href":"https:\/\/depodanmusteriye.com\/urunler\/wp-json\/wp\/v2\/product\/24585\/revisions"}],"wp:featuredmedia":[{"embeddable":true,"href":"https:\/\/depodanmusteriye.com\/urunler\/wp-json\/wp\/v2\/media\/24584"}],"wp:attachment":[{"href":"https:\/\/depodanmusteriye.com\/urunler\/wp-json\/wp\/v2\/media?parent=24585"}],"wp:term":[{"taxonomy":"product_brand","embeddable":true,"href":"https:\/\/depodanmusteriye.com\/urunler\/wp-json\/wp\/v2\/product_brand?post=24585"},{"taxonomy":"product_cat","embeddable":true,"href":"https:\/\/depodanmusteriye.com\/urunler\/wp-json\/wp\/v2\/product_cat?post=24585"},{"taxonomy":"product_tag","embeddable":true,"href":"https:\/\/depodanmusteriye.com\/urunler\/wp-json\/wp\/v2\/product_tag?post=24585"}],"curies":[{"name":"wp","href":"https:\/\/api.w.org\/{rel}","templated":true}]}}