{"id":24530,"date":"2025-12-05T11:12:20","date_gmt":"2025-12-05T11:12:20","guid":{"rendered":"https:\/\/b2b.depodanmusteriye.com\/urun\/bestpet-350-gr-twisted-stick-white-%100-dogal-deri-beyaz-burgu-kopek-odul-cubugu\/"},"modified":"2025-12-05T11:12:20","modified_gmt":"2025-12-05T11:12:20","slug":"bestpet-350-gr-twisted-stick-white-%100-dogal-deri-beyaz-burgu-kopek-odul-cubugu","status":"publish","type":"product","link":"https:\/\/depodanmusteriye.com\/urunler\/urun\/bestpet-350-gr-twisted-stick-white-%100-dogal-deri-beyaz-burgu-kopek-odul-cubugu\/","title":{"rendered":"Bestpet 350 gr Twisted Stick White, %100 Do\u011fal Deri Beyaz Burgu K\u00f6pek \u00d6d\u00fcl \u00c7ubu\u011fu"},"content":{"rendered":"<h4>Bestpet Twisted Stick White, %100 Do\u011fal Deri Beyaz Burgu K\u00f6pek \u00d6d\u00fcl \u00c7ubu\u011fu 350 gr<\/p>\n<p><b>\u00dcretici Markas\u0131 : Bestpet<\/b><\/p>\n<p><b>\u00dcretici Kodu : P7017DPM<\/b><\/p>\n<p><b>1 ADET F\u0130YATIDIR<\/b><\/p>\n<\/h4>\n<p><\/p>\n","protected":false},"excerpt":{"rendered":"<p>Bestpet 350 gr Twisted Stick White, %100 Do\u011fal Deri Beyaz Burgu K\u00f6pek \u00d6d\u00fcl \u00c7ubu\u011fu <\/p>\n","protected":false},"featured_media":24528,"comment_status":"open","ping_status":"closed","template":"","meta":[],"product_brand":[],"product_cat":[542,370],"product_tag":[6493,1536,6439,1663,5889,2409,1517,1827,1563,1491,2988,1961,6491,6522],"class_list":{"0":"post-24530","1":"product","2":"type-product","3":"status-publish","4":"has-post-thumbnail","6":"product_cat-kopek-odulu","7":"product_cat-pet-shop","8":"product_tag-1536","9":"product_tag-bestpet","10":"product_tag-beyaz","11":"product_tag-burgu","12":"product_tag-cubugu","13":"product_tag-deri","14":"product_tag-dogal","15":"product_tag-gr","16":"product_tag-kopek","17":"product_tag-odul","18":"product_tag-stick","19":"product_tag-twisted","20":"product_tag-white","22":"first","23":"instock","24":"taxable","25":"shipping-taxable","26":"purchasable","27":"product-type-simple"},"_links":{"self":[{"href":"https:\/\/depodanmusteriye.com\/urunler\/wp-json\/wp\/v2\/product\/24530","targetHints":{"allow":["GET"]}}],"collection":[{"href":"https:\/\/depodanmusteriye.com\/urunler\/wp-json\/wp\/v2\/product"}],"about":[{"href":"https:\/\/depodanmusteriye.com\/urunler\/wp-json\/wp\/v2\/types\/product"}],"replies":[{"embeddable":true,"href":"https:\/\/depodanmusteriye.com\/urunler\/wp-json\/wp\/v2\/comments?post=24530"}],"version-history":[{"count":0,"href":"https:\/\/depodanmusteriye.com\/urunler\/wp-json\/wp\/v2\/product\/24530\/revisions"}],"wp:featuredmedia":[{"embeddable":true,"href":"https:\/\/depodanmusteriye.com\/urunler\/wp-json\/wp\/v2\/media\/24528"}],"wp:attachment":[{"href":"https:\/\/depodanmusteriye.com\/urunler\/wp-json\/wp\/v2\/media?parent=24530"}],"wp:term":[{"taxonomy":"product_brand","embeddable":true,"href":"https:\/\/depodanmusteriye.com\/urunler\/wp-json\/wp\/v2\/product_brand?post=24530"},{"taxonomy":"product_cat","embeddable":true,"href":"https:\/\/depodanmusteriye.com\/urunler\/wp-json\/wp\/v2\/product_cat?post=24530"},{"taxonomy":"product_tag","embeddable":true,"href":"https:\/\/depodanmusteriye.com\/urunler\/wp-json\/wp\/v2\/product_tag?post=24530"}],"curies":[{"name":"wp","href":"https:\/\/api.w.org\/{rel}","templated":true}]}}