{"id":24491,"date":"2025-12-05T11:11:13","date_gmt":"2025-12-05T11:11:13","guid":{"rendered":"https:\/\/b2b.depodanmusteriye.com\/urun\/brit-care-50-gr-x-12-adet-sindirim-sistemini-duzenlemek-icin-tahilsiz-fonksiyonel-kedi-odulu\/"},"modified":"2025-12-05T11:11:13","modified_gmt":"2025-12-05T11:11:13","slug":"brit-care-50-gr-x-12-adet-sindirim-sistemini-duzenlemek-icin-tahilsiz-fonksiyonel-kedi-odulu","status":"publish","type":"product","link":"https:\/\/depodanmusteriye.com\/urunler\/urun\/brit-care-50-gr-x-12-adet-sindirim-sistemini-duzenlemek-icin-tahilsiz-fonksiyonel-kedi-odulu\/","title":{"rendered":"Brit Care 50 gr X 12 ADET Sindirim Sistemini D\u00fczenlemek \u0130\u00e7in, Tah\u0131ls\u0131z, Fonksiyonel Kedi \u00d6d\u00fcl\u00fc"},"content":{"rendered":"<h4>Brit Care Sindirim Sistemini D\u00fczenlemek \u0130\u00e7in, Tah\u0131ls\u0131z, Fonksiyonel Kedi \u00d6d\u00fcl\u00fc 50 gr<\/p>\n<p><strong> X 12 ADET <\/strong><\/p>\n<p><b>\u00dcretici Markas\u0131 : Brit Care<\/b><\/p>\n<p><b>\u00dcretici Kodu : B11902DPM<\/b><\/p>\n<p><b>1 ADET F\u0130YATIDIR<\/b><\/p>\n<\/h4>\n<p><\/p>\n","protected":false},"excerpt":{"rendered":"<p>Brit Care 50 gr X 12 ADET Sindirim Sistemini D\u00fczenlemek \u0130\u00e7in, Tah\u0131ls\u0131z, Fonksiyonel Kedi \u00d6d\u00fcl\u00fc <\/p>\n","protected":false},"featured_media":24490,"comment_status":"open","ping_status":"closed","template":"","meta":[],"product_brand":[],"product_cat":[502,370],"product_tag":[2097,1105,1301,3406,3407,6490,6470,1563,1853,1550,1756,6488,6489,6363,1595],"class_list":{"0":"post-24491","1":"product","2":"type-product","3":"status-publish","4":"has-post-thumbnail","6":"product_cat-kedi-odulu","7":"product_cat-pet-shop","8":"product_tag-2097","9":"product_tag-1105","10":"product_tag-adet","11":"product_tag-brit","12":"product_tag-care","13":"product_tag-duzenlemek","14":"product_tag-fonksiyonel","15":"product_tag-gr","16":"product_tag-icin","17":"product_tag-kedi","18":"product_tag-odulu","19":"product_tag-sindirim","20":"product_tag-sistemini","21":"product_tag-tahilsiz","22":"product_tag-x","24":"first","25":"instock","26":"taxable","27":"shipping-taxable","28":"purchasable","29":"product-type-simple"},"_links":{"self":[{"href":"https:\/\/depodanmusteriye.com\/urunler\/wp-json\/wp\/v2\/product\/24491","targetHints":{"allow":["GET"]}}],"collection":[{"href":"https:\/\/depodanmusteriye.com\/urunler\/wp-json\/wp\/v2\/product"}],"about":[{"href":"https:\/\/depodanmusteriye.com\/urunler\/wp-json\/wp\/v2\/types\/product"}],"replies":[{"embeddable":true,"href":"https:\/\/depodanmusteriye.com\/urunler\/wp-json\/wp\/v2\/comments?post=24491"}],"version-history":[{"count":0,"href":"https:\/\/depodanmusteriye.com\/urunler\/wp-json\/wp\/v2\/product\/24491\/revisions"}],"wp:featuredmedia":[{"embeddable":true,"href":"https:\/\/depodanmusteriye.com\/urunler\/wp-json\/wp\/v2\/media\/24490"}],"wp:attachment":[{"href":"https:\/\/depodanmusteriye.com\/urunler\/wp-json\/wp\/v2\/media?parent=24491"}],"wp:term":[{"taxonomy":"product_brand","embeddable":true,"href":"https:\/\/depodanmusteriye.com\/urunler\/wp-json\/wp\/v2\/product_brand?post=24491"},{"taxonomy":"product_cat","embeddable":true,"href":"https:\/\/depodanmusteriye.com\/urunler\/wp-json\/wp\/v2\/product_cat?post=24491"},{"taxonomy":"product_tag","embeddable":true,"href":"https:\/\/depodanmusteriye.com\/urunler\/wp-json\/wp\/v2\/product_tag?post=24491"}],"curies":[{"name":"wp","href":"https:\/\/api.w.org\/{rel}","templated":true}]}}