{"id":24345,"date":"2025-12-05T11:06:28","date_gmt":"2025-12-05T11:06:28","guid":{"rendered":"https:\/\/b2b.depodanmusteriye.com\/urun\/brit-care-100-gr-x-6-adet-kizilcik-ve-kusburnulu-tahilsiz-somon-balikli-kitir-kisirlastirilmis-kedi-odulu\/"},"modified":"2025-12-05T11:06:28","modified_gmt":"2025-12-05T11:06:28","slug":"brit-care-100-gr-x-6-adet-kizilcik-ve-kusburnulu-tahilsiz-somon-balikli-kitir-kisirlastirilmis-kedi-odulu","status":"publish","type":"product","link":"https:\/\/depodanmusteriye.com\/urunler\/urun\/brit-care-100-gr-x-6-adet-kizilcik-ve-kusburnulu-tahilsiz-somon-balikli-kitir-kisirlastirilmis-kedi-odulu\/","title":{"rendered":"Brit Care 100 gr X 6 ADET K\u0131z\u0131lc\u0131k Ve Ku\u015fburnulu, Tah\u0131ls\u0131z, Somon Bal\u0131kl\u0131, K\u0131t\u0131r K\u0131s\u0131rla\u015ft\u0131r\u0131lm\u0131\u015f Kedi \u00d6d\u00fcl\u00fc"},"content":{"rendered":"<h4>Brit Care K\u0131z\u0131lc\u0131k Ve Ku\u015fburnulu, Tah\u0131ls\u0131z, Somon Bal\u0131kl\u0131, K\u0131t\u0131r K\u0131s\u0131rla\u015ft\u0131r\u0131lm\u0131\u015f Kedi \u00d6d\u00fcl\u00fc 100 gr<\/p>\n<p><strong> X 6 ADET <\/strong><\/p>\n<p><b>\u00dcretici Markas\u0131 : Brit Care<\/b><\/p>\n<p><b>\u00dcretici Kodu : B11270DPM<\/b><\/p>\n<p><b>1 ADET F\u0130YATIDIR<\/b><\/p>\n<\/h4>\n<p><\/p>\n","protected":false},"excerpt":{"rendered":"<p>Brit Care 100 gr X 6 ADET K\u0131z\u0131lc\u0131k Ve Ku\u015fburnulu, Tah\u0131ls\u0131z, Somon Bal\u0131kl\u0131, K\u0131t\u0131r K\u0131s\u0131rla\u015ft\u0131r\u0131lm\u0131\u015f Kedi \u00d6d\u00fcl\u00fc <\/p>\n","protected":false},"featured_media":24344,"comment_status":"open","ping_status":"closed","template":"","meta":[],"product_brand":[],"product_cat":[502,370],"product_tag":[1775,1224,1301,4876,3406,3407,1563,1550,6459,6465,6463,6464,1756,1578,6363,2104,1595],"class_list":{"0":"post-24345","1":"product","2":"type-product","3":"status-publish","4":"has-post-thumbnail","6":"product_cat-kedi-odulu","7":"product_cat-pet-shop","8":"product_tag-1775","9":"product_tag-1224","10":"product_tag-adet","11":"product_tag-balikli","12":"product_tag-brit","13":"product_tag-care","14":"product_tag-gr","15":"product_tag-kedi","16":"product_tag-kisirlastirilmis","17":"product_tag-kitir","18":"product_tag-kizilcik","19":"product_tag-kusburnulu","20":"product_tag-odulu","21":"product_tag-somon","22":"product_tag-tahilsiz","23":"product_tag-ve","24":"product_tag-x","26":"first","27":"instock","28":"taxable","29":"shipping-taxable","30":"purchasable","31":"product-type-simple"},"_links":{"self":[{"href":"https:\/\/depodanmusteriye.com\/urunler\/wp-json\/wp\/v2\/product\/24345","targetHints":{"allow":["GET"]}}],"collection":[{"href":"https:\/\/depodanmusteriye.com\/urunler\/wp-json\/wp\/v2\/product"}],"about":[{"href":"https:\/\/depodanmusteriye.com\/urunler\/wp-json\/wp\/v2\/types\/product"}],"replies":[{"embeddable":true,"href":"https:\/\/depodanmusteriye.com\/urunler\/wp-json\/wp\/v2\/comments?post=24345"}],"version-history":[{"count":0,"href":"https:\/\/depodanmusteriye.com\/urunler\/wp-json\/wp\/v2\/product\/24345\/revisions"}],"wp:featuredmedia":[{"embeddable":true,"href":"https:\/\/depodanmusteriye.com\/urunler\/wp-json\/wp\/v2\/media\/24344"}],"wp:attachment":[{"href":"https:\/\/depodanmusteriye.com\/urunler\/wp-json\/wp\/v2\/media?parent=24345"}],"wp:term":[{"taxonomy":"product_brand","embeddable":true,"href":"https:\/\/depodanmusteriye.com\/urunler\/wp-json\/wp\/v2\/product_brand?post=24345"},{"taxonomy":"product_cat","embeddable":true,"href":"https:\/\/depodanmusteriye.com\/urunler\/wp-json\/wp\/v2\/product_cat?post=24345"},{"taxonomy":"product_tag","embeddable":true,"href":"https:\/\/depodanmusteriye.com\/urunler\/wp-json\/wp\/v2\/product_tag?post=24345"}],"curies":[{"name":"wp","href":"https:\/\/api.w.org\/{rel}","templated":true}]}}