{"id":24200,"date":"2025-12-05T11:01:22","date_gmt":"2025-12-05T11:01:22","guid":{"rendered":"https:\/\/b2b.depodanmusteriye.com\/urun\/crocus-coklu-somon-karides-karides-yengec-kedi-odulu-30x15gr\/"},"modified":"2025-12-05T11:01:22","modified_gmt":"2025-12-05T11:01:22","slug":"crocus-coklu-somon-karides-karides-yengec-kedi-odulu-30x15gr","status":"publish","type":"product","link":"https:\/\/depodanmusteriye.com\/urunler\/urun\/crocus-coklu-somon-karides-karides-yengec-kedi-odulu-30x15gr\/","title":{"rendered":"Crocus \u00c7oklu Somon Karides &amp; Karides &amp; Yenge\u00e7 Kedi \u00d6d\u00fcl\u00fc 30x15gr"},"content":{"rendered":"<h4>\n<div><span style=\"font-size:13px\">\u00dcr\u00fcn: CROCUS MULTIPACK KREMA KED\u0130 \u00d6D\u00dcL\u00dc<\/span><\/div>\n<div><span style=\"font-size:13px\">\u00dcr\u00fcn\u00fcm\u00fcz, evcil hayvanlar i\u00e7in do\u011fal premium at\u0131\u015ft\u0131rmal\u0131klard\u0131r. A\u015fa\u011f\u0131daki bile\u015fime sahiptir:<\/span><\/div>\n<div><span style=\"font-size:13px\">\u0130\u00e7indekiler:<\/span><\/div>\n<div><span style=\"font-size:13px\">A\u015fa\u011f\u0131daki \u00fc\u00e7 \u00f6\u011fenin kar\u0131\u015f\u0131m\u0131:<\/span><\/div>\n<div><span style=\"font-size:13px\">Tavuk eti %38, karides eti %38, tapioka ni\u015fastas\u0131, tavuk ya\u011f\u0131, taurin, guar sak\u0131z\u0131, tuz, potasyum sorbat, E vitamini takviyesi, ye\u015fil \u00e7ay ekstresi, su<\/span><\/div>\n<div><span style=\"font-size:13px\">Somon eti %28, karides eti %28, tavuk eti %20, tapioka ni\u015fastas\u0131, tavuk ya\u011f\u0131, taurin, guar sak\u0131z\u0131, tuz, potasyum sorbat, E vitamini takviyesi, ye\u015fil \u00e7ay ekstresi, su<\/span><\/div>\n<div><span style=\"font-size:13px\">Tavuk eti %56, yenge\u00e7 eti %20, tapioka ni\u015fastas\u0131, tavuk ya\u011f\u0131, taurin, guar sak\u0131z\u0131, tuz, potasyum sorbat, E vitamini takviyesi, ye\u015fil \u00e7ay ekstresi, su&nbsp;<\/span><\/div>\n<div><span style=\"font-size:13px\">Analiz de\u011ferleri:&nbsp;<\/span><\/div>\n<div><span style=\"font-size:13px\">Ham Protein: En az %9.2<\/span><\/div>\n<div><span style=\"font-size:13px\">Ham Ya\u011f: En az %1.5<\/span><\/div>\n<div><span style=\"font-size:13px\">Ham K\u00fcl: En fazla %2.5<\/span><\/div>\n<div><span style=\"font-size:13px\">Ham Lif: En fazla %2<\/span><\/div>\n<div><span style=\"font-size:13px\">Nem: En fazla %83<\/span><\/div>\n<p><b>10 adet fiyat\u0131d\u0131r<\/b> <\/p>\n<p><p><b>\u00dcretici Markas\u0131 : CROCUS<\/b><\/p>\n<p><b>\u00dcretici Kodu : 8681085430801<\/b><\/p>\n<p><b>7 ADET F\u0130YATIDIR<\/b><\/p>\n<\/h4>\n<p><\/p>\n","protected":false},"excerpt":{"rendered":"<p>Crocus \u00c7oklu Somon Karides &amp; Karides &amp; Yenge\u00e7 Kedi \u00d6d\u00fcl\u00fc 30x15gr<\/p>\n","protected":false},"featured_media":24199,"comment_status":"open","ping_status":"closed","template":"","meta":[],"product_brand":[],"product_cat":[502,370],"product_tag":[6422,4212,1577,5084,1550,1756,1578,5003],"class_list":{"0":"post-24200","1":"product","2":"type-product","3":"status-publish","4":"has-post-thumbnail","6":"product_cat-kedi-odulu","7":"product_cat-pet-shop","8":"product_tag-30x15gr","9":"product_tag-coklu","10":"product_tag-crocus","11":"product_tag-karides","12":"product_tag-kedi","13":"product_tag-odulu","14":"product_tag-somon","15":"product_tag-yengec","17":"first","18":"instock","19":"taxable","20":"shipping-taxable","21":"purchasable","22":"product-type-simple"},"_links":{"self":[{"href":"https:\/\/depodanmusteriye.com\/urunler\/wp-json\/wp\/v2\/product\/24200","targetHints":{"allow":["GET"]}}],"collection":[{"href":"https:\/\/depodanmusteriye.com\/urunler\/wp-json\/wp\/v2\/product"}],"about":[{"href":"https:\/\/depodanmusteriye.com\/urunler\/wp-json\/wp\/v2\/types\/product"}],"replies":[{"embeddable":true,"href":"https:\/\/depodanmusteriye.com\/urunler\/wp-json\/wp\/v2\/comments?post=24200"}],"version-history":[{"count":0,"href":"https:\/\/depodanmusteriye.com\/urunler\/wp-json\/wp\/v2\/product\/24200\/revisions"}],"wp:featuredmedia":[{"embeddable":true,"href":"https:\/\/depodanmusteriye.com\/urunler\/wp-json\/wp\/v2\/media\/24199"}],"wp:attachment":[{"href":"https:\/\/depodanmusteriye.com\/urunler\/wp-json\/wp\/v2\/media?parent=24200"}],"wp:term":[{"taxonomy":"product_brand","embeddable":true,"href":"https:\/\/depodanmusteriye.com\/urunler\/wp-json\/wp\/v2\/product_brand?post=24200"},{"taxonomy":"product_cat","embeddable":true,"href":"https:\/\/depodanmusteriye.com\/urunler\/wp-json\/wp\/v2\/product_cat?post=24200"},{"taxonomy":"product_tag","embeddable":true,"href":"https:\/\/depodanmusteriye.com\/urunler\/wp-json\/wp\/v2\/product_tag?post=24200"}],"curies":[{"name":"wp","href":"https:\/\/api.w.org\/{rel}","templated":true}]}}