{"id":24072,"date":"2025-12-05T10:56:53","date_gmt":"2025-12-05T10:56:53","guid":{"rendered":"https:\/\/b2b.depodanmusteriye.com\/urun\/ista-atomizer-yedek-seramik-1216mm\/"},"modified":"2025-12-05T10:56:53","modified_gmt":"2025-12-05T10:56:53","slug":"ista-atomizer-yedek-seramik-1216mm","status":"publish","type":"product","link":"https:\/\/depodanmusteriye.com\/urunler\/urun\/ista-atomizer-yedek-seramik-1216mm\/","title":{"rendered":"Ista Atomizer Yedek Seramik 1216mm"},"content":{"rendered":"<h4>Ista Atomizer Yedek Seramik 1216mm <\/p>\n<p><b>1 adet fiyat\u0131d\u0131r<\/b> <\/p>\n<p><p><b>\u00dcretici Markas\u0131 : \u0130sta<\/b><\/p>\n<p><b>\u00dcretici Kodu : 691IF703<\/b><\/p>\n<p><b>1 ADET F\u0130YATIDIR<\/b><\/p>\n<\/h4>\n<p><\/p>\n","protected":false},"excerpt":{"rendered":"<p>Ista Atomizer Yedek Seramik 1216mm<\/p>\n","protected":false},"featured_media":24071,"comment_status":"open","ping_status":"closed","template":"","meta":[],"product_brand":[],"product_cat":[518,370],"product_tag":[6402,6401,1874,1758,1477],"class_list":{"0":"post-24072","1":"product","2":"type-product","3":"status-publish","4":"has-post-thumbnail","6":"product_cat-akvaryum-filtresi","7":"product_cat-pet-shop","8":"product_tag-1216mm","9":"product_tag-atomizer","10":"product_tag-ista","11":"product_tag-seramik","12":"product_tag-yedek","14":"first","15":"instock","16":"taxable","17":"shipping-taxable","18":"purchasable","19":"product-type-simple"},"_links":{"self":[{"href":"https:\/\/depodanmusteriye.com\/urunler\/wp-json\/wp\/v2\/product\/24072","targetHints":{"allow":["GET"]}}],"collection":[{"href":"https:\/\/depodanmusteriye.com\/urunler\/wp-json\/wp\/v2\/product"}],"about":[{"href":"https:\/\/depodanmusteriye.com\/urunler\/wp-json\/wp\/v2\/types\/product"}],"replies":[{"embeddable":true,"href":"https:\/\/depodanmusteriye.com\/urunler\/wp-json\/wp\/v2\/comments?post=24072"}],"version-history":[{"count":0,"href":"https:\/\/depodanmusteriye.com\/urunler\/wp-json\/wp\/v2\/product\/24072\/revisions"}],"wp:featuredmedia":[{"embeddable":true,"href":"https:\/\/depodanmusteriye.com\/urunler\/wp-json\/wp\/v2\/media\/24071"}],"wp:attachment":[{"href":"https:\/\/depodanmusteriye.com\/urunler\/wp-json\/wp\/v2\/media?parent=24072"}],"wp:term":[{"taxonomy":"product_brand","embeddable":true,"href":"https:\/\/depodanmusteriye.com\/urunler\/wp-json\/wp\/v2\/product_brand?post=24072"},{"taxonomy":"product_cat","embeddable":true,"href":"https:\/\/depodanmusteriye.com\/urunler\/wp-json\/wp\/v2\/product_cat?post=24072"},{"taxonomy":"product_tag","embeddable":true,"href":"https:\/\/depodanmusteriye.com\/urunler\/wp-json\/wp\/v2\/product_tag?post=24072"}],"curies":[{"name":"wp","href":"https:\/\/api.w.org\/{rel}","templated":true}]}}