{"id":23620,"date":"2025-12-05T10:40:15","date_gmt":"2025-12-05T10:40:15","guid":{"rendered":"https:\/\/b2b.depodanmusteriye.com\/urun\/pets-family-kus-mantar-30-ml-x-2-adet\/"},"modified":"2025-12-05T10:40:15","modified_gmt":"2025-12-05T10:40:15","slug":"pets-family-kus-mantar-30-ml-x-2-adet","status":"publish","type":"product","link":"https:\/\/depodanmusteriye.com\/urunler\/urun\/pets-family-kus-mantar-30-ml-x-2-adet\/","title":{"rendered":"PETS FAMILY KU\u015e-MANTAR 30 ML X 2 ADET"},"content":{"rendered":"<h4>\n<p>FUNGUS<\/p>\n<p>Bile\u015fimi Besinler Katk\u0131lar:Her 1000 ml. i\u00e7inde Niacin: 10 mg Ve dolgu maddesi<\/p>\n<p>KULLANIM \u015eEKL\u0130 VE TAR\u0130FNAMES\u0130<\/p>\n<p>Muhabbet Ku\u015fu, Papa\u011fan, Kanarya, G\u00fcvercin gibi evcil hayvanlarda\u00a0 Mantar g\u00f6r\u00fcld\u00fc\u011f\u00fcnde kullan\u0131l\u0131r.Kullanmadan \u00f6nce iyice \u00e7alkalanmal\u0131d\u0131r.<\/p>\n<p>KULLANIMI<\/p>\n<p>Muhabbet ku\u015fu, kanarya, saka gibi k\u00fc\u00e7\u00fck kafes ku\u015flar\u0131na 50ml. Sulu\u011fa 10 damla olarak; G\u00fcvercin, Papa\u011fan gibi b\u00fcy\u00fck kafes ku\u015flar\u0131na 50 ml. sulu\u011fa 15 damla olarak kullan\u0131l\u0131r.<\/p>\n<p>G\u00dcVENL\u0130KLE \u0130LG\u0130L\u0130 UYARILAR:<\/p>\n<p>\u00c7ocuklar\u0131n ula\u015famayaca\u011f\u0131 yerlerde, ambalaj i\u00e7inde g\u00fcne\u015f g\u00f6rmeyen yerde muhfaza ediniz. \u00c7ocuklar\u0131n ula\u015fam\u0131yaca\u011f\u0131 yerlerde, muhafaza ediniz.<\/p>\n<p>G\u0131da Tar\u0131m ve Hayvanc\u0131l\u0131k Bakanl\u0131\u011f\u0131 TR-4400021 onay numaral\u0131 05\/07\/2012 ruhsat onay tarihli \u00fcretim yerinde \u00fcretilmi\u015ftir.<\/p>\n<p>T\u0130CAR\u0130 TAKD\u0130M \u015eEKL\u0130:<\/p>\n<p>Kutu i\u00e7erisinde 30 ml damlal\u0131kl\u0131 plastik \u015fi\u015felerde.<\/p>\n<p>EN UYGUN KULLANIM<\/p>\n<p>\u00dcretim tarihinden itibaren 36 ayd\u0131r.<\/p>\n<p><b>2 adet fiyat\u0131d\u0131r<\/b> <\/p>\n<\/p>\n<p><b>\u00dcretici Markas\u0131 : PETS FAMILY<\/b><\/p>\n<p><b>\u00dcretici Kodu : 8681085425104_2SET<\/b><\/p>\n<p><b>1 ADET F\u0130YATIDIR<\/b><\/p>\n<\/h4>\n<p><\/p>\n","protected":false},"excerpt":{"rendered":"<p>PETS FAMILY KU\u015e-MANTAR 30 ML X 2 ADET<\/p>\n","protected":false},"featured_media":23619,"comment_status":"open","ping_status":"closed","template":"","meta":[],"product_brand":[],"product_cat":[537,370],"product_tag":[1613,2426,1301,1709,6322,1581,1708,1595],"class_list":{"0":"post-23620","1":"product","2":"type-product","3":"status-publish","4":"has-post-thumbnail","6":"product_cat-kus-sagligi-urunu","7":"product_cat-pet-shop","8":"product_tag-1613","9":"product_tag-2426","10":"product_tag-adet","11":"product_tag-family","12":"product_tag-kus-mantar","13":"product_tag-ml","14":"product_tag-pets","15":"product_tag-x","17":"first","18":"instock","19":"taxable","20":"shipping-taxable","21":"purchasable","22":"product-type-simple"},"_links":{"self":[{"href":"https:\/\/depodanmusteriye.com\/urunler\/wp-json\/wp\/v2\/product\/23620","targetHints":{"allow":["GET"]}}],"collection":[{"href":"https:\/\/depodanmusteriye.com\/urunler\/wp-json\/wp\/v2\/product"}],"about":[{"href":"https:\/\/depodanmusteriye.com\/urunler\/wp-json\/wp\/v2\/types\/product"}],"replies":[{"embeddable":true,"href":"https:\/\/depodanmusteriye.com\/urunler\/wp-json\/wp\/v2\/comments?post=23620"}],"version-history":[{"count":0,"href":"https:\/\/depodanmusteriye.com\/urunler\/wp-json\/wp\/v2\/product\/23620\/revisions"}],"wp:featuredmedia":[{"embeddable":true,"href":"https:\/\/depodanmusteriye.com\/urunler\/wp-json\/wp\/v2\/media\/23619"}],"wp:attachment":[{"href":"https:\/\/depodanmusteriye.com\/urunler\/wp-json\/wp\/v2\/media?parent=23620"}],"wp:term":[{"taxonomy":"product_brand","embeddable":true,"href":"https:\/\/depodanmusteriye.com\/urunler\/wp-json\/wp\/v2\/product_brand?post=23620"},{"taxonomy":"product_cat","embeddable":true,"href":"https:\/\/depodanmusteriye.com\/urunler\/wp-json\/wp\/v2\/product_cat?post=23620"},{"taxonomy":"product_tag","embeddable":true,"href":"https:\/\/depodanmusteriye.com\/urunler\/wp-json\/wp\/v2\/product_tag?post=23620"}],"curies":[{"name":"wp","href":"https:\/\/api.w.org\/{rel}","templated":true}]}}