{"id":23592,"date":"2025-12-05T10:39:22","date_gmt":"2025-12-05T10:39:22","guid":{"rendered":"https:\/\/b2b.depodanmusteriye.com\/urun\/garden-mix-tavuk-budu-kopek-odulu-75-gr-x-4-adet\/"},"modified":"2025-12-05T10:39:22","modified_gmt":"2025-12-05T10:39:22","slug":"garden-mix-tavuk-budu-kopek-odulu-75-gr-x-4-adet","status":"publish","type":"product","link":"https:\/\/depodanmusteriye.com\/urunler\/urun\/garden-mix-tavuk-budu-kopek-odulu-75-gr-x-4-adet\/","title":{"rendered":"GARDEN MIX TAVUK BUDU K\u00d6PEK \u00d6D\u00dcL\u00dc 75 GR X 4 ADET"},"content":{"rendered":"<h4>\n<ul>\n<li><span style=\"font-size:14px\"><strong>Kullan\u0131m 2 aydan b\u00fcy\u00fck k\u00f6pekler i\u00e7indir. \u0130nsan t\u00fcketimi i\u00e7in uygun de\u011fildir.<\/strong><\/span><\/li>\n<li><span style=\"font-size:14px\"><strong>Raf \u00f6mr\u00fc \/ son kullan\u0131m tarihi:\u00a0\u00a0\u00a0 \u00dcretim tarihinden itibaren 24 ay<\/strong><\/span><\/li>\n<li><span style=\"font-size:14px\"><strong>KULLANIM: K\u00f6pekler i\u00e7in \u00f6d\u00fcl olarak diledi\u011finiz kadar verebilirsiniz. E\u011fitim i\u00e7in \u00f6d\u00fcl olarak verilebilir. <\/strong><\/span><\/li>\n<li><span style=\"font-size:14px\"><strong>SAKLAMA KO\u015eULLARI: Oda s\u0131cakl\u0131\u011f\u0131nda, kuru bir yerde saklay\u0131n\u0131z. <\/strong><\/span><\/li>\n<\/ul>\n<p style=\"margin-left:11.0pt\">\u00a0<\/p>\n<p><b>4 adet fiyat\u0131d\u0131r<\/b> <\/p>\n<p><p><b>\u00dcretici Markas\u0131 : GARDEN MI<\/b><\/p>\n<p><b>\u00dcretici Kodu : 59031012131_4SET<\/b><\/p>\n<p><b>1 ADET F\u0130YATIDIR<\/b><\/p>\n<\/h4>\n<p><\/p>\n","protected":false},"excerpt":{"rendered":"<p>GARDEN MIX TAVUK BUDU K\u00d6PEK \u00d6D\u00dcL\u00dc 75 GR X 4 ADET<\/p>\n","protected":false},"featured_media":23591,"comment_status":"open","ping_status":"closed","template":"","meta":[],"product_brand":[],"product_cat":[542,370],"product_tag":[1058,1107,1301,6189,4484,1563,1491,1657,1756,1605,1595],"class_list":{"0":"post-23592","1":"product","2":"type-product","3":"status-publish","4":"has-post-thumbnail","6":"product_cat-kopek-odulu","7":"product_cat-pet-shop","8":"product_tag-1058","9":"product_tag-1107","10":"product_tag-adet","11":"product_tag-budu","12":"product_tag-garden","13":"product_tag-gr","14":"product_tag-kopek","15":"product_tag-mix","16":"product_tag-odulu","17":"product_tag-tavuk","18":"product_tag-x","20":"first","21":"instock","22":"taxable","23":"shipping-taxable","24":"purchasable","25":"product-type-simple"},"_links":{"self":[{"href":"https:\/\/depodanmusteriye.com\/urunler\/wp-json\/wp\/v2\/product\/23592","targetHints":{"allow":["GET"]}}],"collection":[{"href":"https:\/\/depodanmusteriye.com\/urunler\/wp-json\/wp\/v2\/product"}],"about":[{"href":"https:\/\/depodanmusteriye.com\/urunler\/wp-json\/wp\/v2\/types\/product"}],"replies":[{"embeddable":true,"href":"https:\/\/depodanmusteriye.com\/urunler\/wp-json\/wp\/v2\/comments?post=23592"}],"version-history":[{"count":0,"href":"https:\/\/depodanmusteriye.com\/urunler\/wp-json\/wp\/v2\/product\/23592\/revisions"}],"wp:featuredmedia":[{"embeddable":true,"href":"https:\/\/depodanmusteriye.com\/urunler\/wp-json\/wp\/v2\/media\/23591"}],"wp:attachment":[{"href":"https:\/\/depodanmusteriye.com\/urunler\/wp-json\/wp\/v2\/media?parent=23592"}],"wp:term":[{"taxonomy":"product_brand","embeddable":true,"href":"https:\/\/depodanmusteriye.com\/urunler\/wp-json\/wp\/v2\/product_brand?post=23592"},{"taxonomy":"product_cat","embeddable":true,"href":"https:\/\/depodanmusteriye.com\/urunler\/wp-json\/wp\/v2\/product_cat?post=23592"},{"taxonomy":"product_tag","embeddable":true,"href":"https:\/\/depodanmusteriye.com\/urunler\/wp-json\/wp\/v2\/product_tag?post=23592"}],"curies":[{"name":"wp","href":"https:\/\/api.w.org\/{rel}","templated":true}]}}